{"id":122887,"date":"2026-03-12T14:37:00","date_gmt":"2026-03-12T11:37:00","guid":{"rendered":"https:\/\/rst-steel.com\/product\/ozz-xb1-p20%e2%80%b3-led-light-bar_prm_79525\/"},"modified":"2026-03-16T09:20:50","modified_gmt":"2026-03-16T06:20:50","slug":"ozz-xb1-p20%e2%80%b3-led-light-bar_prm_79525","status":"publish","type":"product","link":"https:\/\/com.rst-steel.eu\/nb\/produkt\/ozz-xb1-p20%e2%80%b3-led-light-bar_prm_79525\/","title":{"rendered":"OZZ XB1 P20\u2033 LED Light Bar"},"content":{"rendered":"<p><span style=\"font-weight: bold;\">OZZ XB1 P20\u2033 LED Light Bar<\/span><\/p>\n<p>The OZZ XB1 P20\u2033 dynamic LED light bar brings a modern and stylish look to your vehicle with a dynamic dual position light that switches between white and amber. The light bar provides a wide, long-reaching beam pattern, improving visibility in all driving conditions.<\/p>\n<ul>\n<li><\/li>\n<\/ul>\n<p><span style=\"font-weight: bold;\">Tekniske spesifikasjoner:<\/span><\/p>\n<ul>\n<li>Voltage: 10-32V DC<\/li>\n<li><span style=\"font-weight: bold;\">Actual power:<\/span><\/li>\n<li>12 V R112: 77 W \/ Boost: 98 W<\/li>\n<li>24 V R112: 73 W \/ Boost: 109 W<\/li>\n<li>Theoretical luminous flux: 11,200 lm<\/li>\n<li>Measured luminous flux: R112: 4,900 lm \/ Boost: 7,000 lm<\/li>\n<li>Light output: 1 lux @ 480 m (R112) \/ 1 lux @ 590 m (Boost)<\/li>\n<li>Color temperature: 5000 K<\/li>\n<li>IP rating: IP68 \/ IP69K<\/li>\n<li>Connector and cable: 4-pin DT connector, 1000 mm cable<\/li>\n<li>Referansenummer: 50<\/li>\n<li>Approvals: ECE R112 \/ R7 \/ R10<\/li>\n<li><\/li>\n<\/ul>\n<p><span style=\"font-weight: bold;\">Dimensjoner:<\/span><\/p>\n<ul>\n<li>Height: 64.6 mm<\/li>\n<li>Width: 544 mm<\/li>\n<li>Length: 544 mm<\/li>\n<li>Depth: 70 mm<\/li>\n<\/ul>","protected":false},"excerpt":{"rendered":"<p>Modern LED light bar for improved visibility.<\/p>","protected":false},"featured_media":122883,"comment_status":"open","ping_status":"closed","template":"","meta":{"_improvement_type_select":"improve_an_existing","_thumb_yes_seoaic":false,"_frame_yes_seoaic":false,"seoaic_generate_description":"","seoaic_improve_instructions_prompt":"","seoaic_rollback_content_improvement":"","seoaic_idea_thumbnail_generator":"","thumbnail_generated":false,"thumbnail_generate_prompt":"","seoaic_article_description":""},"make_fuel_type":[],"make_model":[],"make_brand":[],"make_year":[],"pwb-brand":[8337],"product_brand":[],"product_cat":[8223,6195,6209],"product_tag":[8498,8496,8495],"class_list":{"0":"post-122887","1":"product","2":"type-product","3":"status-publish","4":"has-post-thumbnail","6":"pwb-brand-brand_ozz","7":"product_cat-rstozz","8":"product_cat-lamps","9":"product_cat-auxiliary-lights","10":"product_tag-auxiliary-light","11":"product_tag-light-bar","12":"product_tag-ozz","14":"first","15":"onbackorder","16":"taxable","17":"shipping-taxable","18":"purchasable","19":"product-type-variable"},"yoast_head":"<!-- This site is optimized with the Yoast SEO plugin v25.7 - https:\/\/yoast.com\/wordpress\/plugins\/seo\/ -->\n<title>OZZ XB1 P20\u2033 LED Light Bar - RST-Steel<\/title>\n<meta name=\"description\" content=\"OZZ XB1 P20\u2033 LED Light Bar \u2013 powerful vehicle LED light with wide, bright beam. Enhances visibility in dark conditions, durable design, easy to install.\" \/>\n<meta name=\"robots\" content=\"index, follow, max-snippet:-1, max-image-preview:large, max-video-preview:-1\" \/>\n<link rel=\"canonical\" href=\"https:\/\/com.rst-steel.eu\/nb\/produkt\/ozz-xb1-p20\u2033-led-light-bar_prm_79525\/\" \/>\n<meta property=\"og:locale\" content=\"nb_NO\" \/>\n<meta property=\"og:type\" content=\"article\" \/>\n<meta property=\"og:title\" content=\"OZZ XB1 P20\u2033 LED Light Bar - RST-Steel\" \/>\n<meta property=\"og:description\" content=\"OZZ XB1 P20\u2033 LED Light Bar \u2013 powerful vehicle LED light with wide, bright beam. Enhances visibility in dark conditions, durable design, easy to install.\" \/>\n<meta property=\"og:url\" content=\"https:\/\/com.rst-steel.eu\/nb\/produkt\/ozz-xb1-p20\u2033-led-light-bar_prm_79525\/\" \/>\n<meta property=\"og:site_name\" content=\"RST-Steel\" \/>\n<meta property=\"article:publisher\" content=\"https:\/\/www.facebook.com\/rststeel\" \/>\n<meta property=\"article:modified_time\" content=\"2026-03-16T06:20:50+00:00\" \/>\n<meta property=\"og:image\" content=\"https:\/\/com.rst-steel.eu\/wp-content\/uploads\/2026\/03\/24ddb5f6acda3b02f832ba57ebe219aad95d633d_88201_a.jpg\" \/>\n\t<meta property=\"og:image:width\" content=\"700\" \/>\n\t<meta property=\"og:image:height\" content=\"525\" \/>\n\t<meta property=\"og:image:type\" content=\"image\/jpeg\" \/>\n<meta name=\"twitter:card\" content=\"summary_large_image\" \/>\n<meta name=\"twitter:label1\" content=\"Ansl. lesetid\" \/>\n\t<meta name=\"twitter:data1\" content=\"1 minutt\" \/>\n<script type=\"application\/ld+json\" class=\"yoast-schema-graph\">{\"@context\":\"https:\/\/schema.org\",\"@graph\":[{\"@type\":\"WebPage\",\"@id\":\"https:\/\/com.rst-steel.eu\/product\/ozz-xb1-p20%e2%80%b3-led-light-bar_prm_79525\/\",\"url\":\"https:\/\/com.rst-steel.eu\/product\/ozz-xb1-p20%e2%80%b3-led-light-bar_prm_79525\/\",\"name\":\"OZZ XB1 P20\u2033 LED Light Bar - RST-Steel\",\"isPartOf\":{\"@id\":\"https:\/\/com.rst-steel.eu\/#website\"},\"primaryImageOfPage\":{\"@id\":\"https:\/\/com.rst-steel.eu\/product\/ozz-xb1-p20%e2%80%b3-led-light-bar_prm_79525\/#primaryimage\"},\"image\":{\"@id\":\"https:\/\/com.rst-steel.eu\/product\/ozz-xb1-p20%e2%80%b3-led-light-bar_prm_79525\/#primaryimage\"},\"thumbnailUrl\":\"https:\/\/com.rst-steel.eu\/wp-content\/uploads\/2026\/03\/24ddb5f6acda3b02f832ba57ebe219aad95d633d_88201_a.jpg\",\"datePublished\":\"2026-03-12T11:37:00+00:00\",\"dateModified\":\"2026-03-16T06:20:50+00:00\",\"description\":\"OZZ XB1 P20\u2033 LED Light Bar \u2013 powerful vehicle LED light with wide, bright beam. Enhances visibility in dark conditions, durable design, easy to install.\",\"breadcrumb\":{\"@id\":\"https:\/\/com.rst-steel.eu\/product\/ozz-xb1-p20%e2%80%b3-led-light-bar_prm_79525\/#breadcrumb\"},\"inLanguage\":\"nb-NO\",\"potentialAction\":[{\"@type\":\"ReadAction\",\"target\":[\"https:\/\/com.rst-steel.eu\/product\/ozz-xb1-p20%e2%80%b3-led-light-bar_prm_79525\/\"]}]},{\"@type\":\"ImageObject\",\"inLanguage\":\"nb-NO\",\"@id\":\"https:\/\/com.rst-steel.eu\/product\/ozz-xb1-p20%e2%80%b3-led-light-bar_prm_79525\/#primaryimage\",\"url\":\"https:\/\/com.rst-steel.eu\/wp-content\/uploads\/2026\/03\/24ddb5f6acda3b02f832ba57ebe219aad95d633d_88201_a.jpg\",\"contentUrl\":\"https:\/\/com.rst-steel.eu\/wp-content\/uploads\/2026\/03\/24ddb5f6acda3b02f832ba57ebe219aad95d633d_88201_a.jpg\",\"width\":700,\"height\":525,\"caption\":\"OZZ XB1 P20\u2033 LED Light Bar\"},{\"@type\":\"BreadcrumbList\",\"@id\":\"https:\/\/com.rst-steel.eu\/product\/ozz-xb1-p20%e2%80%b3-led-light-bar_prm_79525\/#breadcrumb\",\"itemListElement\":[{\"@type\":\"ListItem\",\"position\":1,\"name\":\"Home\",\"item\":\"https:\/\/com.rst-steel.eu\/\"},{\"@type\":\"ListItem\",\"position\":2,\"name\":\"RST-Steel Shop\",\"item\":\"https:\/\/com.rst-steel.eu\/shop\/\"},{\"@type\":\"ListItem\",\"position\":3,\"name\":\"OZZ XB1 P20\u2033 LED Light Bar\"}]},{\"@type\":\"WebSite\",\"@id\":\"https:\/\/com.rst-steel.eu\/#website\",\"url\":\"https:\/\/com.rst-steel.eu\/\",\"name\":\"RST-Steel.com\",\"description\":\"Finnish quality steel, for quality-conscious drivers\",\"publisher\":{\"@id\":\"https:\/\/com.rst-steel.eu\/#organization\"},\"alternateName\":\"Safe and stylish RST-Steel quality\",\"potentialAction\":[{\"@type\":\"SearchAction\",\"target\":{\"@type\":\"EntryPoint\",\"urlTemplate\":\"https:\/\/com.rst-steel.eu\/?s={search_term_string}\"},\"query-input\":{\"@type\":\"PropertyValueSpecification\",\"valueRequired\":true,\"valueName\":\"search_term_string\"}}],\"inLanguage\":\"nb-NO\"},{\"@type\":\"Organization\",\"@id\":\"https:\/\/com.rst-steel.eu\/#organization\",\"name\":\"RST-Steel Oy\",\"url\":\"https:\/\/com.rst-steel.eu\/\",\"logo\":{\"@type\":\"ImageObject\",\"inLanguage\":\"nb-NO\",\"@id\":\"https:\/\/com.rst-steel.eu\/#\/schema\/logo\/image\/\",\"url\":\"https:\/\/com.rst-steel.eu\/wp-content\/uploads\/2023\/04\/cropped-Rst-logo-valkoinen-teksti-3.png\",\"contentUrl\":\"https:\/\/com.rst-steel.eu\/wp-content\/uploads\/2023\/04\/cropped-Rst-logo-valkoinen-teksti-3.png\",\"width\":512,\"height\":115,\"caption\":\"RST-Steel Oy\"},\"image\":{\"@id\":\"https:\/\/com.rst-steel.eu\/#\/schema\/logo\/image\/\"},\"sameAs\":[\"https:\/\/www.facebook.com\/rststeel\",\"https:\/\/www.instagram.com\/rststeeloy\/\"]}]}<\/script>\n<!-- \/ Yoast SEO plugin. -->","yoast_head_json":{"title":"OZZ XB1 P20\u2033 LED Light Bar - RST-Steel","description":"OZZ XB1 P20\u2033 LED Light Bar \u2013 powerful vehicle LED light with wide, bright beam. Enhances visibility in dark conditions, durable design, easy to install.","robots":{"index":"index","follow":"follow","max-snippet":"max-snippet:-1","max-image-preview":"max-image-preview:large","max-video-preview":"max-video-preview:-1"},"canonical":"https:\/\/com.rst-steel.eu\/nb\/produkt\/ozz-xb1-p20\u2033-led-light-bar_prm_79525\/","og_locale":"nb_NO","og_type":"article","og_title":"OZZ XB1 P20\u2033 LED Light Bar - RST-Steel","og_description":"OZZ XB1 P20\u2033 LED Light Bar \u2013 powerful vehicle LED light with wide, bright beam. Enhances visibility in dark conditions, durable design, easy to install.","og_url":"https:\/\/com.rst-steel.eu\/nb\/produkt\/ozz-xb1-p20\u2033-led-light-bar_prm_79525\/","og_site_name":"RST-Steel","article_publisher":"https:\/\/www.facebook.com\/rststeel","article_modified_time":"2026-03-16T06:20:50+00:00","og_image":[{"width":700,"height":525,"url":"https:\/\/com.rst-steel.eu\/wp-content\/uploads\/2026\/03\/24ddb5f6acda3b02f832ba57ebe219aad95d633d_88201_a.jpg","type":"image\/jpeg"}],"twitter_card":"summary_large_image","twitter_misc":{"Ansl. lesetid":"1 minutt"},"schema":{"@context":"https:\/\/schema.org","@graph":[{"@type":"WebPage","@id":"https:\/\/com.rst-steel.eu\/product\/ozz-xb1-p20%e2%80%b3-led-light-bar_prm_79525\/","url":"https:\/\/com.rst-steel.eu\/product\/ozz-xb1-p20%e2%80%b3-led-light-bar_prm_79525\/","name":"OZZ XB1 P20\u2033 LED Light Bar - RST-Steel","isPartOf":{"@id":"https:\/\/com.rst-steel.eu\/#website"},"primaryImageOfPage":{"@id":"https:\/\/com.rst-steel.eu\/product\/ozz-xb1-p20%e2%80%b3-led-light-bar_prm_79525\/#primaryimage"},"image":{"@id":"https:\/\/com.rst-steel.eu\/product\/ozz-xb1-p20%e2%80%b3-led-light-bar_prm_79525\/#primaryimage"},"thumbnailUrl":"https:\/\/com.rst-steel.eu\/wp-content\/uploads\/2026\/03\/24ddb5f6acda3b02f832ba57ebe219aad95d633d_88201_a.jpg","datePublished":"2026-03-12T11:37:00+00:00","dateModified":"2026-03-16T06:20:50+00:00","description":"OZZ XB1 P20\u2033 LED Light Bar \u2013 powerful vehicle LED light with wide, bright beam. Enhances visibility in dark conditions, durable design, easy to install.","breadcrumb":{"@id":"https:\/\/com.rst-steel.eu\/product\/ozz-xb1-p20%e2%80%b3-led-light-bar_prm_79525\/#breadcrumb"},"inLanguage":"nb-NO","potentialAction":[{"@type":"ReadAction","target":["https:\/\/com.rst-steel.eu\/product\/ozz-xb1-p20%e2%80%b3-led-light-bar_prm_79525\/"]}]},{"@type":"ImageObject","inLanguage":"nb-NO","@id":"https:\/\/com.rst-steel.eu\/product\/ozz-xb1-p20%e2%80%b3-led-light-bar_prm_79525\/#primaryimage","url":"https:\/\/com.rst-steel.eu\/wp-content\/uploads\/2026\/03\/24ddb5f6acda3b02f832ba57ebe219aad95d633d_88201_a.jpg","contentUrl":"https:\/\/com.rst-steel.eu\/wp-content\/uploads\/2026\/03\/24ddb5f6acda3b02f832ba57ebe219aad95d633d_88201_a.jpg","width":700,"height":525,"caption":"OZZ XB1 P20\u2033 LED Light Bar"},{"@type":"BreadcrumbList","@id":"https:\/\/com.rst-steel.eu\/product\/ozz-xb1-p20%e2%80%b3-led-light-bar_prm_79525\/#breadcrumb","itemListElement":[{"@type":"ListItem","position":1,"name":"Home","item":"https:\/\/com.rst-steel.eu\/"},{"@type":"ListItem","position":2,"name":"RST-Steel Shop","item":"https:\/\/com.rst-steel.eu\/shop\/"},{"@type":"ListItem","position":3,"name":"OZZ XB1 P20\u2033 LED Light Bar"}]},{"@type":"WebSite","@id":"https:\/\/com.rst-steel.eu\/#website","url":"https:\/\/com.rst-steel.eu\/","name":"RST-Steel.com","description":"Finsk kvalitetsst\u00e5l, for kvalitetsbevisste sj\u00e5f\u00f8rer","publisher":{"@id":"https:\/\/com.rst-steel.eu\/#organization"},"alternateName":"Safe and stylish RST-Steel quality","potentialAction":[{"@type":"SearchAction","target":{"@type":"EntryPoint","urlTemplate":"https:\/\/com.rst-steel.eu\/?s={search_term_string}"},"query-input":{"@type":"PropertyValueSpecification","valueRequired":true,"valueName":"search_term_string"}}],"inLanguage":"nb-NO"},{"@type":"Organization","@id":"https:\/\/com.rst-steel.eu\/#organization","name":"RST-Steel Oy","url":"https:\/\/com.rst-steel.eu\/","logo":{"@type":"ImageObject","inLanguage":"nb-NO","@id":"https:\/\/com.rst-steel.eu\/#\/schema\/logo\/image\/","url":"https:\/\/com.rst-steel.eu\/wp-content\/uploads\/2023\/04\/cropped-Rst-logo-valkoinen-teksti-3.png","contentUrl":"https:\/\/com.rst-steel.eu\/wp-content\/uploads\/2023\/04\/cropped-Rst-logo-valkoinen-teksti-3.png","width":512,"height":115,"caption":"RST-Steel Oy"},"image":{"@id":"https:\/\/com.rst-steel.eu\/#\/schema\/logo\/image\/"},"sameAs":["https:\/\/www.facebook.com\/rststeel","https:\/\/www.instagram.com\/rststeeloy\/"]}]}},"brands":[{"id":8337,"name":"OZZ","slug":"brand_ozz"}],"_links":{"self":[{"href":"https:\/\/com.rst-steel.eu\/nb\/wp-json\/wp\/v2\/product\/122887","targetHints":{"allow":["GET"]}}],"collection":[{"href":"https:\/\/com.rst-steel.eu\/nb\/wp-json\/wp\/v2\/product"}],"about":[{"href":"https:\/\/com.rst-steel.eu\/nb\/wp-json\/wp\/v2\/types\/product"}],"replies":[{"embeddable":true,"href":"https:\/\/com.rst-steel.eu\/nb\/wp-json\/wp\/v2\/comments?post=122887"}],"version-history":[{"count":0,"href":"https:\/\/com.rst-steel.eu\/nb\/wp-json\/wp\/v2\/product\/122887\/revisions"}],"wp:featuredmedia":[{"embeddable":true,"href":"https:\/\/com.rst-steel.eu\/nb\/wp-json\/wp\/v2\/media\/122883"}],"wp:attachment":[{"href":"https:\/\/com.rst-steel.eu\/nb\/wp-json\/wp\/v2\/media?parent=122887"}],"wp:term":[{"taxonomy":"make_fuel_type","embeddable":true,"href":"https:\/\/com.rst-steel.eu\/nb\/wp-json\/wp\/v2\/make_fuel_type?post=122887"},{"taxonomy":"make_model","embeddable":true,"href":"https:\/\/com.rst-steel.eu\/nb\/wp-json\/wp\/v2\/make_model?post=122887"},{"taxonomy":"make_brand","embeddable":true,"href":"https:\/\/com.rst-steel.eu\/nb\/wp-json\/wp\/v2\/make_brand?post=122887"},{"taxonomy":"make_year","embeddable":true,"href":"https:\/\/com.rst-steel.eu\/nb\/wp-json\/wp\/v2\/make_year?post=122887"},{"taxonomy":"pwb-brand","embeddable":true,"href":"https:\/\/com.rst-steel.eu\/nb\/wp-json\/wp\/v2\/pwb-brand?post=122887"},{"taxonomy":"product_brand","embeddable":true,"href":"https:\/\/com.rst-steel.eu\/nb\/wp-json\/wp\/v2\/product_brand?post=122887"},{"taxonomy":"product_cat","embeddable":true,"href":"https:\/\/com.rst-steel.eu\/nb\/wp-json\/wp\/v2\/product_cat?post=122887"},{"taxonomy":"product_tag","embeddable":true,"href":"https:\/\/com.rst-steel.eu\/nb\/wp-json\/wp\/v2\/product_tag?post=122887"}],"curies":[{"name":"wp","href":"https:\/\/api.w.org\/{rel}","templated":true}]}}