{"id":122879,"date":"2026-03-12T14:36:30","date_gmt":"2026-03-12T11:36:30","guid":{"rendered":"https:\/\/rst-steel.com\/product\/lisavalopaneeli-ozz-xb1-p40%e2%80%b3_prm_79524\/"},"modified":"2026-03-16T09:20:49","modified_gmt":"2026-03-16T06:20:49","slug":"lisavalopaneeli-ozz-xb1-p40%e2%80%b3_prm_79524","status":"publish","type":"product","link":"https:\/\/com.rst-steel.eu\/nb\/produkt\/lisavalopaneeli-ozz-xb1-p40%e2%80%b3_prm_79524\/","title":{"rendered":"OZZ XB1 P40\u2033 Light Bar"},"content":{"rendered":"<p><strong>OZZ XB1 P40\u2033 Light Bar<\/strong><\/p>\n<p>The OZZ XB1 P40\u2033 LED light bar is designed to enhance your vehicle\u2019s safety and appearance. It integrates seamlessly with OZZ\u2019s lighting range, offering both style and functionality. The light bar features the signature OZZ dual position light with dynamic start-up in white and amber, and it is built to withstand demanding conditions with an aluminum chassis, polycarbonate lens, and stainless steel brackets.<\/p>\n<ul>\n<li><\/li>\n<\/ul>\n<p><span style=\"font-weight: bold;\">Tekniske spesifikasjoner:<\/span><\/p>\n<ul>\n<li><span style=\"font-weight: bold;\">Actual power:<\/span><\/li>\n<li>12 V R112: 80 W \/ Boost: 198 W<\/li>\n<li>24 V R112: 80 W \/ Boost: 198 W<\/li>\n<li>Theoretical luminous flux: 27,000 lm<\/li>\n<li>Measured luminous flux: R112: 10,800 lm \/ Boost: 16,000 lm<\/li>\n<li>Light output: 1 lux @ 480 m (R112) \/ 1 lux @ 850 m (Boost)<\/li>\n<li>Color temperature: 5000 K<\/li>\n<li>IP rating: IP68 \/ IP69K<\/li>\n<li>Connector and cable: 2-pin DTP connector, 2700 mm cable<\/li>\n<li>Referansenummer: 50<\/li>\n<li>Approvals: ECE R112 \/ R7 \/ R10<\/li>\n<li><\/li>\n<\/ul>\n<p><span style=\"font-weight: bold;\">Dimensjoner:<\/span><\/p>\n<ul>\n<li>Height: 65.4 mm<\/li>\n<li>Width: 1003 mm<\/li>\n<li>Length: 1003 mm<\/li>\n<li>Depth: 70 mm<\/li>\n<\/ul>","protected":false},"excerpt":{"rendered":"<p>Sleek, durable LED light bar enhancing your vehicle\u2019s safety and visibility.<\/p>","protected":false},"featured_media":122875,"comment_status":"open","ping_status":"closed","template":"","meta":{"_improvement_type_select":"improve_an_existing","_thumb_yes_seoaic":false,"_frame_yes_seoaic":false,"seoaic_generate_description":"","seoaic_improve_instructions_prompt":"","seoaic_rollback_content_improvement":"","seoaic_idea_thumbnail_generator":"","thumbnail_generated":false,"thumbnail_generate_prompt":"","seoaic_article_description":""},"make_fuel_type":[],"make_model":[],"make_brand":[],"make_year":[],"pwb-brand":[8337],"product_brand":[],"product_cat":[8223,6195,6209],"product_tag":[8498,8496,8495],"class_list":{"0":"post-122879","1":"product","2":"type-product","3":"status-publish","4":"has-post-thumbnail","6":"pwb-brand-brand_ozz","7":"product_cat-rstozz","8":"product_cat-lamps","9":"product_cat-auxiliary-lights","10":"product_tag-auxiliary-light","11":"product_tag-light-bar","12":"product_tag-ozz","14":"first","15":"onbackorder","16":"taxable","17":"shipping-taxable","18":"purchasable","19":"product-type-variable"},"yoast_head":"<!-- This site is optimized with the Yoast SEO plugin v25.7 - https:\/\/yoast.com\/wordpress\/plugins\/seo\/ -->\n<title>OZZ XB1 P40\u2033 Light Bar - RST-Steel<\/title>\n<meta name=\"description\" content=\"OZZ XB1 P40\u2033 Light Bar \u2013 powerful LED light for vehicles. Wide, bright beam improves visibility in the dark, durable design, and easy to install.\" \/>\n<meta name=\"robots\" content=\"index, follow, max-snippet:-1, max-image-preview:large, max-video-preview:-1\" \/>\n<link rel=\"canonical\" href=\"https:\/\/com.rst-steel.eu\/nb\/produkt\/lisavalopaneeli-ozz-xb1-p40\u2033_prm_79524\/\" \/>\n<meta property=\"og:locale\" content=\"nb_NO\" \/>\n<meta property=\"og:type\" content=\"article\" \/>\n<meta property=\"og:title\" content=\"OZZ XB1 P40\u2033 Light Bar - RST-Steel\" \/>\n<meta property=\"og:description\" content=\"OZZ XB1 P40\u2033 Light Bar \u2013 powerful LED light for vehicles. Wide, bright beam improves visibility in the dark, durable design, and easy to install.\" \/>\n<meta property=\"og:url\" content=\"https:\/\/com.rst-steel.eu\/nb\/produkt\/lisavalopaneeli-ozz-xb1-p40\u2033_prm_79524\/\" \/>\n<meta property=\"og:site_name\" content=\"RST-Steel\" \/>\n<meta property=\"article:publisher\" content=\"https:\/\/www.facebook.com\/rststeel\" \/>\n<meta property=\"article:modified_time\" content=\"2026-03-16T06:20:49+00:00\" \/>\n<meta property=\"og:image\" content=\"https:\/\/com.rst-steel.eu\/wp-content\/uploads\/2026\/03\/455f1b9c2703c3a1ea92cdff420adda03b695e70_88213_b.jpg\" \/>\n\t<meta property=\"og:image:width\" content=\"700\" \/>\n\t<meta property=\"og:image:height\" content=\"525\" \/>\n\t<meta property=\"og:image:type\" content=\"image\/jpeg\" \/>\n<meta name=\"twitter:card\" content=\"summary_large_image\" \/>\n<meta name=\"twitter:label1\" content=\"Ansl. lesetid\" \/>\n\t<meta name=\"twitter:data1\" content=\"1 minutt\" \/>\n<script type=\"application\/ld+json\" class=\"yoast-schema-graph\">{\"@context\":\"https:\/\/schema.org\",\"@graph\":[{\"@type\":\"WebPage\",\"@id\":\"https:\/\/com.rst-steel.eu\/product\/lisavalopaneeli-ozz-xb1-p40%e2%80%b3_prm_79524\/\",\"url\":\"https:\/\/com.rst-steel.eu\/product\/lisavalopaneeli-ozz-xb1-p40%e2%80%b3_prm_79524\/\",\"name\":\"OZZ XB1 P40\u2033 Light Bar - RST-Steel\",\"isPartOf\":{\"@id\":\"https:\/\/com.rst-steel.eu\/#website\"},\"primaryImageOfPage\":{\"@id\":\"https:\/\/com.rst-steel.eu\/product\/lisavalopaneeli-ozz-xb1-p40%e2%80%b3_prm_79524\/#primaryimage\"},\"image\":{\"@id\":\"https:\/\/com.rst-steel.eu\/product\/lisavalopaneeli-ozz-xb1-p40%e2%80%b3_prm_79524\/#primaryimage\"},\"thumbnailUrl\":\"https:\/\/com.rst-steel.eu\/wp-content\/uploads\/2026\/03\/455f1b9c2703c3a1ea92cdff420adda03b695e70_88213_b.jpg\",\"datePublished\":\"2026-03-12T11:36:30+00:00\",\"dateModified\":\"2026-03-16T06:20:49+00:00\",\"description\":\"OZZ XB1 P40\u2033 Light Bar \u2013 powerful LED light for vehicles. Wide, bright beam improves visibility in the dark, durable design, and easy to install.\",\"breadcrumb\":{\"@id\":\"https:\/\/com.rst-steel.eu\/product\/lisavalopaneeli-ozz-xb1-p40%e2%80%b3_prm_79524\/#breadcrumb\"},\"inLanguage\":\"nb-NO\",\"potentialAction\":[{\"@type\":\"ReadAction\",\"target\":[\"https:\/\/com.rst-steel.eu\/product\/lisavalopaneeli-ozz-xb1-p40%e2%80%b3_prm_79524\/\"]}]},{\"@type\":\"ImageObject\",\"inLanguage\":\"nb-NO\",\"@id\":\"https:\/\/com.rst-steel.eu\/product\/lisavalopaneeli-ozz-xb1-p40%e2%80%b3_prm_79524\/#primaryimage\",\"url\":\"https:\/\/com.rst-steel.eu\/wp-content\/uploads\/2026\/03\/455f1b9c2703c3a1ea92cdff420adda03b695e70_88213_b.jpg\",\"contentUrl\":\"https:\/\/com.rst-steel.eu\/wp-content\/uploads\/2026\/03\/455f1b9c2703c3a1ea92cdff420adda03b695e70_88213_b.jpg\",\"width\":700,\"height\":525,\"caption\":\"OZZ XB1 P40\u2033 Light Bar\"},{\"@type\":\"BreadcrumbList\",\"@id\":\"https:\/\/com.rst-steel.eu\/product\/lisavalopaneeli-ozz-xb1-p40%e2%80%b3_prm_79524\/#breadcrumb\",\"itemListElement\":[{\"@type\":\"ListItem\",\"position\":1,\"name\":\"Home\",\"item\":\"https:\/\/com.rst-steel.eu\/\"},{\"@type\":\"ListItem\",\"position\":2,\"name\":\"RST-Steel Shop\",\"item\":\"https:\/\/com.rst-steel.eu\/shop\/\"},{\"@type\":\"ListItem\",\"position\":3,\"name\":\"OZZ XB1 P40\u2033 Light Bar\"}]},{\"@type\":\"WebSite\",\"@id\":\"https:\/\/com.rst-steel.eu\/#website\",\"url\":\"https:\/\/com.rst-steel.eu\/\",\"name\":\"RST-Steel.com\",\"description\":\"Finnish quality steel, for quality-conscious drivers\",\"publisher\":{\"@id\":\"https:\/\/com.rst-steel.eu\/#organization\"},\"alternateName\":\"Safe and stylish RST-Steel quality\",\"potentialAction\":[{\"@type\":\"SearchAction\",\"target\":{\"@type\":\"EntryPoint\",\"urlTemplate\":\"https:\/\/com.rst-steel.eu\/?s={search_term_string}\"},\"query-input\":{\"@type\":\"PropertyValueSpecification\",\"valueRequired\":true,\"valueName\":\"search_term_string\"}}],\"inLanguage\":\"nb-NO\"},{\"@type\":\"Organization\",\"@id\":\"https:\/\/com.rst-steel.eu\/#organization\",\"name\":\"RST-Steel Oy\",\"url\":\"https:\/\/com.rst-steel.eu\/\",\"logo\":{\"@type\":\"ImageObject\",\"inLanguage\":\"nb-NO\",\"@id\":\"https:\/\/com.rst-steel.eu\/#\/schema\/logo\/image\/\",\"url\":\"https:\/\/com.rst-steel.eu\/wp-content\/uploads\/2023\/04\/cropped-Rst-logo-valkoinen-teksti-3.png\",\"contentUrl\":\"https:\/\/com.rst-steel.eu\/wp-content\/uploads\/2023\/04\/cropped-Rst-logo-valkoinen-teksti-3.png\",\"width\":512,\"height\":115,\"caption\":\"RST-Steel Oy\"},\"image\":{\"@id\":\"https:\/\/com.rst-steel.eu\/#\/schema\/logo\/image\/\"},\"sameAs\":[\"https:\/\/www.facebook.com\/rststeel\",\"https:\/\/www.instagram.com\/rststeeloy\/\"]}]}<\/script>\n<!-- \/ Yoast SEO plugin. -->","yoast_head_json":{"title":"OZZ XB1 P40\u2033 Light Bar - RST-Steel","description":"OZZ XB1 P40\u2033 Light Bar \u2013 powerful LED light for vehicles. Wide, bright beam improves visibility in the dark, durable design, and easy to install.","robots":{"index":"index","follow":"follow","max-snippet":"max-snippet:-1","max-image-preview":"max-image-preview:large","max-video-preview":"max-video-preview:-1"},"canonical":"https:\/\/com.rst-steel.eu\/nb\/produkt\/lisavalopaneeli-ozz-xb1-p40\u2033_prm_79524\/","og_locale":"nb_NO","og_type":"article","og_title":"OZZ XB1 P40\u2033 Light Bar - RST-Steel","og_description":"OZZ XB1 P40\u2033 Light Bar \u2013 powerful LED light for vehicles. Wide, bright beam improves visibility in the dark, durable design, and easy to install.","og_url":"https:\/\/com.rst-steel.eu\/nb\/produkt\/lisavalopaneeli-ozz-xb1-p40\u2033_prm_79524\/","og_site_name":"RST-Steel","article_publisher":"https:\/\/www.facebook.com\/rststeel","article_modified_time":"2026-03-16T06:20:49+00:00","og_image":[{"width":700,"height":525,"url":"https:\/\/com.rst-steel.eu\/wp-content\/uploads\/2026\/03\/455f1b9c2703c3a1ea92cdff420adda03b695e70_88213_b.jpg","type":"image\/jpeg"}],"twitter_card":"summary_large_image","twitter_misc":{"Ansl. lesetid":"1 minutt"},"schema":{"@context":"https:\/\/schema.org","@graph":[{"@type":"WebPage","@id":"https:\/\/com.rst-steel.eu\/product\/lisavalopaneeli-ozz-xb1-p40%e2%80%b3_prm_79524\/","url":"https:\/\/com.rst-steel.eu\/product\/lisavalopaneeli-ozz-xb1-p40%e2%80%b3_prm_79524\/","name":"OZZ XB1 P40\u2033 Light Bar - RST-Steel","isPartOf":{"@id":"https:\/\/com.rst-steel.eu\/#website"},"primaryImageOfPage":{"@id":"https:\/\/com.rst-steel.eu\/product\/lisavalopaneeli-ozz-xb1-p40%e2%80%b3_prm_79524\/#primaryimage"},"image":{"@id":"https:\/\/com.rst-steel.eu\/product\/lisavalopaneeli-ozz-xb1-p40%e2%80%b3_prm_79524\/#primaryimage"},"thumbnailUrl":"https:\/\/com.rst-steel.eu\/wp-content\/uploads\/2026\/03\/455f1b9c2703c3a1ea92cdff420adda03b695e70_88213_b.jpg","datePublished":"2026-03-12T11:36:30+00:00","dateModified":"2026-03-16T06:20:49+00:00","description":"OZZ XB1 P40\u2033 Light Bar \u2013 powerful LED light for vehicles. Wide, bright beam improves visibility in the dark, durable design, and easy to install.","breadcrumb":{"@id":"https:\/\/com.rst-steel.eu\/product\/lisavalopaneeli-ozz-xb1-p40%e2%80%b3_prm_79524\/#breadcrumb"},"inLanguage":"nb-NO","potentialAction":[{"@type":"ReadAction","target":["https:\/\/com.rst-steel.eu\/product\/lisavalopaneeli-ozz-xb1-p40%e2%80%b3_prm_79524\/"]}]},{"@type":"ImageObject","inLanguage":"nb-NO","@id":"https:\/\/com.rst-steel.eu\/product\/lisavalopaneeli-ozz-xb1-p40%e2%80%b3_prm_79524\/#primaryimage","url":"https:\/\/com.rst-steel.eu\/wp-content\/uploads\/2026\/03\/455f1b9c2703c3a1ea92cdff420adda03b695e70_88213_b.jpg","contentUrl":"https:\/\/com.rst-steel.eu\/wp-content\/uploads\/2026\/03\/455f1b9c2703c3a1ea92cdff420adda03b695e70_88213_b.jpg","width":700,"height":525,"caption":"OZZ XB1 P40\u2033 Light Bar"},{"@type":"BreadcrumbList","@id":"https:\/\/com.rst-steel.eu\/product\/lisavalopaneeli-ozz-xb1-p40%e2%80%b3_prm_79524\/#breadcrumb","itemListElement":[{"@type":"ListItem","position":1,"name":"Home","item":"https:\/\/com.rst-steel.eu\/"},{"@type":"ListItem","position":2,"name":"RST-Steel Shop","item":"https:\/\/com.rst-steel.eu\/shop\/"},{"@type":"ListItem","position":3,"name":"OZZ XB1 P40\u2033 Light Bar"}]},{"@type":"WebSite","@id":"https:\/\/com.rst-steel.eu\/#website","url":"https:\/\/com.rst-steel.eu\/","name":"RST-Steel.com","description":"Finsk kvalitetsst\u00e5l, for kvalitetsbevisste sj\u00e5f\u00f8rer","publisher":{"@id":"https:\/\/com.rst-steel.eu\/#organization"},"alternateName":"Safe and stylish RST-Steel quality","potentialAction":[{"@type":"SearchAction","target":{"@type":"EntryPoint","urlTemplate":"https:\/\/com.rst-steel.eu\/?s={search_term_string}"},"query-input":{"@type":"PropertyValueSpecification","valueRequired":true,"valueName":"search_term_string"}}],"inLanguage":"nb-NO"},{"@type":"Organization","@id":"https:\/\/com.rst-steel.eu\/#organization","name":"RST-Steel Oy","url":"https:\/\/com.rst-steel.eu\/","logo":{"@type":"ImageObject","inLanguage":"nb-NO","@id":"https:\/\/com.rst-steel.eu\/#\/schema\/logo\/image\/","url":"https:\/\/com.rst-steel.eu\/wp-content\/uploads\/2023\/04\/cropped-Rst-logo-valkoinen-teksti-3.png","contentUrl":"https:\/\/com.rst-steel.eu\/wp-content\/uploads\/2023\/04\/cropped-Rst-logo-valkoinen-teksti-3.png","width":512,"height":115,"caption":"RST-Steel Oy"},"image":{"@id":"https:\/\/com.rst-steel.eu\/#\/schema\/logo\/image\/"},"sameAs":["https:\/\/www.facebook.com\/rststeel","https:\/\/www.instagram.com\/rststeeloy\/"]}]}},"brands":[{"id":8337,"name":"OZZ","slug":"brand_ozz"}],"_links":{"self":[{"href":"https:\/\/com.rst-steel.eu\/nb\/wp-json\/wp\/v2\/product\/122879","targetHints":{"allow":["GET"]}}],"collection":[{"href":"https:\/\/com.rst-steel.eu\/nb\/wp-json\/wp\/v2\/product"}],"about":[{"href":"https:\/\/com.rst-steel.eu\/nb\/wp-json\/wp\/v2\/types\/product"}],"replies":[{"embeddable":true,"href":"https:\/\/com.rst-steel.eu\/nb\/wp-json\/wp\/v2\/comments?post=122879"}],"version-history":[{"count":0,"href":"https:\/\/com.rst-steel.eu\/nb\/wp-json\/wp\/v2\/product\/122879\/revisions"}],"wp:featuredmedia":[{"embeddable":true,"href":"https:\/\/com.rst-steel.eu\/nb\/wp-json\/wp\/v2\/media\/122875"}],"wp:attachment":[{"href":"https:\/\/com.rst-steel.eu\/nb\/wp-json\/wp\/v2\/media?parent=122879"}],"wp:term":[{"taxonomy":"make_fuel_type","embeddable":true,"href":"https:\/\/com.rst-steel.eu\/nb\/wp-json\/wp\/v2\/make_fuel_type?post=122879"},{"taxonomy":"make_model","embeddable":true,"href":"https:\/\/com.rst-steel.eu\/nb\/wp-json\/wp\/v2\/make_model?post=122879"},{"taxonomy":"make_brand","embeddable":true,"href":"https:\/\/com.rst-steel.eu\/nb\/wp-json\/wp\/v2\/make_brand?post=122879"},{"taxonomy":"make_year","embeddable":true,"href":"https:\/\/com.rst-steel.eu\/nb\/wp-json\/wp\/v2\/make_year?post=122879"},{"taxonomy":"pwb-brand","embeddable":true,"href":"https:\/\/com.rst-steel.eu\/nb\/wp-json\/wp\/v2\/pwb-brand?post=122879"},{"taxonomy":"product_brand","embeddable":true,"href":"https:\/\/com.rst-steel.eu\/nb\/wp-json\/wp\/v2\/product_brand?post=122879"},{"taxonomy":"product_cat","embeddable":true,"href":"https:\/\/com.rst-steel.eu\/nb\/wp-json\/wp\/v2\/product_cat?post=122879"},{"taxonomy":"product_tag","embeddable":true,"href":"https:\/\/com.rst-steel.eu\/nb\/wp-json\/wp\/v2\/product_tag?post=122879"}],"curies":[{"name":"wp","href":"https:\/\/api.w.org\/{rel}","templated":true}]}}