{"id":122828,"date":"2026-03-12T14:33:58","date_gmt":"2026-03-12T11:33:58","guid":{"rendered":"https:\/\/rst-steel.com\/product\/lisavalo-ozz-square-9%e2%80%b3_prm_79515\/"},"modified":"2026-03-16T09:20:44","modified_gmt":"2026-03-16T06:20:44","slug":"lisavalo-ozz-square-9%e2%80%b3_prm_79515","status":"publish","type":"product","link":"https:\/\/com.rst-steel.eu\/nb\/produkt\/lisavalo-ozz-square-9%e2%80%b3_prm_79515\/","title":{"rendered":"Auxiliary Light OZZ Square 9\u2033"},"content":{"rendered":"<p data-start=\"0\" data-end=\"35\"><strong data-start=\"0\" data-end=\"33\">Auxiliary Light OZZ Square 9\u2033<\/strong><\/p>\n<p data-start=\"37\" data-end=\"406\">Auxiliary Light OZZ Square 9\u2033\u00a0stands out from traditional lights, giving vehicles a modern and stylish look. The curved lens, dynamic position light, and integrated strobe make the light versatile and powerful. Available in two sizes (7\u2033 and 9\u2033) and two colors (black and white), the SQR series combines style and performance in a compact, striking package.<\/p>\n<h3 data-section-id=\"5hg6bl\" data-start=\"408\" data-end=\"437\">Tekniske spesifikasjoner:<\/h3>\n<ul data-start=\"439\" data-end=\"878\">\n<li data-section-id=\"1asd09j\" data-start=\"439\" data-end=\"475\">\n<p data-start=\"441\" data-end=\"475\"><strong data-start=\"441\" data-end=\"463\">Driftsspenning:<\/strong> 9\u201332 V DC<\/p>\n<\/li>\n<li data-section-id=\"qmhvep\" data-start=\"476\" data-end=\"534\">\n<p data-start=\"478\" data-end=\"534\"><strong data-start=\"478\" data-end=\"505\">Measured luminous flux:<\/strong> 5,000 lm (Boost 12,000 lm)<\/p>\n<\/li>\n<li data-section-id=\"fdeg6f\" data-start=\"535\" data-end=\"584\">\n<p data-start=\"537\" data-end=\"584\"><strong data-start=\"537\" data-end=\"554\">Light output:<\/strong> 1 lux @ 480 m (Boost 950 m)<\/p>\n<\/li>\n<li data-section-id=\"19y0f9p\" data-start=\"585\" data-end=\"618\">\n<p data-start=\"587\" data-end=\"618\"><strong data-start=\"587\" data-end=\"609\">Color temperature:<\/strong> 5000 K<\/p>\n<\/li>\n<li data-section-id=\"wammx8\" data-start=\"619\" data-end=\"639\">\n<p data-start=\"621\" data-end=\"639\"><strong data-start=\"621\" data-end=\"631\">Power:<\/strong> 240 W<\/p>\n<\/li>\n<li data-section-id=\"2qvk2k\" data-start=\"640\" data-end=\"699\">\n<p data-start=\"642\" data-end=\"699\"><strong data-start=\"642\" data-end=\"666\">Connector and cable:<\/strong> 2-pin DTP connector + 5 cables<\/p>\n<\/li>\n<li data-section-id=\"3qfzfj\" data-start=\"700\" data-end=\"728\">\n<p data-start=\"702\" data-end=\"728\"><strong data-start=\"702\" data-end=\"723\">Reference number:<\/strong> 50<\/p>\n<\/li>\n<li data-section-id=\"d4ufyj\" data-start=\"729\" data-end=\"747\">\n<p data-start=\"731\" data-end=\"747\"><strong data-start=\"731\" data-end=\"745\">E-approved<\/strong><\/p>\n<\/li>\n<li data-section-id=\"10y41nt\" data-start=\"748\" data-end=\"803\">\n<p data-start=\"750\" data-end=\"803\"><strong data-start=\"750\" data-end=\"764\">Approvals:<\/strong> ECE R10, ECE R149, ECE R148, ECE R65<\/p>\n<\/li>\n<li data-section-id=\"mvwl2h\" data-start=\"804\" data-end=\"835\">\n<p data-start=\"806\" data-end=\"835\"><strong data-start=\"806\" data-end=\"820\">IP-grad:<\/strong> IP68 \/ IP69K<\/p>\n<\/li>\n<li data-section-id=\"1f70ugl\" data-start=\"836\" data-end=\"878\">\n<p data-start=\"838\" data-end=\"878\"><strong data-start=\"838\" data-end=\"851\">Materiale:<\/strong> Aluminum \/ Polycarbonate<\/p>\n<\/li>\n<\/ul>\n<h3 data-section-id=\"v4kudb\" data-start=\"880\" data-end=\"895\">Dimensjoner:<\/h3>\n<ul data-start=\"897\" data-end=\"960\" data-is-last-node=\"\" data-is-only-node=\"\">\n<li data-section-id=\"a7dwgu\" data-start=\"897\" data-end=\"919\">\n<p data-start=\"899\" data-end=\"919\"><strong data-start=\"899\" data-end=\"910\">Height:<\/strong> 210 mm<\/p>\n<\/li>\n<li data-section-id=\"qu7h2f\" data-start=\"920\" data-end=\"941\">\n<p data-start=\"922\" data-end=\"941\"><strong data-start=\"922\" data-end=\"932\">Width:<\/strong> 210 mm<\/p>\n<\/li>\n<li data-section-id=\"oy30lv\" data-start=\"942\" data-end=\"960\" data-is-last-node=\"\">\n<p data-start=\"944\" data-end=\"960\" data-is-last-node=\"\"><strong data-start=\"944\" data-end=\"954\">Depth:<\/strong> 95 mm<\/p>\n<\/li>\n<\/ul>","protected":false},"excerpt":{"rendered":"<p>OZZ Square 9\u2033 \u2013 powerful and stylish auxiliary light.<\/p>","protected":false},"featured_media":122824,"comment_status":"open","ping_status":"closed","template":"","meta":{"_improvement_type_select":"improve_an_existing","_thumb_yes_seoaic":false,"_frame_yes_seoaic":false,"seoaic_generate_description":"","seoaic_improve_instructions_prompt":"","seoaic_rollback_content_improvement":"","seoaic_idea_thumbnail_generator":"","thumbnail_generated":false,"thumbnail_generate_prompt":"","seoaic_article_description":""},"make_fuel_type":[],"make_model":[],"make_brand":[],"make_year":[],"pwb-brand":[8337],"product_brand":[],"product_cat":[8223,6195,6209],"product_tag":[8498,8495],"class_list":{"0":"post-122828","1":"product","2":"type-product","3":"status-publish","4":"has-post-thumbnail","6":"pwb-brand-brand_ozz","7":"product_cat-rstozz","8":"product_cat-lamps","9":"product_cat-auxiliary-lights","10":"product_tag-auxiliary-light","11":"product_tag-ozz","13":"first","14":"onbackorder","15":"taxable","16":"shipping-taxable","17":"purchasable","18":"product-type-variable"},"yoast_head":"<!-- This site is optimized with the Yoast SEO plugin v25.7 - https:\/\/yoast.com\/wordpress\/plugins\/seo\/ -->\n<title>Auxiliary Light OZZ Square 9\u2033 - RST-Steel<\/title>\n<meta name=\"description\" content=\"Auxiliary Light OZZ Square 9\u2033 \u2013 powerful LED vehicle light. Wide, bright beam enhances visibility in the dark, durable construction, and easy to install.\" \/>\n<meta name=\"robots\" content=\"index, follow, max-snippet:-1, max-image-preview:large, max-video-preview:-1\" \/>\n<link rel=\"canonical\" href=\"https:\/\/com.rst-steel.eu\/nb\/produkt\/lisavalo-ozz-square-9\u2033_prm_79515\/\" \/>\n<meta property=\"og:locale\" content=\"nb_NO\" \/>\n<meta property=\"og:type\" content=\"article\" \/>\n<meta property=\"og:title\" content=\"Auxiliary Light OZZ Square 9\u2033 - RST-Steel\" \/>\n<meta property=\"og:description\" content=\"Auxiliary Light OZZ Square 9\u2033 \u2013 powerful LED vehicle light. Wide, bright beam enhances visibility in the dark, durable construction, and easy to install.\" \/>\n<meta property=\"og:url\" content=\"https:\/\/com.rst-steel.eu\/nb\/produkt\/lisavalo-ozz-square-9\u2033_prm_79515\/\" \/>\n<meta property=\"og:site_name\" content=\"RST-Steel\" \/>\n<meta property=\"article:publisher\" content=\"https:\/\/www.facebook.com\/rststeel\" \/>\n<meta property=\"article:modified_time\" content=\"2026-03-16T06:20:44+00:00\" \/>\n<meta property=\"og:image\" content=\"https:\/\/com.rst-steel.eu\/wp-content\/uploads\/2026\/03\/b4c211d33f998432c847131b68cbd2d049f5686c_88113_a.jpg\" \/>\n\t<meta property=\"og:image:width\" content=\"700\" \/>\n\t<meta property=\"og:image:height\" content=\"525\" \/>\n\t<meta property=\"og:image:type\" content=\"image\/jpeg\" \/>\n<meta name=\"twitter:card\" content=\"summary_large_image\" \/>\n<meta name=\"twitter:label1\" content=\"Ansl. lesetid\" \/>\n\t<meta name=\"twitter:data1\" content=\"1 minutt\" \/>\n<script type=\"application\/ld+json\" class=\"yoast-schema-graph\">{\"@context\":\"https:\/\/schema.org\",\"@graph\":[{\"@type\":\"WebPage\",\"@id\":\"https:\/\/com.rst-steel.eu\/product\/lisavalo-ozz-square-9%e2%80%b3_prm_79515\/\",\"url\":\"https:\/\/com.rst-steel.eu\/product\/lisavalo-ozz-square-9%e2%80%b3_prm_79515\/\",\"name\":\"Auxiliary Light OZZ Square 9\u2033 - RST-Steel\",\"isPartOf\":{\"@id\":\"https:\/\/com.rst-steel.eu\/#website\"},\"primaryImageOfPage\":{\"@id\":\"https:\/\/com.rst-steel.eu\/product\/lisavalo-ozz-square-9%e2%80%b3_prm_79515\/#primaryimage\"},\"image\":{\"@id\":\"https:\/\/com.rst-steel.eu\/product\/lisavalo-ozz-square-9%e2%80%b3_prm_79515\/#primaryimage\"},\"thumbnailUrl\":\"https:\/\/com.rst-steel.eu\/wp-content\/uploads\/2026\/03\/b4c211d33f998432c847131b68cbd2d049f5686c_88113_a.jpg\",\"datePublished\":\"2026-03-12T11:33:58+00:00\",\"dateModified\":\"2026-03-16T06:20:44+00:00\",\"description\":\"Auxiliary Light OZZ Square 9\u2033 \u2013 powerful LED vehicle light. Wide, bright beam enhances visibility in the dark, durable construction, and easy to install.\",\"breadcrumb\":{\"@id\":\"https:\/\/com.rst-steel.eu\/product\/lisavalo-ozz-square-9%e2%80%b3_prm_79515\/#breadcrumb\"},\"inLanguage\":\"nb-NO\",\"potentialAction\":[{\"@type\":\"ReadAction\",\"target\":[\"https:\/\/com.rst-steel.eu\/product\/lisavalo-ozz-square-9%e2%80%b3_prm_79515\/\"]}]},{\"@type\":\"ImageObject\",\"inLanguage\":\"nb-NO\",\"@id\":\"https:\/\/com.rst-steel.eu\/product\/lisavalo-ozz-square-9%e2%80%b3_prm_79515\/#primaryimage\",\"url\":\"https:\/\/com.rst-steel.eu\/wp-content\/uploads\/2026\/03\/b4c211d33f998432c847131b68cbd2d049f5686c_88113_a.jpg\",\"contentUrl\":\"https:\/\/com.rst-steel.eu\/wp-content\/uploads\/2026\/03\/b4c211d33f998432c847131b68cbd2d049f5686c_88113_a.jpg\",\"width\":700,\"height\":525,\"caption\":\"Auxiliary Light OZZ Square 9\u2033\"},{\"@type\":\"BreadcrumbList\",\"@id\":\"https:\/\/com.rst-steel.eu\/product\/lisavalo-ozz-square-9%e2%80%b3_prm_79515\/#breadcrumb\",\"itemListElement\":[{\"@type\":\"ListItem\",\"position\":1,\"name\":\"Home\",\"item\":\"https:\/\/com.rst-steel.eu\/\"},{\"@type\":\"ListItem\",\"position\":2,\"name\":\"RST-Steel Shop\",\"item\":\"https:\/\/com.rst-steel.eu\/shop\/\"},{\"@type\":\"ListItem\",\"position\":3,\"name\":\"Auxiliary Light OZZ Square 9\u2033\"}]},{\"@type\":\"WebSite\",\"@id\":\"https:\/\/com.rst-steel.eu\/#website\",\"url\":\"https:\/\/com.rst-steel.eu\/\",\"name\":\"RST-Steel.com\",\"description\":\"Finnish quality steel, for quality-conscious drivers\",\"publisher\":{\"@id\":\"https:\/\/com.rst-steel.eu\/#organization\"},\"alternateName\":\"Safe and stylish RST-Steel quality\",\"potentialAction\":[{\"@type\":\"SearchAction\",\"target\":{\"@type\":\"EntryPoint\",\"urlTemplate\":\"https:\/\/com.rst-steel.eu\/?s={search_term_string}\"},\"query-input\":{\"@type\":\"PropertyValueSpecification\",\"valueRequired\":true,\"valueName\":\"search_term_string\"}}],\"inLanguage\":\"nb-NO\"},{\"@type\":\"Organization\",\"@id\":\"https:\/\/com.rst-steel.eu\/#organization\",\"name\":\"RST-Steel Oy\",\"url\":\"https:\/\/com.rst-steel.eu\/\",\"logo\":{\"@type\":\"ImageObject\",\"inLanguage\":\"nb-NO\",\"@id\":\"https:\/\/com.rst-steel.eu\/#\/schema\/logo\/image\/\",\"url\":\"https:\/\/com.rst-steel.eu\/wp-content\/uploads\/2023\/04\/cropped-Rst-logo-valkoinen-teksti-3.png\",\"contentUrl\":\"https:\/\/com.rst-steel.eu\/wp-content\/uploads\/2023\/04\/cropped-Rst-logo-valkoinen-teksti-3.png\",\"width\":512,\"height\":115,\"caption\":\"RST-Steel Oy\"},\"image\":{\"@id\":\"https:\/\/com.rst-steel.eu\/#\/schema\/logo\/image\/\"},\"sameAs\":[\"https:\/\/www.facebook.com\/rststeel\",\"https:\/\/www.instagram.com\/rststeeloy\/\"]}]}<\/script>\n<!-- \/ Yoast SEO plugin. -->","yoast_head_json":{"title":"Auxiliary Light OZZ Square 9\u2033 - RST-Steel","description":"Auxiliary Light OZZ Square 9\u2033 \u2013 powerful LED vehicle light. Wide, bright beam enhances visibility in the dark, durable construction, and easy to install.","robots":{"index":"index","follow":"follow","max-snippet":"max-snippet:-1","max-image-preview":"max-image-preview:large","max-video-preview":"max-video-preview:-1"},"canonical":"https:\/\/com.rst-steel.eu\/nb\/produkt\/lisavalo-ozz-square-9\u2033_prm_79515\/","og_locale":"nb_NO","og_type":"article","og_title":"Auxiliary Light OZZ Square 9\u2033 - RST-Steel","og_description":"Auxiliary Light OZZ Square 9\u2033 \u2013 powerful LED vehicle light. Wide, bright beam enhances visibility in the dark, durable construction, and easy to install.","og_url":"https:\/\/com.rst-steel.eu\/nb\/produkt\/lisavalo-ozz-square-9\u2033_prm_79515\/","og_site_name":"RST-Steel","article_publisher":"https:\/\/www.facebook.com\/rststeel","article_modified_time":"2026-03-16T06:20:44+00:00","og_image":[{"width":700,"height":525,"url":"https:\/\/com.rst-steel.eu\/wp-content\/uploads\/2026\/03\/b4c211d33f998432c847131b68cbd2d049f5686c_88113_a.jpg","type":"image\/jpeg"}],"twitter_card":"summary_large_image","twitter_misc":{"Ansl. lesetid":"1 minutt"},"schema":{"@context":"https:\/\/schema.org","@graph":[{"@type":"WebPage","@id":"https:\/\/com.rst-steel.eu\/product\/lisavalo-ozz-square-9%e2%80%b3_prm_79515\/","url":"https:\/\/com.rst-steel.eu\/product\/lisavalo-ozz-square-9%e2%80%b3_prm_79515\/","name":"Auxiliary Light OZZ Square 9\u2033 - RST-Steel","isPartOf":{"@id":"https:\/\/com.rst-steel.eu\/#website"},"primaryImageOfPage":{"@id":"https:\/\/com.rst-steel.eu\/product\/lisavalo-ozz-square-9%e2%80%b3_prm_79515\/#primaryimage"},"image":{"@id":"https:\/\/com.rst-steel.eu\/product\/lisavalo-ozz-square-9%e2%80%b3_prm_79515\/#primaryimage"},"thumbnailUrl":"https:\/\/com.rst-steel.eu\/wp-content\/uploads\/2026\/03\/b4c211d33f998432c847131b68cbd2d049f5686c_88113_a.jpg","datePublished":"2026-03-12T11:33:58+00:00","dateModified":"2026-03-16T06:20:44+00:00","description":"Auxiliary Light OZZ Square 9\u2033 \u2013 powerful LED vehicle light. Wide, bright beam enhances visibility in the dark, durable construction, and easy to install.","breadcrumb":{"@id":"https:\/\/com.rst-steel.eu\/product\/lisavalo-ozz-square-9%e2%80%b3_prm_79515\/#breadcrumb"},"inLanguage":"nb-NO","potentialAction":[{"@type":"ReadAction","target":["https:\/\/com.rst-steel.eu\/product\/lisavalo-ozz-square-9%e2%80%b3_prm_79515\/"]}]},{"@type":"ImageObject","inLanguage":"nb-NO","@id":"https:\/\/com.rst-steel.eu\/product\/lisavalo-ozz-square-9%e2%80%b3_prm_79515\/#primaryimage","url":"https:\/\/com.rst-steel.eu\/wp-content\/uploads\/2026\/03\/b4c211d33f998432c847131b68cbd2d049f5686c_88113_a.jpg","contentUrl":"https:\/\/com.rst-steel.eu\/wp-content\/uploads\/2026\/03\/b4c211d33f998432c847131b68cbd2d049f5686c_88113_a.jpg","width":700,"height":525,"caption":"Auxiliary Light OZZ Square 9\u2033"},{"@type":"BreadcrumbList","@id":"https:\/\/com.rst-steel.eu\/product\/lisavalo-ozz-square-9%e2%80%b3_prm_79515\/#breadcrumb","itemListElement":[{"@type":"ListItem","position":1,"name":"Home","item":"https:\/\/com.rst-steel.eu\/"},{"@type":"ListItem","position":2,"name":"RST-Steel Shop","item":"https:\/\/com.rst-steel.eu\/shop\/"},{"@type":"ListItem","position":3,"name":"Auxiliary Light OZZ Square 9\u2033"}]},{"@type":"WebSite","@id":"https:\/\/com.rst-steel.eu\/#website","url":"https:\/\/com.rst-steel.eu\/","name":"RST-Steel.com","description":"Finsk kvalitetsst\u00e5l, for kvalitetsbevisste sj\u00e5f\u00f8rer","publisher":{"@id":"https:\/\/com.rst-steel.eu\/#organization"},"alternateName":"Safe and stylish RST-Steel quality","potentialAction":[{"@type":"SearchAction","target":{"@type":"EntryPoint","urlTemplate":"https:\/\/com.rst-steel.eu\/?s={search_term_string}"},"query-input":{"@type":"PropertyValueSpecification","valueRequired":true,"valueName":"search_term_string"}}],"inLanguage":"nb-NO"},{"@type":"Organization","@id":"https:\/\/com.rst-steel.eu\/#organization","name":"RST-Steel Oy","url":"https:\/\/com.rst-steel.eu\/","logo":{"@type":"ImageObject","inLanguage":"nb-NO","@id":"https:\/\/com.rst-steel.eu\/#\/schema\/logo\/image\/","url":"https:\/\/com.rst-steel.eu\/wp-content\/uploads\/2023\/04\/cropped-Rst-logo-valkoinen-teksti-3.png","contentUrl":"https:\/\/com.rst-steel.eu\/wp-content\/uploads\/2023\/04\/cropped-Rst-logo-valkoinen-teksti-3.png","width":512,"height":115,"caption":"RST-Steel Oy"},"image":{"@id":"https:\/\/com.rst-steel.eu\/#\/schema\/logo\/image\/"},"sameAs":["https:\/\/www.facebook.com\/rststeel","https:\/\/www.instagram.com\/rststeeloy\/"]}]}},"brands":[{"id":8337,"name":"OZZ","slug":"brand_ozz"}],"_links":{"self":[{"href":"https:\/\/com.rst-steel.eu\/nb\/wp-json\/wp\/v2\/product\/122828","targetHints":{"allow":["GET"]}}],"collection":[{"href":"https:\/\/com.rst-steel.eu\/nb\/wp-json\/wp\/v2\/product"}],"about":[{"href":"https:\/\/com.rst-steel.eu\/nb\/wp-json\/wp\/v2\/types\/product"}],"replies":[{"embeddable":true,"href":"https:\/\/com.rst-steel.eu\/nb\/wp-json\/wp\/v2\/comments?post=122828"}],"version-history":[{"count":0,"href":"https:\/\/com.rst-steel.eu\/nb\/wp-json\/wp\/v2\/product\/122828\/revisions"}],"wp:featuredmedia":[{"embeddable":true,"href":"https:\/\/com.rst-steel.eu\/nb\/wp-json\/wp\/v2\/media\/122824"}],"wp:attachment":[{"href":"https:\/\/com.rst-steel.eu\/nb\/wp-json\/wp\/v2\/media?parent=122828"}],"wp:term":[{"taxonomy":"make_fuel_type","embeddable":true,"href":"https:\/\/com.rst-steel.eu\/nb\/wp-json\/wp\/v2\/make_fuel_type?post=122828"},{"taxonomy":"make_model","embeddable":true,"href":"https:\/\/com.rst-steel.eu\/nb\/wp-json\/wp\/v2\/make_model?post=122828"},{"taxonomy":"make_brand","embeddable":true,"href":"https:\/\/com.rst-steel.eu\/nb\/wp-json\/wp\/v2\/make_brand?post=122828"},{"taxonomy":"make_year","embeddable":true,"href":"https:\/\/com.rst-steel.eu\/nb\/wp-json\/wp\/v2\/make_year?post=122828"},{"taxonomy":"pwb-brand","embeddable":true,"href":"https:\/\/com.rst-steel.eu\/nb\/wp-json\/wp\/v2\/pwb-brand?post=122828"},{"taxonomy":"product_brand","embeddable":true,"href":"https:\/\/com.rst-steel.eu\/nb\/wp-json\/wp\/v2\/product_brand?post=122828"},{"taxonomy":"product_cat","embeddable":true,"href":"https:\/\/com.rst-steel.eu\/nb\/wp-json\/wp\/v2\/product_cat?post=122828"},{"taxonomy":"product_tag","embeddable":true,"href":"https:\/\/com.rst-steel.eu\/nb\/wp-json\/wp\/v2\/product_tag?post=122828"}],"curies":[{"name":"wp","href":"https:\/\/api.w.org\/{rel}","templated":true}]}}