{"id":122796,"date":"2026-03-12T14:32:31","date_gmt":"2026-03-12T11:32:31","guid":{"rendered":"https:\/\/rst-steel.com\/product\/ozz-sqr-3%e2%80%b3-work-light_pr_96150\/"},"modified":"2026-03-16T09:20:40","modified_gmt":"2026-03-16T06:20:40","slug":"ozz-sqr-3%e2%80%b3-work-light_pr_96150","status":"publish","type":"product","link":"https:\/\/com.rst-steel.eu\/nb\/produkt\/ozz-sqr-3%e2%80%b3-work-light_pr_96150\/","title":{"rendered":"OZZ SQR 3\u2033 Work Light"},"content":{"rendered":"<p><span style=\"font-weight: bold;\">OZZ SQR 3\u2033 Work Light<\/span><\/p>\n<p>The OZZ SQR 3\u2019\u2019 work light is the next step in the evolution of the SQR series, combining the signature squared design with powerful performance in a compact and efficient light.<\/p>\n<p>It provides bright and comfortable illumination that helps improve visibility in demanding work environments. The wide and even beam pattern makes it ideal for close-range tasks, job sites, machinery lighting, and general work-area illumination.<\/p>\n<p>The SQR 3\u2019\u2019 also functions as a warning light, increasing visibility and safety during roadside operations, construction work, and other low-light situations. Its built-in flash function helps ensure that the vehicle or equipment is clearly seen when it matters most.<\/p>\n<ul>\n<li><\/li>\n<\/ul>\n<p><span style=\"font-weight: bold;\">Key Features:<\/span><\/p>\n<ul>\n<li>Dual Function: Work &amp; Warning Light<\/li>\n<li>1 lux at 75 m<\/li>\n<li>E-approved<\/li>\n<li>Wide Flood Beam<\/li>\n<li>A new shape in lighting<\/li>\n<li><\/li>\n<\/ul>\n<p><span style=\"font-weight: bold;\">Technical Specifications<\/span><\/p>\n<ul>\n<li>Voltage:\u00a010-32V DC<\/li>\n<li>Functions:\u00a0Work light, warning light<\/li>\n<li>Theoretical effect:\u00a060 W<\/li>\n<li>Actual effect (W) 12V:\u00a050 W<\/li>\n<li>Actual effect (W) 24V:\u00a046,6 W<\/li>\n<li>Nominal current at 12 V:\u00a04,18 A<\/li>\n<li>Nominal current at 24 V:\u00a01,94 A<\/li>\n<li>Theoretical lumen (Lm):\u00a04800<\/li>\n<li>Actual lumen (Lm):\u00a03500<\/li>\n<li>Kelvin (K):\u00a05000<\/li>\n<li>Beam pattern:\u00a0Flood beam<\/li>\n<li>1 lux @ (m):\u00a075 m<\/li>\n<li>Position light:\u00a0White and amber<\/li>\n<li>Flash light patterns:\u00a0Double flash<\/li>\n<li>IP-class (IP):\u00a0IP68\/IP69K<\/li>\n<li>Connection:\u00a04-pin DT male + female<\/li>\n<li>Cable length:\u00a01000 mm<\/li>\n<li>Material lens:\u00a0Polycarbonate<\/li>\n<li>Material chassi:\u00a0Aluminum<\/li>\n<li>Material bracket:\u00a0Stainless steel<\/li>\n<li>LxDxH (mm):\u00a097x50x97\/115,81<\/li>\n<li>Operating temperature:\u00a0-40\u00b0C \u2013 +60\u00b0C<\/li>\n<li>E-mark approval:\u00a0ECE R23, R65 class 2<\/li>\n<li>EMC:\u00a0ECE R10<\/li>\n<li>Ref. no.:\u00a050<\/li>\n<li>Warranty:\u00a03 years<\/li>\n<\/ul>","protected":false},"excerpt":{"rendered":"<p>Represents the next step in the evolution of the SQR series.<\/p>","protected":false},"featured_media":122791,"comment_status":"open","ping_status":"closed","template":"","meta":{"_improvement_type_select":"improve_an_existing","_thumb_yes_seoaic":false,"_frame_yes_seoaic":false,"seoaic_generate_description":"","seoaic_improve_instructions_prompt":"","seoaic_rollback_content_improvement":"","seoaic_idea_thumbnail_generator":"","thumbnail_generated":false,"thumbnail_generate_prompt":"","seoaic_article_description":""},"make_fuel_type":[],"make_model":[],"make_brand":[],"make_year":[],"pwb-brand":[8337],"product_brand":[],"product_cat":[6195,6218,6220],"product_tag":[8498,8495,8497],"class_list":{"0":"post-122796","1":"product","2":"type-product","3":"status-publish","4":"has-post-thumbnail","6":"pwb-brand-brand_ozz","7":"product_cat-lamps","8":"product_cat-work-lights","9":"product_cat-led-work-lights","10":"product_tag-auxiliary-light","11":"product_tag-ozz","12":"product_tag-work-light","14":"first","15":"onbackorder","16":"taxable","17":"shipping-taxable","18":"purchasable","19":"product-type-simple"},"yoast_head":"<!-- This site is optimized with the Yoast SEO plugin v25.7 - https:\/\/yoast.com\/wordpress\/plugins\/seo\/ -->\n<title>OZZ SQR 3\u2033 Work Light - RST-Steel<\/title>\n<meta name=\"description\" content=\"OZZ SQR 3\u2033 Work Light \u2013 compact and powerful LED light for vehicles. Bright beam improves visibility during work, durable design, and easy to install.\" \/>\n<meta name=\"robots\" content=\"index, follow, max-snippet:-1, max-image-preview:large, max-video-preview:-1\" \/>\n<link rel=\"canonical\" href=\"https:\/\/com.rst-steel.eu\/nb\/produkt\/ozz-sqr-3\u2033-work-light_pr_96150\/\" \/>\n<meta property=\"og:locale\" content=\"nb_NO\" \/>\n<meta property=\"og:type\" content=\"article\" \/>\n<meta property=\"og:title\" content=\"OZZ SQR 3\u2033 Work Light - RST-Steel\" \/>\n<meta property=\"og:description\" content=\"OZZ SQR 3\u2033 Work Light \u2013 compact and powerful LED light for vehicles. Bright beam improves visibility during work, durable design, and easy to install.\" \/>\n<meta property=\"og:url\" content=\"https:\/\/com.rst-steel.eu\/nb\/produkt\/ozz-sqr-3\u2033-work-light_pr_96150\/\" \/>\n<meta property=\"og:site_name\" content=\"RST-Steel\" \/>\n<meta property=\"article:publisher\" content=\"https:\/\/www.facebook.com\/rststeel\" \/>\n<meta property=\"article:modified_time\" content=\"2026-03-16T06:20:40+00:00\" \/>\n<meta property=\"og:image\" content=\"https:\/\/com.rst-steel.eu\/wp-content\/uploads\/2026\/03\/53ba1aa9ab48799e1a984043b48427502ffc3338_88510_a_1_1.jpg\" \/>\n\t<meta property=\"og:image:width\" content=\"700\" \/>\n\t<meta property=\"og:image:height\" content=\"525\" \/>\n\t<meta property=\"og:image:type\" content=\"image\/jpeg\" \/>\n<meta name=\"twitter:card\" content=\"summary_large_image\" \/>\n<meta name=\"twitter:label1\" content=\"Ansl. lesetid\" \/>\n\t<meta name=\"twitter:data1\" content=\"2 minutter\" \/>\n<script type=\"application\/ld+json\" class=\"yoast-schema-graph\">{\"@context\":\"https:\/\/schema.org\",\"@graph\":[{\"@type\":\"WebPage\",\"@id\":\"https:\/\/com.rst-steel.eu\/product\/ozz-sqr-3%e2%80%b3-work-light_pr_96150\/\",\"url\":\"https:\/\/com.rst-steel.eu\/product\/ozz-sqr-3%e2%80%b3-work-light_pr_96150\/\",\"name\":\"OZZ SQR 3\u2033 Work Light - RST-Steel\",\"isPartOf\":{\"@id\":\"https:\/\/com.rst-steel.eu\/#website\"},\"primaryImageOfPage\":{\"@id\":\"https:\/\/com.rst-steel.eu\/product\/ozz-sqr-3%e2%80%b3-work-light_pr_96150\/#primaryimage\"},\"image\":{\"@id\":\"https:\/\/com.rst-steel.eu\/product\/ozz-sqr-3%e2%80%b3-work-light_pr_96150\/#primaryimage\"},\"thumbnailUrl\":\"https:\/\/com.rst-steel.eu\/wp-content\/uploads\/2026\/03\/53ba1aa9ab48799e1a984043b48427502ffc3338_88510_a_1_1.jpg\",\"datePublished\":\"2026-03-12T11:32:31+00:00\",\"dateModified\":\"2026-03-16T06:20:40+00:00\",\"description\":\"OZZ SQR 3\u2033 Work Light \u2013 compact and powerful LED light for vehicles. Bright beam improves visibility during work, durable design, and easy to install.\",\"breadcrumb\":{\"@id\":\"https:\/\/com.rst-steel.eu\/product\/ozz-sqr-3%e2%80%b3-work-light_pr_96150\/#breadcrumb\"},\"inLanguage\":\"nb-NO\",\"potentialAction\":[{\"@type\":\"ReadAction\",\"target\":[\"https:\/\/com.rst-steel.eu\/product\/ozz-sqr-3%e2%80%b3-work-light_pr_96150\/\"]}]},{\"@type\":\"ImageObject\",\"inLanguage\":\"nb-NO\",\"@id\":\"https:\/\/com.rst-steel.eu\/product\/ozz-sqr-3%e2%80%b3-work-light_pr_96150\/#primaryimage\",\"url\":\"https:\/\/com.rst-steel.eu\/wp-content\/uploads\/2026\/03\/53ba1aa9ab48799e1a984043b48427502ffc3338_88510_a_1_1.jpg\",\"contentUrl\":\"https:\/\/com.rst-steel.eu\/wp-content\/uploads\/2026\/03\/53ba1aa9ab48799e1a984043b48427502ffc3338_88510_a_1_1.jpg\",\"width\":700,\"height\":525,\"caption\":\"OZZ SQR 3\u2033 Work Light\"},{\"@type\":\"BreadcrumbList\",\"@id\":\"https:\/\/com.rst-steel.eu\/product\/ozz-sqr-3%e2%80%b3-work-light_pr_96150\/#breadcrumb\",\"itemListElement\":[{\"@type\":\"ListItem\",\"position\":1,\"name\":\"Home\",\"item\":\"https:\/\/com.rst-steel.eu\/\"},{\"@type\":\"ListItem\",\"position\":2,\"name\":\"RST-Steel Shop\",\"item\":\"https:\/\/com.rst-steel.eu\/shop\/\"},{\"@type\":\"ListItem\",\"position\":3,\"name\":\"OZZ SQR 3\u2033 Work Light\"}]},{\"@type\":\"WebSite\",\"@id\":\"https:\/\/com.rst-steel.eu\/#website\",\"url\":\"https:\/\/com.rst-steel.eu\/\",\"name\":\"RST-Steel.com\",\"description\":\"Finnish quality steel, for quality-conscious drivers\",\"publisher\":{\"@id\":\"https:\/\/com.rst-steel.eu\/#organization\"},\"alternateName\":\"Safe and stylish RST-Steel quality\",\"potentialAction\":[{\"@type\":\"SearchAction\",\"target\":{\"@type\":\"EntryPoint\",\"urlTemplate\":\"https:\/\/com.rst-steel.eu\/?s={search_term_string}\"},\"query-input\":{\"@type\":\"PropertyValueSpecification\",\"valueRequired\":true,\"valueName\":\"search_term_string\"}}],\"inLanguage\":\"nb-NO\"},{\"@type\":\"Organization\",\"@id\":\"https:\/\/com.rst-steel.eu\/#organization\",\"name\":\"RST-Steel Oy\",\"url\":\"https:\/\/com.rst-steel.eu\/\",\"logo\":{\"@type\":\"ImageObject\",\"inLanguage\":\"nb-NO\",\"@id\":\"https:\/\/com.rst-steel.eu\/#\/schema\/logo\/image\/\",\"url\":\"https:\/\/com.rst-steel.eu\/wp-content\/uploads\/2023\/04\/cropped-Rst-logo-valkoinen-teksti-3.png\",\"contentUrl\":\"https:\/\/com.rst-steel.eu\/wp-content\/uploads\/2023\/04\/cropped-Rst-logo-valkoinen-teksti-3.png\",\"width\":512,\"height\":115,\"caption\":\"RST-Steel Oy\"},\"image\":{\"@id\":\"https:\/\/com.rst-steel.eu\/#\/schema\/logo\/image\/\"},\"sameAs\":[\"https:\/\/www.facebook.com\/rststeel\",\"https:\/\/www.instagram.com\/rststeeloy\/\"]}]}<\/script>\n<!-- \/ Yoast SEO plugin. -->","yoast_head_json":{"title":"OZZ SQR 3\u2033 Work Light - RST-Steel","description":"OZZ SQR 3\u2033 Work Light \u2013 compact and powerful LED light for vehicles. Bright beam improves visibility during work, durable design, and easy to install.","robots":{"index":"index","follow":"follow","max-snippet":"max-snippet:-1","max-image-preview":"max-image-preview:large","max-video-preview":"max-video-preview:-1"},"canonical":"https:\/\/com.rst-steel.eu\/nb\/produkt\/ozz-sqr-3\u2033-work-light_pr_96150\/","og_locale":"nb_NO","og_type":"article","og_title":"OZZ SQR 3\u2033 Work Light - RST-Steel","og_description":"OZZ SQR 3\u2033 Work Light \u2013 compact and powerful LED light for vehicles. Bright beam improves visibility during work, durable design, and easy to install.","og_url":"https:\/\/com.rst-steel.eu\/nb\/produkt\/ozz-sqr-3\u2033-work-light_pr_96150\/","og_site_name":"RST-Steel","article_publisher":"https:\/\/www.facebook.com\/rststeel","article_modified_time":"2026-03-16T06:20:40+00:00","og_image":[{"width":700,"height":525,"url":"https:\/\/com.rst-steel.eu\/wp-content\/uploads\/2026\/03\/53ba1aa9ab48799e1a984043b48427502ffc3338_88510_a_1_1.jpg","type":"image\/jpeg"}],"twitter_card":"summary_large_image","twitter_misc":{"Ansl. lesetid":"2 minutter"},"schema":{"@context":"https:\/\/schema.org","@graph":[{"@type":"WebPage","@id":"https:\/\/com.rst-steel.eu\/product\/ozz-sqr-3%e2%80%b3-work-light_pr_96150\/","url":"https:\/\/com.rst-steel.eu\/product\/ozz-sqr-3%e2%80%b3-work-light_pr_96150\/","name":"OZZ SQR 3\u2033 Work Light - RST-Steel","isPartOf":{"@id":"https:\/\/com.rst-steel.eu\/#website"},"primaryImageOfPage":{"@id":"https:\/\/com.rst-steel.eu\/product\/ozz-sqr-3%e2%80%b3-work-light_pr_96150\/#primaryimage"},"image":{"@id":"https:\/\/com.rst-steel.eu\/product\/ozz-sqr-3%e2%80%b3-work-light_pr_96150\/#primaryimage"},"thumbnailUrl":"https:\/\/com.rst-steel.eu\/wp-content\/uploads\/2026\/03\/53ba1aa9ab48799e1a984043b48427502ffc3338_88510_a_1_1.jpg","datePublished":"2026-03-12T11:32:31+00:00","dateModified":"2026-03-16T06:20:40+00:00","description":"OZZ SQR 3\u2033 Work Light \u2013 compact and powerful LED light for vehicles. Bright beam improves visibility during work, durable design, and easy to install.","breadcrumb":{"@id":"https:\/\/com.rst-steel.eu\/product\/ozz-sqr-3%e2%80%b3-work-light_pr_96150\/#breadcrumb"},"inLanguage":"nb-NO","potentialAction":[{"@type":"ReadAction","target":["https:\/\/com.rst-steel.eu\/product\/ozz-sqr-3%e2%80%b3-work-light_pr_96150\/"]}]},{"@type":"ImageObject","inLanguage":"nb-NO","@id":"https:\/\/com.rst-steel.eu\/product\/ozz-sqr-3%e2%80%b3-work-light_pr_96150\/#primaryimage","url":"https:\/\/com.rst-steel.eu\/wp-content\/uploads\/2026\/03\/53ba1aa9ab48799e1a984043b48427502ffc3338_88510_a_1_1.jpg","contentUrl":"https:\/\/com.rst-steel.eu\/wp-content\/uploads\/2026\/03\/53ba1aa9ab48799e1a984043b48427502ffc3338_88510_a_1_1.jpg","width":700,"height":525,"caption":"OZZ SQR 3\u2033 Work Light"},{"@type":"BreadcrumbList","@id":"https:\/\/com.rst-steel.eu\/product\/ozz-sqr-3%e2%80%b3-work-light_pr_96150\/#breadcrumb","itemListElement":[{"@type":"ListItem","position":1,"name":"Home","item":"https:\/\/com.rst-steel.eu\/"},{"@type":"ListItem","position":2,"name":"RST-Steel Shop","item":"https:\/\/com.rst-steel.eu\/shop\/"},{"@type":"ListItem","position":3,"name":"OZZ SQR 3\u2033 Work Light"}]},{"@type":"WebSite","@id":"https:\/\/com.rst-steel.eu\/#website","url":"https:\/\/com.rst-steel.eu\/","name":"RST-Steel.com","description":"Finsk kvalitetsst\u00e5l, for kvalitetsbevisste sj\u00e5f\u00f8rer","publisher":{"@id":"https:\/\/com.rst-steel.eu\/#organization"},"alternateName":"Safe and stylish RST-Steel quality","potentialAction":[{"@type":"SearchAction","target":{"@type":"EntryPoint","urlTemplate":"https:\/\/com.rst-steel.eu\/?s={search_term_string}"},"query-input":{"@type":"PropertyValueSpecification","valueRequired":true,"valueName":"search_term_string"}}],"inLanguage":"nb-NO"},{"@type":"Organization","@id":"https:\/\/com.rst-steel.eu\/#organization","name":"RST-Steel Oy","url":"https:\/\/com.rst-steel.eu\/","logo":{"@type":"ImageObject","inLanguage":"nb-NO","@id":"https:\/\/com.rst-steel.eu\/#\/schema\/logo\/image\/","url":"https:\/\/com.rst-steel.eu\/wp-content\/uploads\/2023\/04\/cropped-Rst-logo-valkoinen-teksti-3.png","contentUrl":"https:\/\/com.rst-steel.eu\/wp-content\/uploads\/2023\/04\/cropped-Rst-logo-valkoinen-teksti-3.png","width":512,"height":115,"caption":"RST-Steel Oy"},"image":{"@id":"https:\/\/com.rst-steel.eu\/#\/schema\/logo\/image\/"},"sameAs":["https:\/\/www.facebook.com\/rststeel","https:\/\/www.instagram.com\/rststeeloy\/"]}]}},"brands":[{"id":8337,"name":"OZZ","slug":"brand_ozz"}],"_links":{"self":[{"href":"https:\/\/com.rst-steel.eu\/nb\/wp-json\/wp\/v2\/product\/122796","targetHints":{"allow":["GET"]}}],"collection":[{"href":"https:\/\/com.rst-steel.eu\/nb\/wp-json\/wp\/v2\/product"}],"about":[{"href":"https:\/\/com.rst-steel.eu\/nb\/wp-json\/wp\/v2\/types\/product"}],"replies":[{"embeddable":true,"href":"https:\/\/com.rst-steel.eu\/nb\/wp-json\/wp\/v2\/comments?post=122796"}],"version-history":[{"count":0,"href":"https:\/\/com.rst-steel.eu\/nb\/wp-json\/wp\/v2\/product\/122796\/revisions"}],"wp:featuredmedia":[{"embeddable":true,"href":"https:\/\/com.rst-steel.eu\/nb\/wp-json\/wp\/v2\/media\/122791"}],"wp:attachment":[{"href":"https:\/\/com.rst-steel.eu\/nb\/wp-json\/wp\/v2\/media?parent=122796"}],"wp:term":[{"taxonomy":"make_fuel_type","embeddable":true,"href":"https:\/\/com.rst-steel.eu\/nb\/wp-json\/wp\/v2\/make_fuel_type?post=122796"},{"taxonomy":"make_model","embeddable":true,"href":"https:\/\/com.rst-steel.eu\/nb\/wp-json\/wp\/v2\/make_model?post=122796"},{"taxonomy":"make_brand","embeddable":true,"href":"https:\/\/com.rst-steel.eu\/nb\/wp-json\/wp\/v2\/make_brand?post=122796"},{"taxonomy":"make_year","embeddable":true,"href":"https:\/\/com.rst-steel.eu\/nb\/wp-json\/wp\/v2\/make_year?post=122796"},{"taxonomy":"pwb-brand","embeddable":true,"href":"https:\/\/com.rst-steel.eu\/nb\/wp-json\/wp\/v2\/pwb-brand?post=122796"},{"taxonomy":"product_brand","embeddable":true,"href":"https:\/\/com.rst-steel.eu\/nb\/wp-json\/wp\/v2\/product_brand?post=122796"},{"taxonomy":"product_cat","embeddable":true,"href":"https:\/\/com.rst-steel.eu\/nb\/wp-json\/wp\/v2\/product_cat?post=122796"},{"taxonomy":"product_tag","embeddable":true,"href":"https:\/\/com.rst-steel.eu\/nb\/wp-json\/wp\/v2\/product_tag?post=122796"}],"curies":[{"name":"wp","href":"https:\/\/api.w.org\/{rel}","templated":true}]}}