{"id":122755,"date":"2026-03-10T11:59:43","date_gmt":"2026-03-10T08:59:43","guid":{"rendered":"https:\/\/rst-steel.com\/product\/wiring-harness-for-bull-bar-6x4-pin-dt-beacon_pr_96062\/"},"modified":"2026-03-16T09:20:39","modified_gmt":"2026-03-16T06:20:39","slug":"wiring-harness-for-bull-bar-6x4-pin-dt-beacon_pr_96062","status":"publish","type":"product","link":"https:\/\/com.rst-steel.eu\/nb\/produkt\/wiring-harness-for-bull-bar-6x4-pin-dt-beacon_pr_96062\/","title":{"rendered":"Wiring Harness for Bull Bar \u2013 6&#215;4-Pin DT (Parking Lights)"},"content":{"rendered":"<div><strong>Wiring Harness for Bull Bar \u2013 6&#215;4-Pin DT (Parking Lights)<\/strong><\/div>\n<ul>\n<li><\/li>\n<\/ul>\n<div>This universal wiring harness for a bull bar is designed specifically for installing auxiliary lights. The harness is suitable for up to six OZZ 200W auxiliary lights and is compatible with OZZ lights equipped with parking lights.<\/div>\n<ul>\n<li><\/li>\n<\/ul>\n<div><strong>\u00a0Wiring harness Features:<\/strong><\/div>\n<ul>\n<li>No connectors \u2013 direct wires: Makes installation quick and easy.<\/li>\n<li>Parking light outputs: The harness includes ready-made outputs for parking lights, enabling the installation of auxiliary lights with this features.<\/li>\n<li>Power capacity up to 50A \/ 6x200W: Suitable for up to six 200-watt auxiliary lights.<\/li>\n<li><\/li>\n<\/ul>\n<p><strong><a href=\"https:\/\/www.youtube.com\/watch?v=G2FVajPh-pM\">Installation Instruction video!<\/a><\/strong><\/p>\n<div>Remember to also order a power supply cable for the bull bar! The supply cable ensures optimal power delivery so you can use the lights at full capacity. Plug &amp; Play connection to the wiring harness.<\/div>","protected":false},"excerpt":{"rendered":"<p>Suitable for up to six auxiliary lights with parking lights!<\/p>","protected":false},"featured_media":122754,"comment_status":"open","ping_status":"closed","template":"","meta":{"_improvement_type_select":"improve_an_existing","_thumb_yes_seoaic":false,"_frame_yes_seoaic":false,"seoaic_generate_description":"","seoaic_improve_instructions_prompt":"","seoaic_rollback_content_improvement":"","seoaic_idea_thumbnail_generator":"","thumbnail_generated":false,"thumbnail_generate_prompt":"","seoaic_article_description":""},"make_fuel_type":[],"make_model":[],"make_brand":[],"make_year":[],"pwb-brand":[],"product_brand":[],"product_cat":[8248,6195,6242],"product_tag":[],"class_list":{"0":"post-122755","1":"product","2":"type-product","3":"status-publish","4":"has-post-thumbnail","6":"product_cat-wire-kits-and-cables","7":"product_cat-lamps","8":"product_cat-mounting-accessories","10":"first","11":"instock","12":"taxable","13":"shipping-taxable","14":"purchasable","15":"product-type-simple"},"yoast_head":"<!-- This site is optimized with the Yoast SEO plugin v25.7 - https:\/\/yoast.com\/wordpress\/plugins\/seo\/ -->\n<title>Wiring Harness for Bull Bar \u2013 6x4-Pin DT (Parking Lights) - RST-Steel<\/title>\n<meta name=\"description\" content=\"Wiring harness for bull bar 6\u00d74-Pin DT with beacon. Supports up to six 200W auxiliary lights. Easy Plug &amp; Play installation with beacon and parking outputs.\" \/>\n<meta name=\"robots\" content=\"index, follow, max-snippet:-1, max-image-preview:large, max-video-preview:-1\" \/>\n<link rel=\"canonical\" href=\"https:\/\/com.rst-steel.eu\/nb\/produkt\/wiring-harness-for-bull-bar-6x4-pin-dt-beacon_pr_96062\/\" \/>\n<meta property=\"og:locale\" content=\"nb_NO\" \/>\n<meta property=\"og:type\" content=\"article\" \/>\n<meta property=\"og:title\" content=\"Wiring Harness for Bull Bar \u2013 6x4-Pin DT (Parking Lights) - RST-Steel\" \/>\n<meta property=\"og:description\" content=\"Wiring harness for bull bar 6\u00d74-Pin DT with beacon. Supports up to six 200W auxiliary lights. Easy Plug &amp; Play installation with beacon and parking outputs.\" \/>\n<meta property=\"og:url\" content=\"https:\/\/com.rst-steel.eu\/nb\/produkt\/wiring-harness-for-bull-bar-6x4-pin-dt-beacon_pr_96062\/\" \/>\n<meta property=\"og:site_name\" content=\"RST-Steel\" \/>\n<meta property=\"article:publisher\" content=\"https:\/\/www.facebook.com\/rststeel\" \/>\n<meta property=\"article:modified_time\" content=\"2026-03-16T06:20:39+00:00\" \/>\n<meta property=\"og:image\" content=\"https:\/\/com.rst-steel.eu\/wp-content\/uploads\/2026\/03\/093f58bed2aa0ba44a3f47ab62de6d581246f0b5_RST154.jpg\" \/>\n\t<meta property=\"og:image:width\" content=\"2048\" \/>\n\t<meta property=\"og:image:height\" content=\"2048\" \/>\n\t<meta property=\"og:image:type\" content=\"image\/jpeg\" \/>\n<meta name=\"twitter:card\" content=\"summary_large_image\" \/>\n<meta name=\"twitter:label1\" content=\"Ansl. lesetid\" \/>\n\t<meta name=\"twitter:data1\" content=\"1 minutt\" \/>\n<script type=\"application\/ld+json\" class=\"yoast-schema-graph\">{\"@context\":\"https:\/\/schema.org\",\"@graph\":[{\"@type\":\"WebPage\",\"@id\":\"https:\/\/com.rst-steel.eu\/product\/wiring-harness-for-bull-bar-6x4-pin-dt-beacon_pr_96062\/\",\"url\":\"https:\/\/com.rst-steel.eu\/product\/wiring-harness-for-bull-bar-6x4-pin-dt-beacon_pr_96062\/\",\"name\":\"Wiring Harness for Bull Bar \u2013 6x4-Pin DT (Parking Lights) - RST-Steel\",\"isPartOf\":{\"@id\":\"https:\/\/com.rst-steel.eu\/#website\"},\"primaryImageOfPage\":{\"@id\":\"https:\/\/com.rst-steel.eu\/product\/wiring-harness-for-bull-bar-6x4-pin-dt-beacon_pr_96062\/#primaryimage\"},\"image\":{\"@id\":\"https:\/\/com.rst-steel.eu\/product\/wiring-harness-for-bull-bar-6x4-pin-dt-beacon_pr_96062\/#primaryimage\"},\"thumbnailUrl\":\"https:\/\/com.rst-steel.eu\/wp-content\/uploads\/2026\/03\/093f58bed2aa0ba44a3f47ab62de6d581246f0b5_RST154.jpg\",\"datePublished\":\"2026-03-10T08:59:43+00:00\",\"dateModified\":\"2026-03-16T06:20:39+00:00\",\"description\":\"Wiring harness for bull bar 6\u00d74-Pin DT with beacon. Supports up to six 200W auxiliary lights. Easy Plug & Play installation with beacon and parking outputs.\",\"breadcrumb\":{\"@id\":\"https:\/\/com.rst-steel.eu\/product\/wiring-harness-for-bull-bar-6x4-pin-dt-beacon_pr_96062\/#breadcrumb\"},\"inLanguage\":\"nb-NO\",\"potentialAction\":[{\"@type\":\"ReadAction\",\"target\":[\"https:\/\/com.rst-steel.eu\/product\/wiring-harness-for-bull-bar-6x4-pin-dt-beacon_pr_96062\/\"]}]},{\"@type\":\"ImageObject\",\"inLanguage\":\"nb-NO\",\"@id\":\"https:\/\/com.rst-steel.eu\/product\/wiring-harness-for-bull-bar-6x4-pin-dt-beacon_pr_96062\/#primaryimage\",\"url\":\"https:\/\/com.rst-steel.eu\/wp-content\/uploads\/2026\/03\/093f58bed2aa0ba44a3f47ab62de6d581246f0b5_RST154.jpg\",\"contentUrl\":\"https:\/\/com.rst-steel.eu\/wp-content\/uploads\/2026\/03\/093f58bed2aa0ba44a3f47ab62de6d581246f0b5_RST154.jpg\",\"width\":2048,\"height\":2048,\"caption\":\"Wiring Harness for Bull Bar \u2013 6x4-Pin DT (Beacon)\"},{\"@type\":\"BreadcrumbList\",\"@id\":\"https:\/\/com.rst-steel.eu\/product\/wiring-harness-for-bull-bar-6x4-pin-dt-beacon_pr_96062\/#breadcrumb\",\"itemListElement\":[{\"@type\":\"ListItem\",\"position\":1,\"name\":\"Home\",\"item\":\"https:\/\/com.rst-steel.eu\/\"},{\"@type\":\"ListItem\",\"position\":2,\"name\":\"RST-Steel Shop\",\"item\":\"https:\/\/com.rst-steel.eu\/shop\/\"},{\"@type\":\"ListItem\",\"position\":3,\"name\":\"Wiring Harness for Bull Bar \u2013 6&#215;4-Pin DT (Parking Lights)\"}]},{\"@type\":\"WebSite\",\"@id\":\"https:\/\/com.rst-steel.eu\/#website\",\"url\":\"https:\/\/com.rst-steel.eu\/\",\"name\":\"RST-Steel.com\",\"description\":\"Finnish quality steel, for quality-conscious drivers\",\"publisher\":{\"@id\":\"https:\/\/com.rst-steel.eu\/#organization\"},\"alternateName\":\"Safe and stylish RST-Steel quality\",\"potentialAction\":[{\"@type\":\"SearchAction\",\"target\":{\"@type\":\"EntryPoint\",\"urlTemplate\":\"https:\/\/com.rst-steel.eu\/?s={search_term_string}\"},\"query-input\":{\"@type\":\"PropertyValueSpecification\",\"valueRequired\":true,\"valueName\":\"search_term_string\"}}],\"inLanguage\":\"nb-NO\"},{\"@type\":\"Organization\",\"@id\":\"https:\/\/com.rst-steel.eu\/#organization\",\"name\":\"RST-Steel Oy\",\"url\":\"https:\/\/com.rst-steel.eu\/\",\"logo\":{\"@type\":\"ImageObject\",\"inLanguage\":\"nb-NO\",\"@id\":\"https:\/\/com.rst-steel.eu\/#\/schema\/logo\/image\/\",\"url\":\"https:\/\/com.rst-steel.eu\/wp-content\/uploads\/2023\/04\/cropped-Rst-logo-valkoinen-teksti-3.png\",\"contentUrl\":\"https:\/\/com.rst-steel.eu\/wp-content\/uploads\/2023\/04\/cropped-Rst-logo-valkoinen-teksti-3.png\",\"width\":512,\"height\":115,\"caption\":\"RST-Steel Oy\"},\"image\":{\"@id\":\"https:\/\/com.rst-steel.eu\/#\/schema\/logo\/image\/\"},\"sameAs\":[\"https:\/\/www.facebook.com\/rststeel\",\"https:\/\/www.instagram.com\/rststeeloy\/\"]}]}<\/script>\n<!-- \/ Yoast SEO plugin. -->","yoast_head_json":{"title":"Wiring Harness for Bull Bar \u2013 6x4-Pin DT (Parking Lights) - RST-Steel","description":"Wiring harness for bull bar 6\u00d74-Pin DT with beacon. Supports up to six 200W auxiliary lights. Easy Plug & Play installation with beacon and parking outputs.","robots":{"index":"index","follow":"follow","max-snippet":"max-snippet:-1","max-image-preview":"max-image-preview:large","max-video-preview":"max-video-preview:-1"},"canonical":"https:\/\/com.rst-steel.eu\/nb\/produkt\/wiring-harness-for-bull-bar-6x4-pin-dt-beacon_pr_96062\/","og_locale":"nb_NO","og_type":"article","og_title":"Wiring Harness for Bull Bar \u2013 6x4-Pin DT (Parking Lights) - RST-Steel","og_description":"Wiring harness for bull bar 6\u00d74-Pin DT with beacon. Supports up to six 200W auxiliary lights. Easy Plug & Play installation with beacon and parking outputs.","og_url":"https:\/\/com.rst-steel.eu\/nb\/produkt\/wiring-harness-for-bull-bar-6x4-pin-dt-beacon_pr_96062\/","og_site_name":"RST-Steel","article_publisher":"https:\/\/www.facebook.com\/rststeel","article_modified_time":"2026-03-16T06:20:39+00:00","og_image":[{"width":2048,"height":2048,"url":"https:\/\/com.rst-steel.eu\/wp-content\/uploads\/2026\/03\/093f58bed2aa0ba44a3f47ab62de6d581246f0b5_RST154.jpg","type":"image\/jpeg"}],"twitter_card":"summary_large_image","twitter_misc":{"Ansl. lesetid":"1 minutt"},"schema":{"@context":"https:\/\/schema.org","@graph":[{"@type":"WebPage","@id":"https:\/\/com.rst-steel.eu\/product\/wiring-harness-for-bull-bar-6x4-pin-dt-beacon_pr_96062\/","url":"https:\/\/com.rst-steel.eu\/product\/wiring-harness-for-bull-bar-6x4-pin-dt-beacon_pr_96062\/","name":"Wiring Harness for Bull Bar \u2013 6x4-Pin DT (Parking Lights) - RST-Steel","isPartOf":{"@id":"https:\/\/com.rst-steel.eu\/#website"},"primaryImageOfPage":{"@id":"https:\/\/com.rst-steel.eu\/product\/wiring-harness-for-bull-bar-6x4-pin-dt-beacon_pr_96062\/#primaryimage"},"image":{"@id":"https:\/\/com.rst-steel.eu\/product\/wiring-harness-for-bull-bar-6x4-pin-dt-beacon_pr_96062\/#primaryimage"},"thumbnailUrl":"https:\/\/com.rst-steel.eu\/wp-content\/uploads\/2026\/03\/093f58bed2aa0ba44a3f47ab62de6d581246f0b5_RST154.jpg","datePublished":"2026-03-10T08:59:43+00:00","dateModified":"2026-03-16T06:20:39+00:00","description":"Wiring harness for bull bar 6\u00d74-Pin DT with beacon. Supports up to six 200W auxiliary lights. Easy Plug & Play installation with beacon and parking outputs.","breadcrumb":{"@id":"https:\/\/com.rst-steel.eu\/product\/wiring-harness-for-bull-bar-6x4-pin-dt-beacon_pr_96062\/#breadcrumb"},"inLanguage":"nb-NO","potentialAction":[{"@type":"ReadAction","target":["https:\/\/com.rst-steel.eu\/product\/wiring-harness-for-bull-bar-6x4-pin-dt-beacon_pr_96062\/"]}]},{"@type":"ImageObject","inLanguage":"nb-NO","@id":"https:\/\/com.rst-steel.eu\/product\/wiring-harness-for-bull-bar-6x4-pin-dt-beacon_pr_96062\/#primaryimage","url":"https:\/\/com.rst-steel.eu\/wp-content\/uploads\/2026\/03\/093f58bed2aa0ba44a3f47ab62de6d581246f0b5_RST154.jpg","contentUrl":"https:\/\/com.rst-steel.eu\/wp-content\/uploads\/2026\/03\/093f58bed2aa0ba44a3f47ab62de6d581246f0b5_RST154.jpg","width":2048,"height":2048,"caption":"Wiring Harness for Bull Bar \u2013 6x4-Pin DT (Beacon)"},{"@type":"BreadcrumbList","@id":"https:\/\/com.rst-steel.eu\/product\/wiring-harness-for-bull-bar-6x4-pin-dt-beacon_pr_96062\/#breadcrumb","itemListElement":[{"@type":"ListItem","position":1,"name":"Home","item":"https:\/\/com.rst-steel.eu\/"},{"@type":"ListItem","position":2,"name":"RST-Steel Shop","item":"https:\/\/com.rst-steel.eu\/shop\/"},{"@type":"ListItem","position":3,"name":"Wiring Harness for Bull Bar \u2013 6&#215;4-Pin DT (Parking Lights)"}]},{"@type":"WebSite","@id":"https:\/\/com.rst-steel.eu\/#website","url":"https:\/\/com.rst-steel.eu\/","name":"RST-Steel.com","description":"Finsk kvalitetsst\u00e5l, for kvalitetsbevisste sj\u00e5f\u00f8rer","publisher":{"@id":"https:\/\/com.rst-steel.eu\/#organization"},"alternateName":"Safe and stylish RST-Steel quality","potentialAction":[{"@type":"SearchAction","target":{"@type":"EntryPoint","urlTemplate":"https:\/\/com.rst-steel.eu\/?s={search_term_string}"},"query-input":{"@type":"PropertyValueSpecification","valueRequired":true,"valueName":"search_term_string"}}],"inLanguage":"nb-NO"},{"@type":"Organization","@id":"https:\/\/com.rst-steel.eu\/#organization","name":"RST-Steel Oy","url":"https:\/\/com.rst-steel.eu\/","logo":{"@type":"ImageObject","inLanguage":"nb-NO","@id":"https:\/\/com.rst-steel.eu\/#\/schema\/logo\/image\/","url":"https:\/\/com.rst-steel.eu\/wp-content\/uploads\/2023\/04\/cropped-Rst-logo-valkoinen-teksti-3.png","contentUrl":"https:\/\/com.rst-steel.eu\/wp-content\/uploads\/2023\/04\/cropped-Rst-logo-valkoinen-teksti-3.png","width":512,"height":115,"caption":"RST-Steel Oy"},"image":{"@id":"https:\/\/com.rst-steel.eu\/#\/schema\/logo\/image\/"},"sameAs":["https:\/\/www.facebook.com\/rststeel","https:\/\/www.instagram.com\/rststeeloy\/"]}]}},"brands":[],"_links":{"self":[{"href":"https:\/\/com.rst-steel.eu\/nb\/wp-json\/wp\/v2\/product\/122755","targetHints":{"allow":["GET"]}}],"collection":[{"href":"https:\/\/com.rst-steel.eu\/nb\/wp-json\/wp\/v2\/product"}],"about":[{"href":"https:\/\/com.rst-steel.eu\/nb\/wp-json\/wp\/v2\/types\/product"}],"replies":[{"embeddable":true,"href":"https:\/\/com.rst-steel.eu\/nb\/wp-json\/wp\/v2\/comments?post=122755"}],"version-history":[{"count":0,"href":"https:\/\/com.rst-steel.eu\/nb\/wp-json\/wp\/v2\/product\/122755\/revisions"}],"wp:featuredmedia":[{"embeddable":true,"href":"https:\/\/com.rst-steel.eu\/nb\/wp-json\/wp\/v2\/media\/122754"}],"wp:attachment":[{"href":"https:\/\/com.rst-steel.eu\/nb\/wp-json\/wp\/v2\/media?parent=122755"}],"wp:term":[{"taxonomy":"make_fuel_type","embeddable":true,"href":"https:\/\/com.rst-steel.eu\/nb\/wp-json\/wp\/v2\/make_fuel_type?post=122755"},{"taxonomy":"make_model","embeddable":true,"href":"https:\/\/com.rst-steel.eu\/nb\/wp-json\/wp\/v2\/make_model?post=122755"},{"taxonomy":"make_brand","embeddable":true,"href":"https:\/\/com.rst-steel.eu\/nb\/wp-json\/wp\/v2\/make_brand?post=122755"},{"taxonomy":"make_year","embeddable":true,"href":"https:\/\/com.rst-steel.eu\/nb\/wp-json\/wp\/v2\/make_year?post=122755"},{"taxonomy":"pwb-brand","embeddable":true,"href":"https:\/\/com.rst-steel.eu\/nb\/wp-json\/wp\/v2\/pwb-brand?post=122755"},{"taxonomy":"product_brand","embeddable":true,"href":"https:\/\/com.rst-steel.eu\/nb\/wp-json\/wp\/v2\/product_brand?post=122755"},{"taxonomy":"product_cat","embeddable":true,"href":"https:\/\/com.rst-steel.eu\/nb\/wp-json\/wp\/v2\/product_cat?post=122755"},{"taxonomy":"product_tag","embeddable":true,"href":"https:\/\/com.rst-steel.eu\/nb\/wp-json\/wp\/v2\/product_tag?post=122755"}],"curies":[{"name":"wp","href":"https:\/\/api.w.org\/{rel}","templated":true}]}}