{"id":122592,"date":"2026-02-25T10:55:57","date_gmt":"2026-02-25T07:55:57","guid":{"rendered":"https:\/\/rst-steel.com\/product\/rear-bar-volvo-l150h-l180h-l220h_prm_71986\/"},"modified":"2026-03-19T11:56:07","modified_gmt":"2026-03-19T08:56:07","slug":"hoodbar-volvo-l150h-l180h-l220h_prm_71986","status":"publish","type":"product","link":"https:\/\/com.rst-steel.eu\/nb\/produkt\/hoodbar-volvo-l150h-l180h-l220h_prm_71986\/","title":{"rendered":"Hoodbar Volvo L150H\/L180H\/L220H"},"content":{"rendered":"<div><strong>Hoodbar Volvo L150H\/L180H\/L220H<\/strong><\/div>\n<ul>\n<li><span style=\"font-weight: bold;\">\u00a0<\/span><\/li>\n<\/ul>\n<div>RST-Steel hoodbars are premium Key Flag products manufactured in Finland from high-quality stainless steel.<\/div>\n<div>This stylish hoodbar completes the look of your machine while adding practical functionality. The bar can be equipped with marker lights and strobe lights, improving your visibility both in traffic and on job sites.<\/div>\n<ul>\n<li><\/li>\n<\/ul>\n<div><span style=\"font-weight: bold;\">Hvorfor velge RST-Steel?<\/span><\/div>\n<ul>\n<li><span style=\"font-weight: bold;\">Reliability: <\/span>Mange \u00e5rs erfaring og ekspertise garanterer h\u00f8y kvalitet og lang levetid for produktene v\u00e5re.<\/li>\n<li><span style=\"font-weight: bold;\">Kundetilfredshet: <\/span>Tusenvis av forn\u00f8yde kunder over hele verden stoler p\u00e5 RST-Steel-produkter.<\/li>\n<li><\/li>\n<\/ul>\n<div><span style=\"font-weight: bold;\">Tekniske spesifikasjoner:<\/span><\/div>\n<ul>\n<li>Farge: Polert rustfritt st\u00e5l eller malt i standard RAL-farger<\/li>\n<li>R\u00f8rdiameter: 60 mm<\/li>\n<li><\/li>\n<\/ul>\n<div><span style=\"font-weight: bold;\">Innhold:<\/span><\/div>\n<ul>\n<li>Hoodbar Volvo L150H\/L180H\/L220H<\/li>\n<li>Monteringsutstyr kreves for installasjon<\/li>\n<li>Installasjonsinstruksjoner<\/li>\n<\/ul>","protected":false},"excerpt":{"rendered":"<p>Tilgjengelig i flere forskjellige modeller!<\/p>","protected":false},"featured_media":122589,"comment_status":"open","ping_status":"closed","template":"","meta":{"_improvement_type_select":"improve_an_existing","_thumb_yes_seoaic":false,"_frame_yes_seoaic":false,"seoaic_generate_description":"","seoaic_improve_instructions_prompt":"","seoaic_rollback_content_improvement":"","seoaic_idea_thumbnail_generator":"","thumbnail_generated":false,"thumbnail_generate_prompt":"","seoaic_article_description":""},"make_fuel_type":[],"make_model":[6628],"make_brand":[6533],"make_year":[6465],"pwb-brand":[8334],"product_brand":[],"product_cat":[8083,6057,6074],"product_tag":[8483],"class_list":{"0":"post-122592","1":"product","2":"type-product","3":"status-publish","4":"has-post-thumbnail","6":"make_model-volvo-wheelloaders","7":"make_brand-volvo-workmachines","8":"make_year-workmachines","9":"pwb-brand-brand_rststeel","10":"product_cat-volvo-rearb-wl","11":"product_cat-lightbars","12":"product_cat-rearbars-for-wheel-loaders","13":"product_tag-volvo-rear-bar","14":"product_shipping_class-lightbars","16":"first","17":"onbackorder","18":"taxable","19":"shipping-taxable","20":"purchasable","21":"product-type-variable"},"yoast_head":"<!-- This site is optimized with the Yoast SEO plugin v25.7 - https:\/\/yoast.com\/wordpress\/plugins\/seo\/ -->\n<title>Hoodbar Volvo L150H\/L180H\/L220H - RST-Steel<\/title>\n<meta name=\"description\" content=\"Hoodbar Volvo L150H\/L180H\/L220H wheel loaders. Durable stainless steel, stylish design, enhances visibility and safety on job sites.\" \/>\n<meta name=\"robots\" content=\"index, follow, max-snippet:-1, max-image-preview:large, max-video-preview:-1\" \/>\n<link rel=\"canonical\" href=\"https:\/\/com.rst-steel.eu\/nb\/produkt\/hoodbar-volvo-l150h-l180h-l220h_prm_71986\/\" \/>\n<meta property=\"og:locale\" content=\"nb_NO\" \/>\n<meta property=\"og:type\" content=\"article\" \/>\n<meta property=\"og:title\" content=\"Hoodbar Volvo L150H\/L180H\/L220H - RST-Steel\" \/>\n<meta property=\"og:description\" content=\"Hoodbar Volvo L150H\/L180H\/L220H wheel loaders. Durable stainless steel, stylish design, enhances visibility and safety on job sites.\" \/>\n<meta property=\"og:url\" content=\"https:\/\/com.rst-steel.eu\/nb\/produkt\/hoodbar-volvo-l150h-l180h-l220h_prm_71986\/\" \/>\n<meta property=\"og:site_name\" content=\"RST-Steel\" \/>\n<meta property=\"article:publisher\" content=\"https:\/\/www.facebook.com\/rststeel\" \/>\n<meta property=\"article:modified_time\" content=\"2026-03-19T08:56:07+00:00\" \/>\n<meta property=\"og:image\" content=\"https:\/\/com.rst-steel.eu\/wp-content\/uploads\/2026\/02\/de15d1731dd6986b272f4a7a9c49739a07d46b46_51358.jpg\" \/>\n\t<meta property=\"og:image:width\" content=\"1920\" \/>\n\t<meta property=\"og:image:height\" content=\"1080\" \/>\n\t<meta property=\"og:image:type\" content=\"image\/jpeg\" \/>\n<meta name=\"twitter:card\" content=\"summary_large_image\" \/>\n<meta name=\"twitter:label1\" content=\"Ansl. lesetid\" \/>\n\t<meta name=\"twitter:data1\" content=\"1 minutt\" \/>\n<script type=\"application\/ld+json\" class=\"yoast-schema-graph\">{\"@context\":\"https:\/\/schema.org\",\"@graph\":[{\"@type\":\"WebPage\",\"@id\":\"https:\/\/com.rst-steel.eu\/sv\/produkt\/hoodbar-volvo-l150h-l180h-l220h_prm_71986\/\",\"url\":\"https:\/\/com.rst-steel.eu\/sv\/produkt\/hoodbar-volvo-l150h-l180h-l220h_prm_71986\/\",\"name\":\"Hoodbar Volvo L150H\/L180H\/L220H - RST-Steel\",\"isPartOf\":{\"@id\":\"https:\/\/com.rst-steel.eu\/#website\"},\"primaryImageOfPage\":{\"@id\":\"https:\/\/com.rst-steel.eu\/sv\/produkt\/hoodbar-volvo-l150h-l180h-l220h_prm_71986\/#primaryimage\"},\"image\":{\"@id\":\"https:\/\/com.rst-steel.eu\/sv\/produkt\/hoodbar-volvo-l150h-l180h-l220h_prm_71986\/#primaryimage\"},\"thumbnailUrl\":\"https:\/\/com.rst-steel.eu\/wp-content\/uploads\/2026\/02\/de15d1731dd6986b272f4a7a9c49739a07d46b46_51358.jpg\",\"datePublished\":\"2026-02-25T07:55:57+00:00\",\"dateModified\":\"2026-03-19T08:56:07+00:00\",\"description\":\"Hoodbar Volvo L150H\/L180H\/L220H wheel loaders. Durable stainless steel, stylish design, enhances visibility and safety on job sites.\",\"breadcrumb\":{\"@id\":\"https:\/\/com.rst-steel.eu\/sv\/produkt\/hoodbar-volvo-l150h-l180h-l220h_prm_71986\/#breadcrumb\"},\"inLanguage\":\"nb-NO\",\"potentialAction\":[{\"@type\":\"ReadAction\",\"target\":[\"https:\/\/com.rst-steel.eu\/sv\/produkt\/hoodbar-volvo-l150h-l180h-l220h_prm_71986\/\"]}]},{\"@type\":\"ImageObject\",\"inLanguage\":\"nb-NO\",\"@id\":\"https:\/\/com.rst-steel.eu\/sv\/produkt\/hoodbar-volvo-l150h-l180h-l220h_prm_71986\/#primaryimage\",\"url\":\"https:\/\/com.rst-steel.eu\/wp-content\/uploads\/2026\/02\/de15d1731dd6986b272f4a7a9c49739a07d46b46_51358.jpg\",\"contentUrl\":\"https:\/\/com.rst-steel.eu\/wp-content\/uploads\/2026\/02\/de15d1731dd6986b272f4a7a9c49739a07d46b46_51358.jpg\",\"width\":1920,\"height\":1080,\"caption\":\"Hoodbar Volvo L150H\/L180H\/L220H\"},{\"@type\":\"BreadcrumbList\",\"@id\":\"https:\/\/com.rst-steel.eu\/sv\/produkt\/hoodbar-volvo-l150h-l180h-l220h_prm_71986\/#breadcrumb\",\"itemListElement\":[{\"@type\":\"ListItem\",\"position\":1,\"name\":\"Home\",\"item\":\"https:\/\/com.rst-steel.eu\/\"},{\"@type\":\"ListItem\",\"position\":2,\"name\":\"RST-Steel Shop\",\"item\":\"https:\/\/com.rst-steel.eu\/shop\/\"},{\"@type\":\"ListItem\",\"position\":3,\"name\":\"Hoodbar Volvo L150H\/L180H\/L220H\"}]},{\"@type\":\"WebSite\",\"@id\":\"https:\/\/com.rst-steel.eu\/#website\",\"url\":\"https:\/\/com.rst-steel.eu\/\",\"name\":\"RST-Steel.com\",\"description\":\"Finnish quality steel, for quality-conscious drivers\",\"publisher\":{\"@id\":\"https:\/\/com.rst-steel.eu\/#organization\"},\"alternateName\":\"Safe and stylish RST-Steel quality\",\"potentialAction\":[{\"@type\":\"SearchAction\",\"target\":{\"@type\":\"EntryPoint\",\"urlTemplate\":\"https:\/\/com.rst-steel.eu\/?s={search_term_string}\"},\"query-input\":{\"@type\":\"PropertyValueSpecification\",\"valueRequired\":true,\"valueName\":\"search_term_string\"}}],\"inLanguage\":\"nb-NO\"},{\"@type\":\"Organization\",\"@id\":\"https:\/\/com.rst-steel.eu\/#organization\",\"name\":\"RST-Steel Oy\",\"url\":\"https:\/\/com.rst-steel.eu\/\",\"logo\":{\"@type\":\"ImageObject\",\"inLanguage\":\"nb-NO\",\"@id\":\"https:\/\/com.rst-steel.eu\/#\/schema\/logo\/image\/\",\"url\":\"https:\/\/com.rst-steel.eu\/wp-content\/uploads\/2023\/04\/cropped-Rst-logo-valkoinen-teksti-3.png\",\"contentUrl\":\"https:\/\/com.rst-steel.eu\/wp-content\/uploads\/2023\/04\/cropped-Rst-logo-valkoinen-teksti-3.png\",\"width\":512,\"height\":115,\"caption\":\"RST-Steel Oy\"},\"image\":{\"@id\":\"https:\/\/com.rst-steel.eu\/#\/schema\/logo\/image\/\"},\"sameAs\":[\"https:\/\/www.facebook.com\/rststeel\",\"https:\/\/www.instagram.com\/rststeeloy\/\"]}]}<\/script>\n<!-- \/ Yoast SEO plugin. -->","yoast_head_json":{"title":"Hoodbar Volvo L150H\/L180H\/L220H - RST-Steel","description":"Hoodbar Volvo L150H\/L180H\/L220H wheel loaders. Durable stainless steel, stylish design, enhances visibility and safety on job sites.","robots":{"index":"index","follow":"follow","max-snippet":"max-snippet:-1","max-image-preview":"max-image-preview:large","max-video-preview":"max-video-preview:-1"},"canonical":"https:\/\/com.rst-steel.eu\/nb\/produkt\/hoodbar-volvo-l150h-l180h-l220h_prm_71986\/","og_locale":"nb_NO","og_type":"article","og_title":"Hoodbar Volvo L150H\/L180H\/L220H - RST-Steel","og_description":"Hoodbar Volvo L150H\/L180H\/L220H wheel loaders. Durable stainless steel, stylish design, enhances visibility and safety on job sites.","og_url":"https:\/\/com.rst-steel.eu\/nb\/produkt\/hoodbar-volvo-l150h-l180h-l220h_prm_71986\/","og_site_name":"RST-Steel","article_publisher":"https:\/\/www.facebook.com\/rststeel","article_modified_time":"2026-03-19T08:56:07+00:00","og_image":[{"width":1920,"height":1080,"url":"https:\/\/com.rst-steel.eu\/wp-content\/uploads\/2026\/02\/de15d1731dd6986b272f4a7a9c49739a07d46b46_51358.jpg","type":"image\/jpeg"}],"twitter_card":"summary_large_image","twitter_misc":{"Ansl. lesetid":"1 minutt"},"schema":{"@context":"https:\/\/schema.org","@graph":[{"@type":"WebPage","@id":"https:\/\/com.rst-steel.eu\/sv\/produkt\/hoodbar-volvo-l150h-l180h-l220h_prm_71986\/","url":"https:\/\/com.rst-steel.eu\/sv\/produkt\/hoodbar-volvo-l150h-l180h-l220h_prm_71986\/","name":"Hoodbar Volvo L150H\/L180H\/L220H - RST-Steel","isPartOf":{"@id":"https:\/\/com.rst-steel.eu\/#website"},"primaryImageOfPage":{"@id":"https:\/\/com.rst-steel.eu\/sv\/produkt\/hoodbar-volvo-l150h-l180h-l220h_prm_71986\/#primaryimage"},"image":{"@id":"https:\/\/com.rst-steel.eu\/sv\/produkt\/hoodbar-volvo-l150h-l180h-l220h_prm_71986\/#primaryimage"},"thumbnailUrl":"https:\/\/com.rst-steel.eu\/wp-content\/uploads\/2026\/02\/de15d1731dd6986b272f4a7a9c49739a07d46b46_51358.jpg","datePublished":"2026-02-25T07:55:57+00:00","dateModified":"2026-03-19T08:56:07+00:00","description":"Hoodbar Volvo L150H\/L180H\/L220H wheel loaders. Durable stainless steel, stylish design, enhances visibility and safety on job sites.","breadcrumb":{"@id":"https:\/\/com.rst-steel.eu\/sv\/produkt\/hoodbar-volvo-l150h-l180h-l220h_prm_71986\/#breadcrumb"},"inLanguage":"nb-NO","potentialAction":[{"@type":"ReadAction","target":["https:\/\/com.rst-steel.eu\/sv\/produkt\/hoodbar-volvo-l150h-l180h-l220h_prm_71986\/"]}]},{"@type":"ImageObject","inLanguage":"nb-NO","@id":"https:\/\/com.rst-steel.eu\/sv\/produkt\/hoodbar-volvo-l150h-l180h-l220h_prm_71986\/#primaryimage","url":"https:\/\/com.rst-steel.eu\/wp-content\/uploads\/2026\/02\/de15d1731dd6986b272f4a7a9c49739a07d46b46_51358.jpg","contentUrl":"https:\/\/com.rst-steel.eu\/wp-content\/uploads\/2026\/02\/de15d1731dd6986b272f4a7a9c49739a07d46b46_51358.jpg","width":1920,"height":1080,"caption":"Hoodbar Volvo L150H\/L180H\/L220H"},{"@type":"BreadcrumbList","@id":"https:\/\/com.rst-steel.eu\/sv\/produkt\/hoodbar-volvo-l150h-l180h-l220h_prm_71986\/#breadcrumb","itemListElement":[{"@type":"ListItem","position":1,"name":"Home","item":"https:\/\/com.rst-steel.eu\/"},{"@type":"ListItem","position":2,"name":"RST-Steel Shop","item":"https:\/\/com.rst-steel.eu\/shop\/"},{"@type":"ListItem","position":3,"name":"Hoodbar Volvo L150H\/L180H\/L220H"}]},{"@type":"WebSite","@id":"https:\/\/com.rst-steel.eu\/#website","url":"https:\/\/com.rst-steel.eu\/","name":"RST-Steel.com","description":"Finsk kvalitetsst\u00e5l, for kvalitetsbevisste sj\u00e5f\u00f8rer","publisher":{"@id":"https:\/\/com.rst-steel.eu\/#organization"},"alternateName":"Safe and stylish RST-Steel quality","potentialAction":[{"@type":"SearchAction","target":{"@type":"EntryPoint","urlTemplate":"https:\/\/com.rst-steel.eu\/?s={search_term_string}"},"query-input":{"@type":"PropertyValueSpecification","valueRequired":true,"valueName":"search_term_string"}}],"inLanguage":"nb-NO"},{"@type":"Organization","@id":"https:\/\/com.rst-steel.eu\/#organization","name":"RST-Steel Oy","url":"https:\/\/com.rst-steel.eu\/","logo":{"@type":"ImageObject","inLanguage":"nb-NO","@id":"https:\/\/com.rst-steel.eu\/#\/schema\/logo\/image\/","url":"https:\/\/com.rst-steel.eu\/wp-content\/uploads\/2023\/04\/cropped-Rst-logo-valkoinen-teksti-3.png","contentUrl":"https:\/\/com.rst-steel.eu\/wp-content\/uploads\/2023\/04\/cropped-Rst-logo-valkoinen-teksti-3.png","width":512,"height":115,"caption":"RST-Steel Oy"},"image":{"@id":"https:\/\/com.rst-steel.eu\/#\/schema\/logo\/image\/"},"sameAs":["https:\/\/www.facebook.com\/rststeel","https:\/\/www.instagram.com\/rststeeloy\/"]}]}},"brands":[{"id":8334,"name":"RST-Steel","slug":"brand_rststeel"}],"_links":{"self":[{"href":"https:\/\/com.rst-steel.eu\/nb\/wp-json\/wp\/v2\/product\/122592","targetHints":{"allow":["GET"]}}],"collection":[{"href":"https:\/\/com.rst-steel.eu\/nb\/wp-json\/wp\/v2\/product"}],"about":[{"href":"https:\/\/com.rst-steel.eu\/nb\/wp-json\/wp\/v2\/types\/product"}],"replies":[{"embeddable":true,"href":"https:\/\/com.rst-steel.eu\/nb\/wp-json\/wp\/v2\/comments?post=122592"}],"version-history":[{"count":0,"href":"https:\/\/com.rst-steel.eu\/nb\/wp-json\/wp\/v2\/product\/122592\/revisions"}],"wp:featuredmedia":[{"embeddable":true,"href":"https:\/\/com.rst-steel.eu\/nb\/wp-json\/wp\/v2\/media\/122589"}],"wp:attachment":[{"href":"https:\/\/com.rst-steel.eu\/nb\/wp-json\/wp\/v2\/media?parent=122592"}],"wp:term":[{"taxonomy":"make_fuel_type","embeddable":true,"href":"https:\/\/com.rst-steel.eu\/nb\/wp-json\/wp\/v2\/make_fuel_type?post=122592"},{"taxonomy":"make_model","embeddable":true,"href":"https:\/\/com.rst-steel.eu\/nb\/wp-json\/wp\/v2\/make_model?post=122592"},{"taxonomy":"make_brand","embeddable":true,"href":"https:\/\/com.rst-steel.eu\/nb\/wp-json\/wp\/v2\/make_brand?post=122592"},{"taxonomy":"make_year","embeddable":true,"href":"https:\/\/com.rst-steel.eu\/nb\/wp-json\/wp\/v2\/make_year?post=122592"},{"taxonomy":"pwb-brand","embeddable":true,"href":"https:\/\/com.rst-steel.eu\/nb\/wp-json\/wp\/v2\/pwb-brand?post=122592"},{"taxonomy":"product_brand","embeddable":true,"href":"https:\/\/com.rst-steel.eu\/nb\/wp-json\/wp\/v2\/product_brand?post=122592"},{"taxonomy":"product_cat","embeddable":true,"href":"https:\/\/com.rst-steel.eu\/nb\/wp-json\/wp\/v2\/product_cat?post=122592"},{"taxonomy":"product_tag","embeddable":true,"href":"https:\/\/com.rst-steel.eu\/nb\/wp-json\/wp\/v2\/product_tag?post=122592"}],"curies":[{"name":"wp","href":"https:\/\/api.w.org\/{rel}","templated":true}]}}