{"id":122580,"date":"2026-02-25T10:54:29","date_gmt":"2026-02-25T07:54:29","guid":{"rendered":"https:\/\/rst-steel.com\/product\/rear-bar-volvo-l150h-l180h-l220h_prm_71981\/"},"modified":"2026-03-19T12:00:54","modified_gmt":"2026-03-19T09:00:54","slug":"grillbar-volvo-l150h-l180h-l220h_prm_71981","status":"publish","type":"product","link":"https:\/\/com.rst-steel.eu\/nb\/produkt\/grillbar-volvo-l150h-l180h-l220h_prm_71981\/","title":{"rendered":"Grillbar Volvo L150H, L180H, L220H"},"content":{"rendered":"<div><strong>Grillbar Volvo L150H, L180H, L220H<\/strong><\/div>\n<ul>\n<li><span style=\"font-weight: bold;\">\u00a0<\/span><\/li>\n<\/ul>\n<div>RST-Steel grillbars are premium Key Flag products manufactured in Finland from high-quality stainless steel.<\/div>\n<div>The grillbars can also be equipped with marker lights and strobe lights, improving your visibility both in traffic and on job sites.<\/div>\n<ul>\n<li><\/li>\n<\/ul>\n<div><span style=\"font-weight: bold;\">Egenskaper:<\/span><\/div>\n<ul>\n<li><span style=\"font-weight: bold;\">Compatibility:<\/span> Spesifikt designet for Volvo L150H, L180H og L220H, som sikrer rask og enkel installasjon.<\/li>\n<\/ul>\n<ul>\n<li><span style=\"font-weight: bold;\">Holdbarhet:<\/span> Laget av h\u00f8ykvalitets rustfritt st\u00e5l for \u00e5 t\u00e5le selv de t\u00f8ffeste forholdene.<\/li>\n<\/ul>\n<ul>\n<li><span style=\"font-weight: bold;\">Stylish appearance:<\/span> Gir maskinen din et moderne og dynamisk utseende. Den str\u00f8mlinjeformede designen og den polerte eller malte st\u00e5loverflaten f\u00e5r lastebilen din til \u00e5 skille seg ut med en imponerende finish.<\/li>\n<li><span style=\"font-weight: bold;\">Sikkerhet:<\/span> Forbedrer synligheten i m\u00f8rke og krevende kj\u00f8reforhold, og \u00f8ker sikkerheten for b\u00e5de f\u00f8rer og andre trafikanter.<\/li>\n<li><\/li>\n<\/ul>\n<div><span style=\"font-weight: bold;\">Hvorfor velge RST-Steel?<\/span><\/div>\n<ul>\n<li><span style=\"font-weight: bold;\">Reliability:\u00a0<\/span>Mange \u00e5rs erfaring og ekspertise sikrer h\u00f8y kvalitet og holdbarhet.<\/li>\n<li><span style=\"font-weight: bold;\">Kundetilfredshet:\u00a0<\/span>Tusenvis av forn\u00f8yde kunder over hele verden stoler p\u00e5 RST-Steel-produkter.<\/li>\n<li><\/li>\n<\/ul>\n<div><span style=\"font-weight: bold;\">Tekniske spesifikasjoner:<\/span><\/div>\n<ul>\n<li>Farge: Speilpolert rustfritt st\u00e5l eller lakkert i standard RAL-farger<\/li>\n<li>R\u00f8rdiameter: 60 mm<\/li>\n<li><\/li>\n<\/ul>\n<div><span style=\"font-weight: bold;\">Innhold:<\/span><\/div>\n<ul>\n<li>Grillbar Volvo L150H. L180H, L220H<\/li>\n<li>Monteringsutstyr kreves for installasjon<\/li>\n<li>Installasjonsinstruksjoner<\/li>\n<\/ul>","protected":false},"excerpt":{"rendered":"<p>Tilgjengelig i flere forskjellige modeller!<\/p>","protected":false},"featured_media":122579,"comment_status":"open","ping_status":"closed","template":"","meta":{"_improvement_type_select":"improve_an_existing","_thumb_yes_seoaic":false,"_frame_yes_seoaic":false,"seoaic_generate_description":"","seoaic_improve_instructions_prompt":"","seoaic_rollback_content_improvement":"","seoaic_idea_thumbnail_generator":"","thumbnail_generated":false,"thumbnail_generate_prompt":"","seoaic_article_description":""},"make_fuel_type":[],"make_model":[6628],"make_brand":[6533],"make_year":[6465],"pwb-brand":[8334],"product_brand":[],"product_cat":[8083,6057,6074],"product_tag":[8483],"class_list":{"0":"post-122580","1":"product","2":"type-product","3":"status-publish","4":"has-post-thumbnail","6":"make_model-volvo-wheelloaders","7":"make_brand-volvo-workmachines","8":"make_year-workmachines","9":"pwb-brand-brand_rststeel","10":"product_cat-volvo-rearb-wl","11":"product_cat-lightbars","12":"product_cat-rearbars-for-wheel-loaders","13":"product_tag-volvo-rear-bar","14":"product_shipping_class-lightbars","16":"first","17":"onbackorder","18":"taxable","19":"shipping-taxable","20":"purchasable","21":"product-type-variable"},"yoast_head":"<!-- This site is optimized with the Yoast SEO plugin v25.7 - https:\/\/yoast.com\/wordpress\/plugins\/seo\/ -->\n<title>Grillbar Volvo L150H, L180H, L220H - RST-Steel<\/title>\n<meta name=\"description\" content=\"Grillbar for Volvo L150H, L180H, and L220H wheel loaders. Durable stainless steel, stylish design, improves visibility and safety on job sites.\" \/>\n<meta name=\"robots\" content=\"index, follow, max-snippet:-1, max-image-preview:large, max-video-preview:-1\" \/>\n<link rel=\"canonical\" href=\"https:\/\/com.rst-steel.eu\/nb\/produkt\/grillbar-volvo-l150h-l180h-l220h_prm_71981\/\" \/>\n<meta property=\"og:locale\" content=\"nb_NO\" \/>\n<meta property=\"og:type\" content=\"article\" \/>\n<meta property=\"og:title\" content=\"Grillbar Volvo L150H, L180H, L220H - RST-Steel\" \/>\n<meta property=\"og:description\" content=\"Grillbar for Volvo L150H, L180H, and L220H wheel loaders. Durable stainless steel, stylish design, improves visibility and safety on job sites.\" \/>\n<meta property=\"og:url\" content=\"https:\/\/com.rst-steel.eu\/nb\/produkt\/grillbar-volvo-l150h-l180h-l220h_prm_71981\/\" \/>\n<meta property=\"og:site_name\" content=\"RST-Steel\" \/>\n<meta property=\"article:publisher\" content=\"https:\/\/www.facebook.com\/rststeel\" \/>\n<meta property=\"article:modified_time\" content=\"2026-03-19T09:00:54+00:00\" \/>\n<meta property=\"og:image\" content=\"https:\/\/com.rst-steel.eu\/wp-content\/uploads\/2026\/02\/6949b6d52c3c02644bdd8c78406d2828fa9a8625_49440.jpg\" \/>\n\t<meta property=\"og:image:width\" content=\"1447\" \/>\n\t<meta property=\"og:image:height\" content=\"719\" \/>\n\t<meta property=\"og:image:type\" content=\"image\/jpeg\" \/>\n<meta name=\"twitter:card\" content=\"summary_large_image\" \/>\n<meta name=\"twitter:label1\" content=\"Ansl. lesetid\" \/>\n\t<meta name=\"twitter:data1\" content=\"1 minutt\" \/>\n<script type=\"application\/ld+json\" class=\"yoast-schema-graph\">{\"@context\":\"https:\/\/schema.org\",\"@graph\":[{\"@type\":\"WebPage\",\"@id\":\"https:\/\/com.rst-steel.eu\/sv\/produkt\/grillbar-volvo-l150h-l180h-l220h_prm_71981\/\",\"url\":\"https:\/\/com.rst-steel.eu\/sv\/produkt\/grillbar-volvo-l150h-l180h-l220h_prm_71981\/\",\"name\":\"Grillbar Volvo L150H, L180H, L220H - RST-Steel\",\"isPartOf\":{\"@id\":\"https:\/\/com.rst-steel.eu\/#website\"},\"primaryImageOfPage\":{\"@id\":\"https:\/\/com.rst-steel.eu\/sv\/produkt\/grillbar-volvo-l150h-l180h-l220h_prm_71981\/#primaryimage\"},\"image\":{\"@id\":\"https:\/\/com.rst-steel.eu\/sv\/produkt\/grillbar-volvo-l150h-l180h-l220h_prm_71981\/#primaryimage\"},\"thumbnailUrl\":\"https:\/\/com.rst-steel.eu\/wp-content\/uploads\/2026\/02\/6949b6d52c3c02644bdd8c78406d2828fa9a8625_49440.jpg\",\"datePublished\":\"2026-02-25T07:54:29+00:00\",\"dateModified\":\"2026-03-19T09:00:54+00:00\",\"description\":\"Grillbar for Volvo L150H, L180H, and L220H wheel loaders. Durable stainless steel, stylish design, improves visibility and safety on job sites.\",\"breadcrumb\":{\"@id\":\"https:\/\/com.rst-steel.eu\/sv\/produkt\/grillbar-volvo-l150h-l180h-l220h_prm_71981\/#breadcrumb\"},\"inLanguage\":\"nb-NO\",\"potentialAction\":[{\"@type\":\"ReadAction\",\"target\":[\"https:\/\/com.rst-steel.eu\/sv\/produkt\/grillbar-volvo-l150h-l180h-l220h_prm_71981\/\"]}]},{\"@type\":\"ImageObject\",\"inLanguage\":\"nb-NO\",\"@id\":\"https:\/\/com.rst-steel.eu\/sv\/produkt\/grillbar-volvo-l150h-l180h-l220h_prm_71981\/#primaryimage\",\"url\":\"https:\/\/com.rst-steel.eu\/wp-content\/uploads\/2026\/02\/6949b6d52c3c02644bdd8c78406d2828fa9a8625_49440.jpg\",\"contentUrl\":\"https:\/\/com.rst-steel.eu\/wp-content\/uploads\/2026\/02\/6949b6d52c3c02644bdd8c78406d2828fa9a8625_49440.jpg\",\"width\":1447,\"height\":719,\"caption\":\"grillbar Volvo L150H, L180H, L220H\"},{\"@type\":\"BreadcrumbList\",\"@id\":\"https:\/\/com.rst-steel.eu\/sv\/produkt\/grillbar-volvo-l150h-l180h-l220h_prm_71981\/#breadcrumb\",\"itemListElement\":[{\"@type\":\"ListItem\",\"position\":1,\"name\":\"Home\",\"item\":\"https:\/\/com.rst-steel.eu\/\"},{\"@type\":\"ListItem\",\"position\":2,\"name\":\"RST-Steel Shop\",\"item\":\"https:\/\/com.rst-steel.eu\/shop\/\"},{\"@type\":\"ListItem\",\"position\":3,\"name\":\"Grillbar Volvo L150H, L180H, L220H\"}]},{\"@type\":\"WebSite\",\"@id\":\"https:\/\/com.rst-steel.eu\/#website\",\"url\":\"https:\/\/com.rst-steel.eu\/\",\"name\":\"RST-Steel.com\",\"description\":\"Finnish quality steel, for quality-conscious drivers\",\"publisher\":{\"@id\":\"https:\/\/com.rst-steel.eu\/#organization\"},\"alternateName\":\"Safe and stylish RST-Steel quality\",\"potentialAction\":[{\"@type\":\"SearchAction\",\"target\":{\"@type\":\"EntryPoint\",\"urlTemplate\":\"https:\/\/com.rst-steel.eu\/?s={search_term_string}\"},\"query-input\":{\"@type\":\"PropertyValueSpecification\",\"valueRequired\":true,\"valueName\":\"search_term_string\"}}],\"inLanguage\":\"nb-NO\"},{\"@type\":\"Organization\",\"@id\":\"https:\/\/com.rst-steel.eu\/#organization\",\"name\":\"RST-Steel Oy\",\"url\":\"https:\/\/com.rst-steel.eu\/\",\"logo\":{\"@type\":\"ImageObject\",\"inLanguage\":\"nb-NO\",\"@id\":\"https:\/\/com.rst-steel.eu\/#\/schema\/logo\/image\/\",\"url\":\"https:\/\/com.rst-steel.eu\/wp-content\/uploads\/2023\/04\/cropped-Rst-logo-valkoinen-teksti-3.png\",\"contentUrl\":\"https:\/\/com.rst-steel.eu\/wp-content\/uploads\/2023\/04\/cropped-Rst-logo-valkoinen-teksti-3.png\",\"width\":512,\"height\":115,\"caption\":\"RST-Steel Oy\"},\"image\":{\"@id\":\"https:\/\/com.rst-steel.eu\/#\/schema\/logo\/image\/\"},\"sameAs\":[\"https:\/\/www.facebook.com\/rststeel\",\"https:\/\/www.instagram.com\/rststeeloy\/\"]}]}<\/script>\n<!-- \/ Yoast SEO plugin. -->","yoast_head_json":{"title":"Grillbar Volvo L150H, L180H, L220H - RST-Steel","description":"Grillbar for Volvo L150H, L180H, and L220H wheel loaders. Durable stainless steel, stylish design, improves visibility and safety on job sites.","robots":{"index":"index","follow":"follow","max-snippet":"max-snippet:-1","max-image-preview":"max-image-preview:large","max-video-preview":"max-video-preview:-1"},"canonical":"https:\/\/com.rst-steel.eu\/nb\/produkt\/grillbar-volvo-l150h-l180h-l220h_prm_71981\/","og_locale":"nb_NO","og_type":"article","og_title":"Grillbar Volvo L150H, L180H, L220H - RST-Steel","og_description":"Grillbar for Volvo L150H, L180H, and L220H wheel loaders. Durable stainless steel, stylish design, improves visibility and safety on job sites.","og_url":"https:\/\/com.rst-steel.eu\/nb\/produkt\/grillbar-volvo-l150h-l180h-l220h_prm_71981\/","og_site_name":"RST-Steel","article_publisher":"https:\/\/www.facebook.com\/rststeel","article_modified_time":"2026-03-19T09:00:54+00:00","og_image":[{"width":1447,"height":719,"url":"https:\/\/com.rst-steel.eu\/wp-content\/uploads\/2026\/02\/6949b6d52c3c02644bdd8c78406d2828fa9a8625_49440.jpg","type":"image\/jpeg"}],"twitter_card":"summary_large_image","twitter_misc":{"Ansl. lesetid":"1 minutt"},"schema":{"@context":"https:\/\/schema.org","@graph":[{"@type":"WebPage","@id":"https:\/\/com.rst-steel.eu\/sv\/produkt\/grillbar-volvo-l150h-l180h-l220h_prm_71981\/","url":"https:\/\/com.rst-steel.eu\/sv\/produkt\/grillbar-volvo-l150h-l180h-l220h_prm_71981\/","name":"Grillbar Volvo L150H, L180H, L220H - RST-Steel","isPartOf":{"@id":"https:\/\/com.rst-steel.eu\/#website"},"primaryImageOfPage":{"@id":"https:\/\/com.rst-steel.eu\/sv\/produkt\/grillbar-volvo-l150h-l180h-l220h_prm_71981\/#primaryimage"},"image":{"@id":"https:\/\/com.rst-steel.eu\/sv\/produkt\/grillbar-volvo-l150h-l180h-l220h_prm_71981\/#primaryimage"},"thumbnailUrl":"https:\/\/com.rst-steel.eu\/wp-content\/uploads\/2026\/02\/6949b6d52c3c02644bdd8c78406d2828fa9a8625_49440.jpg","datePublished":"2026-02-25T07:54:29+00:00","dateModified":"2026-03-19T09:00:54+00:00","description":"Grillbar for Volvo L150H, L180H, and L220H wheel loaders. Durable stainless steel, stylish design, improves visibility and safety on job sites.","breadcrumb":{"@id":"https:\/\/com.rst-steel.eu\/sv\/produkt\/grillbar-volvo-l150h-l180h-l220h_prm_71981\/#breadcrumb"},"inLanguage":"nb-NO","potentialAction":[{"@type":"ReadAction","target":["https:\/\/com.rst-steel.eu\/sv\/produkt\/grillbar-volvo-l150h-l180h-l220h_prm_71981\/"]}]},{"@type":"ImageObject","inLanguage":"nb-NO","@id":"https:\/\/com.rst-steel.eu\/sv\/produkt\/grillbar-volvo-l150h-l180h-l220h_prm_71981\/#primaryimage","url":"https:\/\/com.rst-steel.eu\/wp-content\/uploads\/2026\/02\/6949b6d52c3c02644bdd8c78406d2828fa9a8625_49440.jpg","contentUrl":"https:\/\/com.rst-steel.eu\/wp-content\/uploads\/2026\/02\/6949b6d52c3c02644bdd8c78406d2828fa9a8625_49440.jpg","width":1447,"height":719,"caption":"grillbar Volvo L150H, L180H, L220H"},{"@type":"BreadcrumbList","@id":"https:\/\/com.rst-steel.eu\/sv\/produkt\/grillbar-volvo-l150h-l180h-l220h_prm_71981\/#breadcrumb","itemListElement":[{"@type":"ListItem","position":1,"name":"Home","item":"https:\/\/com.rst-steel.eu\/"},{"@type":"ListItem","position":2,"name":"RST-Steel Shop","item":"https:\/\/com.rst-steel.eu\/shop\/"},{"@type":"ListItem","position":3,"name":"Grillbar Volvo L150H, L180H, L220H"}]},{"@type":"WebSite","@id":"https:\/\/com.rst-steel.eu\/#website","url":"https:\/\/com.rst-steel.eu\/","name":"RST-Steel.com","description":"Finsk kvalitetsst\u00e5l, for kvalitetsbevisste sj\u00e5f\u00f8rer","publisher":{"@id":"https:\/\/com.rst-steel.eu\/#organization"},"alternateName":"Safe and stylish RST-Steel quality","potentialAction":[{"@type":"SearchAction","target":{"@type":"EntryPoint","urlTemplate":"https:\/\/com.rst-steel.eu\/?s={search_term_string}"},"query-input":{"@type":"PropertyValueSpecification","valueRequired":true,"valueName":"search_term_string"}}],"inLanguage":"nb-NO"},{"@type":"Organization","@id":"https:\/\/com.rst-steel.eu\/#organization","name":"RST-Steel Oy","url":"https:\/\/com.rst-steel.eu\/","logo":{"@type":"ImageObject","inLanguage":"nb-NO","@id":"https:\/\/com.rst-steel.eu\/#\/schema\/logo\/image\/","url":"https:\/\/com.rst-steel.eu\/wp-content\/uploads\/2023\/04\/cropped-Rst-logo-valkoinen-teksti-3.png","contentUrl":"https:\/\/com.rst-steel.eu\/wp-content\/uploads\/2023\/04\/cropped-Rst-logo-valkoinen-teksti-3.png","width":512,"height":115,"caption":"RST-Steel Oy"},"image":{"@id":"https:\/\/com.rst-steel.eu\/#\/schema\/logo\/image\/"},"sameAs":["https:\/\/www.facebook.com\/rststeel","https:\/\/www.instagram.com\/rststeeloy\/"]}]}},"brands":[{"id":8334,"name":"RST-Steel","slug":"brand_rststeel"}],"_links":{"self":[{"href":"https:\/\/com.rst-steel.eu\/nb\/wp-json\/wp\/v2\/product\/122580","targetHints":{"allow":["GET"]}}],"collection":[{"href":"https:\/\/com.rst-steel.eu\/nb\/wp-json\/wp\/v2\/product"}],"about":[{"href":"https:\/\/com.rst-steel.eu\/nb\/wp-json\/wp\/v2\/types\/product"}],"replies":[{"embeddable":true,"href":"https:\/\/com.rst-steel.eu\/nb\/wp-json\/wp\/v2\/comments?post=122580"}],"version-history":[{"count":0,"href":"https:\/\/com.rst-steel.eu\/nb\/wp-json\/wp\/v2\/product\/122580\/revisions"}],"wp:featuredmedia":[{"embeddable":true,"href":"https:\/\/com.rst-steel.eu\/nb\/wp-json\/wp\/v2\/media\/122579"}],"wp:attachment":[{"href":"https:\/\/com.rst-steel.eu\/nb\/wp-json\/wp\/v2\/media?parent=122580"}],"wp:term":[{"taxonomy":"make_fuel_type","embeddable":true,"href":"https:\/\/com.rst-steel.eu\/nb\/wp-json\/wp\/v2\/make_fuel_type?post=122580"},{"taxonomy":"make_model","embeddable":true,"href":"https:\/\/com.rst-steel.eu\/nb\/wp-json\/wp\/v2\/make_model?post=122580"},{"taxonomy":"make_brand","embeddable":true,"href":"https:\/\/com.rst-steel.eu\/nb\/wp-json\/wp\/v2\/make_brand?post=122580"},{"taxonomy":"make_year","embeddable":true,"href":"https:\/\/com.rst-steel.eu\/nb\/wp-json\/wp\/v2\/make_year?post=122580"},{"taxonomy":"pwb-brand","embeddable":true,"href":"https:\/\/com.rst-steel.eu\/nb\/wp-json\/wp\/v2\/pwb-brand?post=122580"},{"taxonomy":"product_brand","embeddable":true,"href":"https:\/\/com.rst-steel.eu\/nb\/wp-json\/wp\/v2\/product_brand?post=122580"},{"taxonomy":"product_cat","embeddable":true,"href":"https:\/\/com.rst-steel.eu\/nb\/wp-json\/wp\/v2\/product_cat?post=122580"},{"taxonomy":"product_tag","embeddable":true,"href":"https:\/\/com.rst-steel.eu\/nb\/wp-json\/wp\/v2\/product_tag?post=122580"}],"curies":[{"name":"wp","href":"https:\/\/api.w.org\/{rel}","templated":true}]}}