{"id":122519,"date":"2026-02-25T10:46:03","date_gmt":"2026-02-25T07:46:03","guid":{"rendered":"https:\/\/rst-steel.com\/product\/rear-bar-volvo-l60h-l350h_prm_72184\/"},"modified":"2026-03-19T12:08:26","modified_gmt":"2026-03-19T09:08:26","slug":"grillbar-volvo-l60h-l350h_prm_72184","status":"publish","type":"product","link":"https:\/\/com.rst-steel.eu\/nb\/produkt\/grillbar-volvo-l60h-l350h_prm_72184\/","title":{"rendered":"Grillbar Volvo L60H-L350H"},"content":{"rendered":"<p><span style=\"font-weight: bold;\">Grillbar Volvo L60H-L350H\u00a0(Mounted Behind the Cab)<\/span><\/p>\n<p>RST-Steel Vektb\u00f8yle er h\u00f8ykvalitets N\u00f8kkelflagg-produkter laget av rustfritt st\u00e5l. Det bakre staget er et stilfullt tilbeh\u00f8r som gj\u00f8r det enkelt \u00e5 forbedre synligheten p\u00e5 arbeidsplassen.<\/p>\n<ul>\n<li><\/li>\n<\/ul>\n<p><span style=\"font-weight: bold;\">Tilgjengelig i flere forskjellige modellalternativer!<\/span><\/p>\n<ul>\n<li><\/li>\n<\/ul>\n<p><span style=\"font-weight: bold;\">Tekniske spesifikasjoner:<\/span><\/p>\n<ul>\n<li>Farge: Speilpolert rustfritt st\u00e5l eller lakkert i standard RAL-farger<\/li>\n<li>R\u00f8rdiameter: 60 mm<\/li>\n<li><\/li>\n<\/ul>\n<p><span style=\"font-weight: bold;\">Innhold:<\/span><\/p>\n<ul>\n<li>Model-specific grillbar<\/li>\n<li>Monteringsutstyr kreves for installasjon<\/li>\n<li>Installasjonsinstruksjoner<\/li>\n<li><\/li>\n<\/ul>\n<p><span style=\"font-weight: bold;\">Monteringstjenester er ogs\u00e5 tilgjengelige p\u00e5 foresp\u00f8rsel.<\/span><\/p>","protected":false},"excerpt":{"rendered":"<p>Tilgjengelig i flere forskjellige modellalternativer!<\/p>","protected":false},"featured_media":122517,"comment_status":"open","ping_status":"closed","template":"","meta":{"_improvement_type_select":"improve_an_existing","_thumb_yes_seoaic":false,"_frame_yes_seoaic":false,"seoaic_generate_description":"","seoaic_improve_instructions_prompt":"","seoaic_rollback_content_improvement":"","seoaic_idea_thumbnail_generator":"","thumbnail_generated":false,"thumbnail_generate_prompt":"","seoaic_article_description":""},"make_fuel_type":[],"make_model":[6628],"make_brand":[6533],"make_year":[6465],"pwb-brand":[8334],"product_brand":[],"product_cat":[8083,6057,6074],"product_tag":[8483],"class_list":{"0":"post-122519","1":"product","2":"type-product","3":"status-publish","4":"has-post-thumbnail","6":"make_model-volvo-wheelloaders","7":"make_brand-volvo-workmachines","8":"make_year-workmachines","9":"pwb-brand-brand_rststeel","10":"product_cat-volvo-rearb-wl","11":"product_cat-lightbars","12":"product_cat-rearbars-for-wheel-loaders","13":"product_tag-volvo-rear-bar","14":"product_shipping_class-lightbars","16":"first","17":"onbackorder","18":"taxable","19":"shipping-taxable","20":"purchasable","21":"product-type-variable"},"yoast_head":"<!-- This site is optimized with the Yoast SEO plugin v25.7 - https:\/\/yoast.com\/wordpress\/plugins\/seo\/ -->\n<title>Grillbar Volvo L60H-L350H - RST-Steel<\/title>\n<meta name=\"description\" content=\"Grillbar Volvo L60H-L350H wheel loaders. Stainless steel, durable, stylish, and improves visibility and safety on job sites.\" \/>\n<meta name=\"robots\" content=\"index, follow, max-snippet:-1, max-image-preview:large, max-video-preview:-1\" \/>\n<link rel=\"canonical\" href=\"https:\/\/com.rst-steel.eu\/nb\/produkt\/grillbar-volvo-l60h-l350h_prm_72184\/\" \/>\n<meta property=\"og:locale\" content=\"nb_NO\" \/>\n<meta property=\"og:type\" content=\"article\" \/>\n<meta property=\"og:title\" content=\"Grillbar Volvo L60H-L350H - RST-Steel\" \/>\n<meta property=\"og:description\" content=\"Grillbar Volvo L60H-L350H wheel loaders. Stainless steel, durable, stylish, and improves visibility and safety on job sites.\" \/>\n<meta property=\"og:url\" content=\"https:\/\/com.rst-steel.eu\/nb\/produkt\/grillbar-volvo-l60h-l350h_prm_72184\/\" \/>\n<meta property=\"og:site_name\" content=\"RST-Steel\" \/>\n<meta property=\"article:publisher\" content=\"https:\/\/www.facebook.com\/rststeel\" \/>\n<meta property=\"article:modified_time\" content=\"2026-03-19T09:08:26+00:00\" \/>\n<meta property=\"og:image\" content=\"https:\/\/com.rst-steel.eu\/wp-content\/uploads\/2026\/02\/2a241330869488df16236157703de1978e76a6cc_13339074_d76d_40ab_ac7f_c963f8c0a1fd.jpg\" \/>\n\t<meta property=\"og:image:width\" content=\"2048\" \/>\n\t<meta property=\"og:image:height\" content=\"1536\" \/>\n\t<meta property=\"og:image:type\" content=\"image\/jpeg\" \/>\n<meta name=\"twitter:card\" content=\"summary_large_image\" \/>\n<meta name=\"twitter:label1\" content=\"Ansl. lesetid\" \/>\n\t<meta name=\"twitter:data1\" content=\"1 minutt\" \/>\n<script type=\"application\/ld+json\" class=\"yoast-schema-graph\">{\"@context\":\"https:\/\/schema.org\",\"@graph\":[{\"@type\":\"WebPage\",\"@id\":\"https:\/\/com.rst-steel.eu\/product\/grillbar-volvo-l60h-l350h_prm_72184\/\",\"url\":\"https:\/\/com.rst-steel.eu\/product\/grillbar-volvo-l60h-l350h_prm_72184\/\",\"name\":\"Grillbar Volvo L60H-L350H - RST-Steel\",\"isPartOf\":{\"@id\":\"https:\/\/com.rst-steel.eu\/#website\"},\"primaryImageOfPage\":{\"@id\":\"https:\/\/com.rst-steel.eu\/product\/grillbar-volvo-l60h-l350h_prm_72184\/#primaryimage\"},\"image\":{\"@id\":\"https:\/\/com.rst-steel.eu\/product\/grillbar-volvo-l60h-l350h_prm_72184\/#primaryimage\"},\"thumbnailUrl\":\"https:\/\/com.rst-steel.eu\/wp-content\/uploads\/2026\/02\/2a241330869488df16236157703de1978e76a6cc_13339074_d76d_40ab_ac7f_c963f8c0a1fd.jpg\",\"datePublished\":\"2026-02-25T07:46:03+00:00\",\"dateModified\":\"2026-03-19T09:08:26+00:00\",\"description\":\"Grillbar Volvo L60H-L350H wheel loaders. Stainless steel, durable, stylish, and improves visibility and safety on job sites.\",\"breadcrumb\":{\"@id\":\"https:\/\/com.rst-steel.eu\/product\/grillbar-volvo-l60h-l350h_prm_72184\/#breadcrumb\"},\"inLanguage\":\"nb-NO\",\"potentialAction\":[{\"@type\":\"ReadAction\",\"target\":[\"https:\/\/com.rst-steel.eu\/product\/grillbar-volvo-l60h-l350h_prm_72184\/\"]}]},{\"@type\":\"ImageObject\",\"inLanguage\":\"nb-NO\",\"@id\":\"https:\/\/com.rst-steel.eu\/product\/grillbar-volvo-l60h-l350h_prm_72184\/#primaryimage\",\"url\":\"https:\/\/com.rst-steel.eu\/wp-content\/uploads\/2026\/02\/2a241330869488df16236157703de1978e76a6cc_13339074_d76d_40ab_ac7f_c963f8c0a1fd.jpg\",\"contentUrl\":\"https:\/\/com.rst-steel.eu\/wp-content\/uploads\/2026\/02\/2a241330869488df16236157703de1978e76a6cc_13339074_d76d_40ab_ac7f_c963f8c0a1fd.jpg\",\"width\":2048,\"height\":1536,\"caption\":\"Grillbar Volvo L60H-L350H\"},{\"@type\":\"BreadcrumbList\",\"@id\":\"https:\/\/com.rst-steel.eu\/product\/grillbar-volvo-l60h-l350h_prm_72184\/#breadcrumb\",\"itemListElement\":[{\"@type\":\"ListItem\",\"position\":1,\"name\":\"Home\",\"item\":\"https:\/\/com.rst-steel.eu\/\"},{\"@type\":\"ListItem\",\"position\":2,\"name\":\"RST-Steel Shop\",\"item\":\"https:\/\/com.rst-steel.eu\/shop\/\"},{\"@type\":\"ListItem\",\"position\":3,\"name\":\"Grillbar Volvo L60H-L350H\"}]},{\"@type\":\"WebSite\",\"@id\":\"https:\/\/com.rst-steel.eu\/#website\",\"url\":\"https:\/\/com.rst-steel.eu\/\",\"name\":\"RST-Steel.com\",\"description\":\"Finnish quality steel, for quality-conscious drivers\",\"publisher\":{\"@id\":\"https:\/\/com.rst-steel.eu\/#organization\"},\"alternateName\":\"Safe and stylish RST-Steel quality\",\"potentialAction\":[{\"@type\":\"SearchAction\",\"target\":{\"@type\":\"EntryPoint\",\"urlTemplate\":\"https:\/\/com.rst-steel.eu\/?s={search_term_string}\"},\"query-input\":{\"@type\":\"PropertyValueSpecification\",\"valueRequired\":true,\"valueName\":\"search_term_string\"}}],\"inLanguage\":\"nb-NO\"},{\"@type\":\"Organization\",\"@id\":\"https:\/\/com.rst-steel.eu\/#organization\",\"name\":\"RST-Steel Oy\",\"url\":\"https:\/\/com.rst-steel.eu\/\",\"logo\":{\"@type\":\"ImageObject\",\"inLanguage\":\"nb-NO\",\"@id\":\"https:\/\/com.rst-steel.eu\/#\/schema\/logo\/image\/\",\"url\":\"https:\/\/com.rst-steel.eu\/wp-content\/uploads\/2023\/04\/cropped-Rst-logo-valkoinen-teksti-3.png\",\"contentUrl\":\"https:\/\/com.rst-steel.eu\/wp-content\/uploads\/2023\/04\/cropped-Rst-logo-valkoinen-teksti-3.png\",\"width\":512,\"height\":115,\"caption\":\"RST-Steel Oy\"},\"image\":{\"@id\":\"https:\/\/com.rst-steel.eu\/#\/schema\/logo\/image\/\"},\"sameAs\":[\"https:\/\/www.facebook.com\/rststeel\",\"https:\/\/www.instagram.com\/rststeeloy\/\"]}]}<\/script>\n<!-- \/ Yoast SEO plugin. -->","yoast_head_json":{"title":"Grillbar Volvo L60H-L350H - RST-Steel","description":"Grillbar Volvo L60H-L350H wheel loaders. Stainless steel, durable, stylish, and improves visibility and safety on job sites.","robots":{"index":"index","follow":"follow","max-snippet":"max-snippet:-1","max-image-preview":"max-image-preview:large","max-video-preview":"max-video-preview:-1"},"canonical":"https:\/\/com.rst-steel.eu\/nb\/produkt\/grillbar-volvo-l60h-l350h_prm_72184\/","og_locale":"nb_NO","og_type":"article","og_title":"Grillbar Volvo L60H-L350H - RST-Steel","og_description":"Grillbar Volvo L60H-L350H wheel loaders. Stainless steel, durable, stylish, and improves visibility and safety on job sites.","og_url":"https:\/\/com.rst-steel.eu\/nb\/produkt\/grillbar-volvo-l60h-l350h_prm_72184\/","og_site_name":"RST-Steel","article_publisher":"https:\/\/www.facebook.com\/rststeel","article_modified_time":"2026-03-19T09:08:26+00:00","og_image":[{"width":2048,"height":1536,"url":"https:\/\/com.rst-steel.eu\/wp-content\/uploads\/2026\/02\/2a241330869488df16236157703de1978e76a6cc_13339074_d76d_40ab_ac7f_c963f8c0a1fd.jpg","type":"image\/jpeg"}],"twitter_card":"summary_large_image","twitter_misc":{"Ansl. lesetid":"1 minutt"},"schema":{"@context":"https:\/\/schema.org","@graph":[{"@type":"WebPage","@id":"https:\/\/com.rst-steel.eu\/product\/grillbar-volvo-l60h-l350h_prm_72184\/","url":"https:\/\/com.rst-steel.eu\/product\/grillbar-volvo-l60h-l350h_prm_72184\/","name":"Grillbar Volvo L60H-L350H - RST-Steel","isPartOf":{"@id":"https:\/\/com.rst-steel.eu\/#website"},"primaryImageOfPage":{"@id":"https:\/\/com.rst-steel.eu\/product\/grillbar-volvo-l60h-l350h_prm_72184\/#primaryimage"},"image":{"@id":"https:\/\/com.rst-steel.eu\/product\/grillbar-volvo-l60h-l350h_prm_72184\/#primaryimage"},"thumbnailUrl":"https:\/\/com.rst-steel.eu\/wp-content\/uploads\/2026\/02\/2a241330869488df16236157703de1978e76a6cc_13339074_d76d_40ab_ac7f_c963f8c0a1fd.jpg","datePublished":"2026-02-25T07:46:03+00:00","dateModified":"2026-03-19T09:08:26+00:00","description":"Grillbar Volvo L60H-L350H wheel loaders. Stainless steel, durable, stylish, and improves visibility and safety on job sites.","breadcrumb":{"@id":"https:\/\/com.rst-steel.eu\/product\/grillbar-volvo-l60h-l350h_prm_72184\/#breadcrumb"},"inLanguage":"nb-NO","potentialAction":[{"@type":"ReadAction","target":["https:\/\/com.rst-steel.eu\/product\/grillbar-volvo-l60h-l350h_prm_72184\/"]}]},{"@type":"ImageObject","inLanguage":"nb-NO","@id":"https:\/\/com.rst-steel.eu\/product\/grillbar-volvo-l60h-l350h_prm_72184\/#primaryimage","url":"https:\/\/com.rst-steel.eu\/wp-content\/uploads\/2026\/02\/2a241330869488df16236157703de1978e76a6cc_13339074_d76d_40ab_ac7f_c963f8c0a1fd.jpg","contentUrl":"https:\/\/com.rst-steel.eu\/wp-content\/uploads\/2026\/02\/2a241330869488df16236157703de1978e76a6cc_13339074_d76d_40ab_ac7f_c963f8c0a1fd.jpg","width":2048,"height":1536,"caption":"Grillbar Volvo L60H-L350H"},{"@type":"BreadcrumbList","@id":"https:\/\/com.rst-steel.eu\/product\/grillbar-volvo-l60h-l350h_prm_72184\/#breadcrumb","itemListElement":[{"@type":"ListItem","position":1,"name":"Home","item":"https:\/\/com.rst-steel.eu\/"},{"@type":"ListItem","position":2,"name":"RST-Steel Shop","item":"https:\/\/com.rst-steel.eu\/shop\/"},{"@type":"ListItem","position":3,"name":"Grillbar Volvo L60H-L350H"}]},{"@type":"WebSite","@id":"https:\/\/com.rst-steel.eu\/#website","url":"https:\/\/com.rst-steel.eu\/","name":"RST-Steel.com","description":"Finsk kvalitetsst\u00e5l, for kvalitetsbevisste sj\u00e5f\u00f8rer","publisher":{"@id":"https:\/\/com.rst-steel.eu\/#organization"},"alternateName":"Safe and stylish RST-Steel quality","potentialAction":[{"@type":"SearchAction","target":{"@type":"EntryPoint","urlTemplate":"https:\/\/com.rst-steel.eu\/?s={search_term_string}"},"query-input":{"@type":"PropertyValueSpecification","valueRequired":true,"valueName":"search_term_string"}}],"inLanguage":"nb-NO"},{"@type":"Organization","@id":"https:\/\/com.rst-steel.eu\/#organization","name":"RST-Steel Oy","url":"https:\/\/com.rst-steel.eu\/","logo":{"@type":"ImageObject","inLanguage":"nb-NO","@id":"https:\/\/com.rst-steel.eu\/#\/schema\/logo\/image\/","url":"https:\/\/com.rst-steel.eu\/wp-content\/uploads\/2023\/04\/cropped-Rst-logo-valkoinen-teksti-3.png","contentUrl":"https:\/\/com.rst-steel.eu\/wp-content\/uploads\/2023\/04\/cropped-Rst-logo-valkoinen-teksti-3.png","width":512,"height":115,"caption":"RST-Steel Oy"},"image":{"@id":"https:\/\/com.rst-steel.eu\/#\/schema\/logo\/image\/"},"sameAs":["https:\/\/www.facebook.com\/rststeel","https:\/\/www.instagram.com\/rststeeloy\/"]}]}},"brands":[{"id":8334,"name":"RST-Steel","slug":"brand_rststeel"}],"_links":{"self":[{"href":"https:\/\/com.rst-steel.eu\/nb\/wp-json\/wp\/v2\/product\/122519","targetHints":{"allow":["GET"]}}],"collection":[{"href":"https:\/\/com.rst-steel.eu\/nb\/wp-json\/wp\/v2\/product"}],"about":[{"href":"https:\/\/com.rst-steel.eu\/nb\/wp-json\/wp\/v2\/types\/product"}],"replies":[{"embeddable":true,"href":"https:\/\/com.rst-steel.eu\/nb\/wp-json\/wp\/v2\/comments?post=122519"}],"version-history":[{"count":0,"href":"https:\/\/com.rst-steel.eu\/nb\/wp-json\/wp\/v2\/product\/122519\/revisions"}],"wp:featuredmedia":[{"embeddable":true,"href":"https:\/\/com.rst-steel.eu\/nb\/wp-json\/wp\/v2\/media\/122517"}],"wp:attachment":[{"href":"https:\/\/com.rst-steel.eu\/nb\/wp-json\/wp\/v2\/media?parent=122519"}],"wp:term":[{"taxonomy":"make_fuel_type","embeddable":true,"href":"https:\/\/com.rst-steel.eu\/nb\/wp-json\/wp\/v2\/make_fuel_type?post=122519"},{"taxonomy":"make_model","embeddable":true,"href":"https:\/\/com.rst-steel.eu\/nb\/wp-json\/wp\/v2\/make_model?post=122519"},{"taxonomy":"make_brand","embeddable":true,"href":"https:\/\/com.rst-steel.eu\/nb\/wp-json\/wp\/v2\/make_brand?post=122519"},{"taxonomy":"make_year","embeddable":true,"href":"https:\/\/com.rst-steel.eu\/nb\/wp-json\/wp\/v2\/make_year?post=122519"},{"taxonomy":"pwb-brand","embeddable":true,"href":"https:\/\/com.rst-steel.eu\/nb\/wp-json\/wp\/v2\/pwb-brand?post=122519"},{"taxonomy":"product_brand","embeddable":true,"href":"https:\/\/com.rst-steel.eu\/nb\/wp-json\/wp\/v2\/product_brand?post=122519"},{"taxonomy":"product_cat","embeddable":true,"href":"https:\/\/com.rst-steel.eu\/nb\/wp-json\/wp\/v2\/product_cat?post=122519"},{"taxonomy":"product_tag","embeddable":true,"href":"https:\/\/com.rst-steel.eu\/nb\/wp-json\/wp\/v2\/product_tag?post=122519"}],"curies":[{"name":"wp","href":"https:\/\/api.w.org\/{rel}","templated":true}]}}