{"id":121899,"date":"2026-02-19T11:33:53","date_gmt":"2026-02-19T08:33:53","guid":{"rendered":"https:\/\/rst-steel.com\/product\/rear-bar-counterweight-doosan-dx225lc-7-without-sheet-guard_prm_75752\/"},"modified":"2026-03-19T10:23:03","modified_gmt":"2026-03-19T07:23:03","slug":"counterweight-doosan-dx225lc-7-without-sheet-guard_prm_75752","status":"publish","type":"product","link":"https:\/\/com.rst-steel.eu\/nb\/produkt\/counterweight-doosan-dx225lc-7-without-sheet-guard_prm_75752\/","title":{"rendered":"Counterweight Bar Doosan DX225LC-7 (without sheet guard)"},"content":{"rendered":"<p data-start=\"0\" data-end=\"92\"><strong>Counterweight Bar Doosan DX225LC-7 (without sheet guard)<\/strong><\/p>\n<p data-start=\"94\" data-end=\"347\">RST-Steel counterweight bars are high-quality Key Flag products made from stainless steel. This stylish light bar allows you to mount lights easily and safely. It can also be equipped with marker lights, further improving your visibility in traffic.<\/p>\n<ul>\n<li><\/li>\n<\/ul>\n<p data-start=\"349\" data-end=\"371\"><strong data-start=\"349\" data-end=\"369\">Lys inkludert:<\/strong><\/p>\n<ul data-start=\"372\" data-end=\"440\">\n<li data-start=\"372\" data-end=\"391\">\n<p data-start=\"374\" data-end=\"391\">R\u00f8de LED-lys: 6 stk<\/p>\n<\/li>\n<li data-start=\"392\" data-end=\"414\">\n<p data-start=\"394\" data-end=\"414\">Gule LED-lys: 7 stk<\/p>\n<\/li>\n<li data-start=\"415\" data-end=\"440\">\n<p data-start=\"417\" data-end=\"440\">Strobe lyser: 11 stk<\/p>\n<\/li>\n<\/ul>\n<p data-start=\"442\" data-end=\"537\">Velg \u00f8nsket modell fra menyen, og husk \u00e5 se i v\u00e5r anbefalte seksjon!<\/p>\n<ul>\n<li><\/li>\n<\/ul>\n<h3 data-start=\"544\" data-end=\"575\">Tekniske spesifikasjoner:<\/h3>\n<ul data-start=\"576\" data-end=\"709\">\n<li data-start=\"576\" data-end=\"656\">\n<p data-start=\"578\" data-end=\"656\"><strong data-start=\"578\" data-end=\"588\">Farge:<\/strong> Speilpolert rustfritt st\u00e5l eller lakkert i standard RAL-farger<\/p>\n<\/li>\n<li data-start=\"657\" data-end=\"685\">\n<p data-start=\"659\" data-end=\"685\"><strong data-start=\"659\" data-end=\"677\">R\u00f8rdiameter:<\/strong> 60 mm<\/p>\n<\/li>\n<li data-start=\"686\" data-end=\"709\">\n<p data-start=\"688\" data-end=\"709\"><strong data-start=\"688\" data-end=\"707\">Enkel \u00e5 installere<\/strong><\/p>\n<\/li>\n<li><\/li>\n<\/ul>\n<h3 data-start=\"716\" data-end=\"739\">Pakken inneholder:<\/h3>\n<ul data-start=\"740\" data-end=\"880\">\n<li data-start=\"740\" data-end=\"768\">\n<p data-start=\"742\" data-end=\"768\">Model-specific counterweight bar<\/p>\n<\/li>\n<li data-start=\"769\" data-end=\"816\">\n<p data-start=\"771\" data-end=\"816\">Monteringsbraketter kreves for installasjon<\/p>\n<\/li>\n<li data-start=\"817\" data-end=\"846\">\n<p data-start=\"819\" data-end=\"846\">Installasjonsinstruksjoner<\/p>\n<\/li>\n<li data-start=\"847\" data-end=\"880\">\n<p data-start=\"849\" data-end=\"880\">Braketter for fire arbeidslys<\/p>\n<\/li>\n<\/ul>\n<p data-start=\"882\" data-end=\"936\" data-is-last-node=\"\" data-is-only-node=\"\"><span style=\"font-weight: bold;\">Installasjon er ogs\u00e5 tilgjengelig p\u00e5 foresp\u00f8rsel.<\/span><\/p>","protected":false},"excerpt":{"rendered":"<p data-start=\"0\" data-end=\"44\">Bygget for \u00e5 vare i mange \u00e5r<\/p>","protected":false},"featured_media":121897,"comment_status":"open","ping_status":"closed","template":"","meta":{"_improvement_type_select":"improve_an_existing","_thumb_yes_seoaic":false,"_frame_yes_seoaic":false,"seoaic_generate_description":"","seoaic_improve_instructions_prompt":"","seoaic_rollback_content_improvement":"","seoaic_idea_thumbnail_generator":"","thumbnail_generated":false,"thumbnail_generate_prompt":"","seoaic_article_description":""},"make_fuel_type":[],"make_model":[6630],"make_brand":[6467],"make_year":[6465],"pwb-brand":[8334],"product_brand":[],"product_cat":[6057,6069,7282],"product_tag":[],"class_list":{"0":"post-121899","1":"product","2":"type-product","3":"status-publish","4":"has-post-thumbnail","6":"make_model-doosan-develon-excavator","7":"make_brand-doosan","8":"make_year-workmachines","9":"pwb-brand-brand_rststeel","10":"product_cat-lightbars","11":"product_cat-rearbars-for-excavators","12":"product_cat-doosan-vr-kkp","13":"product_shipping_class-lightbars","15":"first","16":"onbackorder","17":"taxable","18":"shipping-taxable","19":"purchasable","20":"product-type-variable"},"yoast_head":"<!-- This site is optimized with the Yoast SEO plugin v25.7 - https:\/\/yoast.com\/wordpress\/plugins\/seo\/ -->\n<title>Counterweight Bar Doosan DX225LC-7 (without sheet guard) - RST-Steel<\/title>\n<meta name=\"description\" content=\"Counterweight Bar Doosan DX225LC-7 \u2013 durable stainless steel, easy light mounting, stylish design, enhances visibility and safety on-site.\" \/>\n<meta name=\"robots\" content=\"index, follow, max-snippet:-1, max-image-preview:large, max-video-preview:-1\" \/>\n<link rel=\"canonical\" href=\"https:\/\/com.rst-steel.eu\/nb\/produkt\/counterweight-doosan-dx225lc-7-without-sheet-guard_prm_75752\/\" \/>\n<meta property=\"og:locale\" content=\"nb_NO\" \/>\n<meta property=\"og:type\" content=\"article\" \/>\n<meta property=\"og:title\" content=\"Counterweight Bar Doosan DX225LC-7 (without sheet guard) - RST-Steel\" \/>\n<meta property=\"og:description\" content=\"Counterweight Bar Doosan DX225LC-7 \u2013 durable stainless steel, easy light mounting, stylish design, enhances visibility and safety on-site.\" \/>\n<meta property=\"og:url\" content=\"https:\/\/com.rst-steel.eu\/nb\/produkt\/counterweight-doosan-dx225lc-7-without-sheet-guard_prm_75752\/\" \/>\n<meta property=\"og:site_name\" content=\"RST-Steel\" \/>\n<meta property=\"article:publisher\" content=\"https:\/\/www.facebook.com\/rststeel\" \/>\n<meta property=\"article:modified_time\" content=\"2026-03-19T07:23:03+00:00\" \/>\n<meta property=\"og:image\" content=\"https:\/\/com.rst-steel.eu\/wp-content\/uploads\/2026\/02\/36bce19f66b80bfd739a9ce1a4b2f986af769d61_79658.jpg\" \/>\n\t<meta property=\"og:image:width\" content=\"1063\" \/>\n\t<meta property=\"og:image:height\" content=\"477\" \/>\n\t<meta property=\"og:image:type\" content=\"image\/jpeg\" \/>\n<meta name=\"twitter:card\" content=\"summary_large_image\" \/>\n<meta name=\"twitter:label1\" content=\"Ansl. lesetid\" \/>\n\t<meta name=\"twitter:data1\" content=\"1 minutt\" \/>\n<script type=\"application\/ld+json\" class=\"yoast-schema-graph\">{\"@context\":\"https:\/\/schema.org\",\"@graph\":[{\"@type\":\"WebPage\",\"@id\":\"https:\/\/com.rst-steel.eu\/nb\/produkt\/counterweight-doosan-dx225lc-7-without-sheet-guard_prm_75752\/\",\"url\":\"https:\/\/com.rst-steel.eu\/nb\/produkt\/counterweight-doosan-dx225lc-7-without-sheet-guard_prm_75752\/\",\"name\":\"Counterweight Bar Doosan DX225LC-7 (without sheet guard) - RST-Steel\",\"isPartOf\":{\"@id\":\"https:\/\/com.rst-steel.eu\/#website\"},\"primaryImageOfPage\":{\"@id\":\"https:\/\/com.rst-steel.eu\/nb\/produkt\/counterweight-doosan-dx225lc-7-without-sheet-guard_prm_75752\/#primaryimage\"},\"image\":{\"@id\":\"https:\/\/com.rst-steel.eu\/nb\/produkt\/counterweight-doosan-dx225lc-7-without-sheet-guard_prm_75752\/#primaryimage\"},\"thumbnailUrl\":\"https:\/\/com.rst-steel.eu\/wp-content\/uploads\/2026\/02\/36bce19f66b80bfd739a9ce1a4b2f986af769d61_79658.jpg\",\"datePublished\":\"2026-02-19T08:33:53+00:00\",\"dateModified\":\"2026-03-19T07:23:03+00:00\",\"description\":\"Counterweight Bar Doosan DX225LC-7 \u2013 durable stainless steel, easy light mounting, stylish design, enhances visibility and safety on-site.\",\"breadcrumb\":{\"@id\":\"https:\/\/com.rst-steel.eu\/nb\/produkt\/counterweight-doosan-dx225lc-7-without-sheet-guard_prm_75752\/#breadcrumb\"},\"inLanguage\":\"nb-NO\",\"potentialAction\":[{\"@type\":\"ReadAction\",\"target\":[\"https:\/\/com.rst-steel.eu\/nb\/produkt\/counterweight-doosan-dx225lc-7-without-sheet-guard_prm_75752\/\"]}]},{\"@type\":\"ImageObject\",\"inLanguage\":\"nb-NO\",\"@id\":\"https:\/\/com.rst-steel.eu\/nb\/produkt\/counterweight-doosan-dx225lc-7-without-sheet-guard_prm_75752\/#primaryimage\",\"url\":\"https:\/\/com.rst-steel.eu\/wp-content\/uploads\/2026\/02\/36bce19f66b80bfd739a9ce1a4b2f986af769d61_79658.jpg\",\"contentUrl\":\"https:\/\/com.rst-steel.eu\/wp-content\/uploads\/2026\/02\/36bce19f66b80bfd739a9ce1a4b2f986af769d61_79658.jpg\",\"width\":1063,\"height\":477,\"caption\":\"Counterweight Bar Doosan DX225LC-7 (without sheet guard)\"},{\"@type\":\"BreadcrumbList\",\"@id\":\"https:\/\/com.rst-steel.eu\/nb\/produkt\/counterweight-doosan-dx225lc-7-without-sheet-guard_prm_75752\/#breadcrumb\",\"itemListElement\":[{\"@type\":\"ListItem\",\"position\":1,\"name\":\"Home\",\"item\":\"https:\/\/com.rst-steel.eu\/\"},{\"@type\":\"ListItem\",\"position\":2,\"name\":\"RST-Steel Shop\",\"item\":\"https:\/\/com.rst-steel.eu\/shop\/\"},{\"@type\":\"ListItem\",\"position\":3,\"name\":\"Counterweight Bar Doosan DX225LC-7 (without sheet guard)\"}]},{\"@type\":\"WebSite\",\"@id\":\"https:\/\/com.rst-steel.eu\/#website\",\"url\":\"https:\/\/com.rst-steel.eu\/\",\"name\":\"RST-Steel.com\",\"description\":\"Finnish quality steel, for quality-conscious drivers\",\"publisher\":{\"@id\":\"https:\/\/com.rst-steel.eu\/#organization\"},\"alternateName\":\"Safe and stylish RST-Steel quality\",\"potentialAction\":[{\"@type\":\"SearchAction\",\"target\":{\"@type\":\"EntryPoint\",\"urlTemplate\":\"https:\/\/com.rst-steel.eu\/?s={search_term_string}\"},\"query-input\":{\"@type\":\"PropertyValueSpecification\",\"valueRequired\":true,\"valueName\":\"search_term_string\"}}],\"inLanguage\":\"nb-NO\"},{\"@type\":\"Organization\",\"@id\":\"https:\/\/com.rst-steel.eu\/#organization\",\"name\":\"RST-Steel Oy\",\"url\":\"https:\/\/com.rst-steel.eu\/\",\"logo\":{\"@type\":\"ImageObject\",\"inLanguage\":\"nb-NO\",\"@id\":\"https:\/\/com.rst-steel.eu\/#\/schema\/logo\/image\/\",\"url\":\"https:\/\/com.rst-steel.eu\/wp-content\/uploads\/2023\/04\/cropped-Rst-logo-valkoinen-teksti-3.png\",\"contentUrl\":\"https:\/\/com.rst-steel.eu\/wp-content\/uploads\/2023\/04\/cropped-Rst-logo-valkoinen-teksti-3.png\",\"width\":512,\"height\":115,\"caption\":\"RST-Steel Oy\"},\"image\":{\"@id\":\"https:\/\/com.rst-steel.eu\/#\/schema\/logo\/image\/\"},\"sameAs\":[\"https:\/\/www.facebook.com\/rststeel\",\"https:\/\/www.instagram.com\/rststeeloy\/\"]}]}<\/script>\n<!-- \/ Yoast SEO plugin. -->","yoast_head_json":{"title":"Counterweight Bar Doosan DX225LC-7 (without sheet guard) - RST-Steel","description":"Counterweight Bar Doosan DX225LC-7 \u2013 durable stainless steel, easy light mounting, stylish design, enhances visibility and safety on-site.","robots":{"index":"index","follow":"follow","max-snippet":"max-snippet:-1","max-image-preview":"max-image-preview:large","max-video-preview":"max-video-preview:-1"},"canonical":"https:\/\/com.rst-steel.eu\/nb\/produkt\/counterweight-doosan-dx225lc-7-without-sheet-guard_prm_75752\/","og_locale":"nb_NO","og_type":"article","og_title":"Counterweight Bar Doosan DX225LC-7 (without sheet guard) - RST-Steel","og_description":"Counterweight Bar Doosan DX225LC-7 \u2013 durable stainless steel, easy light mounting, stylish design, enhances visibility and safety on-site.","og_url":"https:\/\/com.rst-steel.eu\/nb\/produkt\/counterweight-doosan-dx225lc-7-without-sheet-guard_prm_75752\/","og_site_name":"RST-Steel","article_publisher":"https:\/\/www.facebook.com\/rststeel","article_modified_time":"2026-03-19T07:23:03+00:00","og_image":[{"width":1063,"height":477,"url":"https:\/\/com.rst-steel.eu\/wp-content\/uploads\/2026\/02\/36bce19f66b80bfd739a9ce1a4b2f986af769d61_79658.jpg","type":"image\/jpeg"}],"twitter_card":"summary_large_image","twitter_misc":{"Ansl. lesetid":"1 minutt"},"schema":{"@context":"https:\/\/schema.org","@graph":[{"@type":"WebPage","@id":"https:\/\/com.rst-steel.eu\/nb\/produkt\/counterweight-doosan-dx225lc-7-without-sheet-guard_prm_75752\/","url":"https:\/\/com.rst-steel.eu\/nb\/produkt\/counterweight-doosan-dx225lc-7-without-sheet-guard_prm_75752\/","name":"Counterweight Bar Doosan DX225LC-7 (without sheet guard) - RST-Steel","isPartOf":{"@id":"https:\/\/com.rst-steel.eu\/#website"},"primaryImageOfPage":{"@id":"https:\/\/com.rst-steel.eu\/nb\/produkt\/counterweight-doosan-dx225lc-7-without-sheet-guard_prm_75752\/#primaryimage"},"image":{"@id":"https:\/\/com.rst-steel.eu\/nb\/produkt\/counterweight-doosan-dx225lc-7-without-sheet-guard_prm_75752\/#primaryimage"},"thumbnailUrl":"https:\/\/com.rst-steel.eu\/wp-content\/uploads\/2026\/02\/36bce19f66b80bfd739a9ce1a4b2f986af769d61_79658.jpg","datePublished":"2026-02-19T08:33:53+00:00","dateModified":"2026-03-19T07:23:03+00:00","description":"Counterweight Bar Doosan DX225LC-7 \u2013 durable stainless steel, easy light mounting, stylish design, enhances visibility and safety on-site.","breadcrumb":{"@id":"https:\/\/com.rst-steel.eu\/nb\/produkt\/counterweight-doosan-dx225lc-7-without-sheet-guard_prm_75752\/#breadcrumb"},"inLanguage":"nb-NO","potentialAction":[{"@type":"ReadAction","target":["https:\/\/com.rst-steel.eu\/nb\/produkt\/counterweight-doosan-dx225lc-7-without-sheet-guard_prm_75752\/"]}]},{"@type":"ImageObject","inLanguage":"nb-NO","@id":"https:\/\/com.rst-steel.eu\/nb\/produkt\/counterweight-doosan-dx225lc-7-without-sheet-guard_prm_75752\/#primaryimage","url":"https:\/\/com.rst-steel.eu\/wp-content\/uploads\/2026\/02\/36bce19f66b80bfd739a9ce1a4b2f986af769d61_79658.jpg","contentUrl":"https:\/\/com.rst-steel.eu\/wp-content\/uploads\/2026\/02\/36bce19f66b80bfd739a9ce1a4b2f986af769d61_79658.jpg","width":1063,"height":477,"caption":"Counterweight Bar Doosan DX225LC-7 (without sheet guard)"},{"@type":"BreadcrumbList","@id":"https:\/\/com.rst-steel.eu\/nb\/produkt\/counterweight-doosan-dx225lc-7-without-sheet-guard_prm_75752\/#breadcrumb","itemListElement":[{"@type":"ListItem","position":1,"name":"Home","item":"https:\/\/com.rst-steel.eu\/"},{"@type":"ListItem","position":2,"name":"RST-Steel Shop","item":"https:\/\/com.rst-steel.eu\/shop\/"},{"@type":"ListItem","position":3,"name":"Counterweight Bar Doosan DX225LC-7 (without sheet guard)"}]},{"@type":"WebSite","@id":"https:\/\/com.rst-steel.eu\/#website","url":"https:\/\/com.rst-steel.eu\/","name":"RST-Steel.com","description":"Finsk kvalitetsst\u00e5l, for kvalitetsbevisste sj\u00e5f\u00f8rer","publisher":{"@id":"https:\/\/com.rst-steel.eu\/#organization"},"alternateName":"Safe and stylish RST-Steel quality","potentialAction":[{"@type":"SearchAction","target":{"@type":"EntryPoint","urlTemplate":"https:\/\/com.rst-steel.eu\/?s={search_term_string}"},"query-input":{"@type":"PropertyValueSpecification","valueRequired":true,"valueName":"search_term_string"}}],"inLanguage":"nb-NO"},{"@type":"Organization","@id":"https:\/\/com.rst-steel.eu\/#organization","name":"RST-Steel Oy","url":"https:\/\/com.rst-steel.eu\/","logo":{"@type":"ImageObject","inLanguage":"nb-NO","@id":"https:\/\/com.rst-steel.eu\/#\/schema\/logo\/image\/","url":"https:\/\/com.rst-steel.eu\/wp-content\/uploads\/2023\/04\/cropped-Rst-logo-valkoinen-teksti-3.png","contentUrl":"https:\/\/com.rst-steel.eu\/wp-content\/uploads\/2023\/04\/cropped-Rst-logo-valkoinen-teksti-3.png","width":512,"height":115,"caption":"RST-Steel Oy"},"image":{"@id":"https:\/\/com.rst-steel.eu\/#\/schema\/logo\/image\/"},"sameAs":["https:\/\/www.facebook.com\/rststeel","https:\/\/www.instagram.com\/rststeeloy\/"]}]}},"brands":[{"id":8334,"name":"RST-Steel","slug":"brand_rststeel"}],"_links":{"self":[{"href":"https:\/\/com.rst-steel.eu\/nb\/wp-json\/wp\/v2\/product\/121899","targetHints":{"allow":["GET"]}}],"collection":[{"href":"https:\/\/com.rst-steel.eu\/nb\/wp-json\/wp\/v2\/product"}],"about":[{"href":"https:\/\/com.rst-steel.eu\/nb\/wp-json\/wp\/v2\/types\/product"}],"replies":[{"embeddable":true,"href":"https:\/\/com.rst-steel.eu\/nb\/wp-json\/wp\/v2\/comments?post=121899"}],"version-history":[{"count":0,"href":"https:\/\/com.rst-steel.eu\/nb\/wp-json\/wp\/v2\/product\/121899\/revisions"}],"wp:featuredmedia":[{"embeddable":true,"href":"https:\/\/com.rst-steel.eu\/nb\/wp-json\/wp\/v2\/media\/121897"}],"wp:attachment":[{"href":"https:\/\/com.rst-steel.eu\/nb\/wp-json\/wp\/v2\/media?parent=121899"}],"wp:term":[{"taxonomy":"make_fuel_type","embeddable":true,"href":"https:\/\/com.rst-steel.eu\/nb\/wp-json\/wp\/v2\/make_fuel_type?post=121899"},{"taxonomy":"make_model","embeddable":true,"href":"https:\/\/com.rst-steel.eu\/nb\/wp-json\/wp\/v2\/make_model?post=121899"},{"taxonomy":"make_brand","embeddable":true,"href":"https:\/\/com.rst-steel.eu\/nb\/wp-json\/wp\/v2\/make_brand?post=121899"},{"taxonomy":"make_year","embeddable":true,"href":"https:\/\/com.rst-steel.eu\/nb\/wp-json\/wp\/v2\/make_year?post=121899"},{"taxonomy":"pwb-brand","embeddable":true,"href":"https:\/\/com.rst-steel.eu\/nb\/wp-json\/wp\/v2\/pwb-brand?post=121899"},{"taxonomy":"product_brand","embeddable":true,"href":"https:\/\/com.rst-steel.eu\/nb\/wp-json\/wp\/v2\/product_brand?post=121899"},{"taxonomy":"product_cat","embeddable":true,"href":"https:\/\/com.rst-steel.eu\/nb\/wp-json\/wp\/v2\/product_cat?post=121899"},{"taxonomy":"product_tag","embeddable":true,"href":"https:\/\/com.rst-steel.eu\/nb\/wp-json\/wp\/v2\/product_tag?post=121899"}],"curies":[{"name":"wp","href":"https:\/\/api.w.org\/{rel}","templated":true}]}}