{"id":121748,"date":"2026-02-18T13:25:02","date_gmt":"2026-02-18T10:25:02","guid":{"rendered":"https:\/\/rst-steel.com\/product\/rear-bar-caterpillar-nextgen-330-premium-light-kit_prm_76498\/"},"modified":"2026-03-19T10:48:27","modified_gmt":"2026-03-19T07:48:27","slug":"counterweight-bar-caterpillar-nextgen-330-premium-light-kit_prm_76498","status":"publish","type":"product","link":"https:\/\/com.rst-steel.eu\/nb\/produkt\/counterweight-bar-caterpillar-nextgen-330-premium-light-kit_prm_76498\/","title":{"rendered":"Counterweight Bar Caterpillar NextGen 330 (Premium light kit)"},"content":{"rendered":"<p data-start=\"66\" data-end=\"161\"><strong>Counterweight Bar Caterpillar NextGen 330 (Premium light kit)<\/strong><\/p>\n<p data-start=\"66\" data-end=\"161\">RST-Steel counterweight bars are high-quality Key Flag products made in Finland from stainless steel.<\/p>\n<p data-start=\"163\" data-end=\"384\">This stylish counterweight bar enhances the look of your machine while providing practical functionality \u2013 it can be equipped with marker lights and strobe lights, improving your visibility both on the road and at the worksite.<\/p>\n<p data-start=\"386\" data-end=\"456\">Kompatibel med maskiner som har arbeidslys p\u00e5 motvekten.<\/p>\n<p data-start=\"458\" data-end=\"481\"><span style=\"font-weight: bold;\">Hvorfor velge RST-Steel?<\/span><\/p>\n<ul data-start=\"482\" data-end=\"692\">\n<li data-start=\"482\" data-end=\"592\">\n<p data-start=\"484\" data-end=\"592\"><strong data-start=\"484\" data-end=\"500\">Reliability:<\/strong> Years of experience and expertise ensure the high quality and durability of our products.<\/p>\n<\/li>\n<li data-start=\"593\" data-end=\"692\">\n<p data-start=\"595\" data-end=\"692\"><strong data-start=\"595\" data-end=\"621\">Kundetilfredshet:<\/strong> Tusenvis av forn\u00f8yde kunder over hele verden stoler p\u00e5 RST-Steel-produkter.<\/p>\n<\/li>\n<\/ul>\n<ul data-start=\"482\" data-end=\"692\">\n<li data-start=\"593\" data-end=\"692\"><\/li>\n<\/ul>\n<p data-start=\"694\" data-end=\"721\"><span style=\"font-weight: bold;\">Tekniske spesifikasjoner:<\/span><\/p>\n<ul data-start=\"722\" data-end=\"838\">\n<li data-start=\"722\" data-end=\"794\">\n<p data-start=\"724\" data-end=\"794\">farge: polert rustfritt st\u00e5l eller Lakkert i standard RAL-farger<\/p>\n<\/li>\n<li data-start=\"795\" data-end=\"819\">\n<p data-start=\"797\" data-end=\"819\">r\u00f8rdiameter: 76mm<\/p>\n<\/li>\n<li data-start=\"820\" data-end=\"838\">\n<p data-start=\"822\" data-end=\"838\">4 lysfester<\/p>\n<\/li>\n<\/ul>\n<ul data-start=\"722\" data-end=\"838\">\n<li data-start=\"820\" data-end=\"838\"><\/li>\n<\/ul>\n<p data-start=\"840\" data-end=\"859\"><span style=\"font-weight: bold;\">Pakken inkluderer:<\/span><\/p>\n<ul data-start=\"860\" data-end=\"932\" data-is-last-node=\"\" data-is-only-node=\"\">\n<li data-start=\"860\" data-end=\"873\">\n<p data-start=\"862\" data-end=\"873\">Counterweight bar Caterpillar NextGen<\/p>\n<\/li>\n<li data-start=\"874\" data-end=\"904\">\n<p data-start=\"876\" data-end=\"904\">N\u00f8dvendige monteringsbraketter<\/p>\n<\/li>\n<li data-start=\"905\" data-end=\"932\" data-is-last-node=\"\">\n<p data-start=\"907\" data-end=\"932\" data-is-last-node=\"\">Installasjonsinstruksjoner<\/p>\n<\/li>\n<\/ul>","protected":false},"excerpt":{"rendered":"<p>Kompatibel med maskiner som har arbeidslys p\u00e5 motvekten.<\/p>","protected":false},"featured_media":121744,"comment_status":"open","ping_status":"closed","template":"","meta":{"_improvement_type_select":"improve_an_existing","_thumb_yes_seoaic":false,"_frame_yes_seoaic":false,"seoaic_generate_description":"","seoaic_improve_instructions_prompt":"","seoaic_rollback_content_improvement":"","seoaic_idea_thumbnail_generator":"","thumbnail_generated":false,"thumbnail_generate_prompt":"","seoaic_article_description":""},"make_fuel_type":[],"make_model":[],"make_brand":[6466],"make_year":[6465],"pwb-brand":[8334],"product_brand":[],"product_cat":[6057,6069,7281],"product_tag":[],"class_list":{"0":"post-121748","1":"product","2":"type-product","3":"status-publish","4":"has-post-thumbnail","6":"make_brand-caterpillar","7":"make_year-workmachines","8":"pwb-brand-brand_rststeel","9":"product_cat-lightbars","10":"product_cat-rearbars-for-excavators","11":"product_cat-caterpillar-vr-kkp","12":"product_shipping_class-lightbars","14":"first","15":"onbackorder","16":"taxable","17":"shipping-taxable","18":"purchasable","19":"product-type-variable"},"yoast_head":"<!-- This site is optimized with the Yoast SEO plugin v25.7 - https:\/\/yoast.com\/wordpress\/plugins\/seo\/ -->\n<title>Counterweight Bar Caterpillar NextGen 330 (Premium light kit) - RST-Steel<\/title>\n<meta name=\"description\" content=\"Counterweight Bar Caterpillar NextGen 330 (Premium Light Kit) \u2013 durable stainless steel, easy to install, stylish and practical for mounting lights.\" \/>\n<meta name=\"robots\" content=\"index, follow, max-snippet:-1, max-image-preview:large, max-video-preview:-1\" \/>\n<link rel=\"canonical\" href=\"https:\/\/com.rst-steel.eu\/nb\/produkt\/counterweight-bar-caterpillar-nextgen-330-premium-light-kit_prm_76498\/\" \/>\n<meta property=\"og:locale\" content=\"nb_NO\" \/>\n<meta property=\"og:type\" content=\"article\" \/>\n<meta property=\"og:title\" content=\"Counterweight Bar Caterpillar NextGen 330 (Premium light kit) - RST-Steel\" \/>\n<meta property=\"og:description\" content=\"Counterweight Bar Caterpillar NextGen 330 (Premium Light Kit) \u2013 durable stainless steel, easy to install, stylish and practical for mounting lights.\" \/>\n<meta property=\"og:url\" content=\"https:\/\/com.rst-steel.eu\/nb\/produkt\/counterweight-bar-caterpillar-nextgen-330-premium-light-kit_prm_76498\/\" \/>\n<meta property=\"og:site_name\" content=\"RST-Steel\" \/>\n<meta property=\"article:publisher\" content=\"https:\/\/www.facebook.com\/rststeel\" \/>\n<meta property=\"article:modified_time\" content=\"2026-03-19T07:48:27+00:00\" \/>\n<meta property=\"og:image\" content=\"https:\/\/com.rst-steel.eu\/wp-content\/uploads\/2026\/02\/b83b96144d4310503dc719164d3b2715c23624b8_tca219.jpg\" \/>\n\t<meta property=\"og:image:width\" content=\"1996\" \/>\n\t<meta property=\"og:image:height\" content=\"1497\" \/>\n\t<meta property=\"og:image:type\" content=\"image\/jpeg\" \/>\n<meta name=\"twitter:card\" content=\"summary_large_image\" \/>\n<meta name=\"twitter:label1\" content=\"Ansl. lesetid\" \/>\n\t<meta name=\"twitter:data1\" content=\"1 minutt\" \/>\n<script type=\"application\/ld+json\" class=\"yoast-schema-graph\">{\"@context\":\"https:\/\/schema.org\",\"@graph\":[{\"@type\":\"WebPage\",\"@id\":\"https:\/\/com.rst-steel.eu\/nb\/produkt\/counterweight-bar-caterpillar-nextgen-330-premium-light-kit_prm_76498\/\",\"url\":\"https:\/\/com.rst-steel.eu\/nb\/produkt\/counterweight-bar-caterpillar-nextgen-330-premium-light-kit_prm_76498\/\",\"name\":\"Counterweight Bar Caterpillar NextGen 330 (Premium light kit) - RST-Steel\",\"isPartOf\":{\"@id\":\"https:\/\/com.rst-steel.eu\/#website\"},\"primaryImageOfPage\":{\"@id\":\"https:\/\/com.rst-steel.eu\/nb\/produkt\/counterweight-bar-caterpillar-nextgen-330-premium-light-kit_prm_76498\/#primaryimage\"},\"image\":{\"@id\":\"https:\/\/com.rst-steel.eu\/nb\/produkt\/counterweight-bar-caterpillar-nextgen-330-premium-light-kit_prm_76498\/#primaryimage\"},\"thumbnailUrl\":\"https:\/\/com.rst-steel.eu\/wp-content\/uploads\/2026\/02\/b83b96144d4310503dc719164d3b2715c23624b8_tca219.jpg\",\"datePublished\":\"2026-02-18T10:25:02+00:00\",\"dateModified\":\"2026-03-19T07:48:27+00:00\",\"description\":\"Counterweight Bar Caterpillar NextGen 330 (Premium Light Kit) \u2013 durable stainless steel, easy to install, stylish and practical for mounting lights.\",\"breadcrumb\":{\"@id\":\"https:\/\/com.rst-steel.eu\/nb\/produkt\/counterweight-bar-caterpillar-nextgen-330-premium-light-kit_prm_76498\/#breadcrumb\"},\"inLanguage\":\"nb-NO\",\"potentialAction\":[{\"@type\":\"ReadAction\",\"target\":[\"https:\/\/com.rst-steel.eu\/nb\/produkt\/counterweight-bar-caterpillar-nextgen-330-premium-light-kit_prm_76498\/\"]}]},{\"@type\":\"ImageObject\",\"inLanguage\":\"nb-NO\",\"@id\":\"https:\/\/com.rst-steel.eu\/nb\/produkt\/counterweight-bar-caterpillar-nextgen-330-premium-light-kit_prm_76498\/#primaryimage\",\"url\":\"https:\/\/com.rst-steel.eu\/wp-content\/uploads\/2026\/02\/b83b96144d4310503dc719164d3b2715c23624b8_tca219.jpg\",\"contentUrl\":\"https:\/\/com.rst-steel.eu\/wp-content\/uploads\/2026\/02\/b83b96144d4310503dc719164d3b2715c23624b8_tca219.jpg\",\"width\":1996,\"height\":1497,\"caption\":\"Counterweight Bar Caterpillar NextGen 330 (Premium light kit)\"},{\"@type\":\"BreadcrumbList\",\"@id\":\"https:\/\/com.rst-steel.eu\/nb\/produkt\/counterweight-bar-caterpillar-nextgen-330-premium-light-kit_prm_76498\/#breadcrumb\",\"itemListElement\":[{\"@type\":\"ListItem\",\"position\":1,\"name\":\"Home\",\"item\":\"https:\/\/com.rst-steel.eu\/\"},{\"@type\":\"ListItem\",\"position\":2,\"name\":\"RST-Steel Shop\",\"item\":\"https:\/\/com.rst-steel.eu\/shop\/\"},{\"@type\":\"ListItem\",\"position\":3,\"name\":\"Counterweight Bar Caterpillar NextGen 330 (Premium light kit)\"}]},{\"@type\":\"WebSite\",\"@id\":\"https:\/\/com.rst-steel.eu\/#website\",\"url\":\"https:\/\/com.rst-steel.eu\/\",\"name\":\"RST-Steel.com\",\"description\":\"Finnish quality steel, for quality-conscious drivers\",\"publisher\":{\"@id\":\"https:\/\/com.rst-steel.eu\/#organization\"},\"alternateName\":\"Safe and stylish RST-Steel quality\",\"potentialAction\":[{\"@type\":\"SearchAction\",\"target\":{\"@type\":\"EntryPoint\",\"urlTemplate\":\"https:\/\/com.rst-steel.eu\/?s={search_term_string}\"},\"query-input\":{\"@type\":\"PropertyValueSpecification\",\"valueRequired\":true,\"valueName\":\"search_term_string\"}}],\"inLanguage\":\"nb-NO\"},{\"@type\":\"Organization\",\"@id\":\"https:\/\/com.rst-steel.eu\/#organization\",\"name\":\"RST-Steel Oy\",\"url\":\"https:\/\/com.rst-steel.eu\/\",\"logo\":{\"@type\":\"ImageObject\",\"inLanguage\":\"nb-NO\",\"@id\":\"https:\/\/com.rst-steel.eu\/#\/schema\/logo\/image\/\",\"url\":\"https:\/\/com.rst-steel.eu\/wp-content\/uploads\/2023\/04\/cropped-Rst-logo-valkoinen-teksti-3.png\",\"contentUrl\":\"https:\/\/com.rst-steel.eu\/wp-content\/uploads\/2023\/04\/cropped-Rst-logo-valkoinen-teksti-3.png\",\"width\":512,\"height\":115,\"caption\":\"RST-Steel Oy\"},\"image\":{\"@id\":\"https:\/\/com.rst-steel.eu\/#\/schema\/logo\/image\/\"},\"sameAs\":[\"https:\/\/www.facebook.com\/rststeel\",\"https:\/\/www.instagram.com\/rststeeloy\/\"]}]}<\/script>\n<!-- \/ Yoast SEO plugin. -->","yoast_head_json":{"title":"Counterweight Bar Caterpillar NextGen 330 (Premium light kit) - RST-Steel","description":"Counterweight Bar Caterpillar NextGen 330 (Premium Light Kit) \u2013 durable stainless steel, easy to install, stylish and practical for mounting lights.","robots":{"index":"index","follow":"follow","max-snippet":"max-snippet:-1","max-image-preview":"max-image-preview:large","max-video-preview":"max-video-preview:-1"},"canonical":"https:\/\/com.rst-steel.eu\/nb\/produkt\/counterweight-bar-caterpillar-nextgen-330-premium-light-kit_prm_76498\/","og_locale":"nb_NO","og_type":"article","og_title":"Counterweight Bar Caterpillar NextGen 330 (Premium light kit) - RST-Steel","og_description":"Counterweight Bar Caterpillar NextGen 330 (Premium Light Kit) \u2013 durable stainless steel, easy to install, stylish and practical for mounting lights.","og_url":"https:\/\/com.rst-steel.eu\/nb\/produkt\/counterweight-bar-caterpillar-nextgen-330-premium-light-kit_prm_76498\/","og_site_name":"RST-Steel","article_publisher":"https:\/\/www.facebook.com\/rststeel","article_modified_time":"2026-03-19T07:48:27+00:00","og_image":[{"width":1996,"height":1497,"url":"https:\/\/com.rst-steel.eu\/wp-content\/uploads\/2026\/02\/b83b96144d4310503dc719164d3b2715c23624b8_tca219.jpg","type":"image\/jpeg"}],"twitter_card":"summary_large_image","twitter_misc":{"Ansl. lesetid":"1 minutt"},"schema":{"@context":"https:\/\/schema.org","@graph":[{"@type":"WebPage","@id":"https:\/\/com.rst-steel.eu\/nb\/produkt\/counterweight-bar-caterpillar-nextgen-330-premium-light-kit_prm_76498\/","url":"https:\/\/com.rst-steel.eu\/nb\/produkt\/counterweight-bar-caterpillar-nextgen-330-premium-light-kit_prm_76498\/","name":"Counterweight Bar Caterpillar NextGen 330 (Premium light kit) - RST-Steel","isPartOf":{"@id":"https:\/\/com.rst-steel.eu\/#website"},"primaryImageOfPage":{"@id":"https:\/\/com.rst-steel.eu\/nb\/produkt\/counterweight-bar-caterpillar-nextgen-330-premium-light-kit_prm_76498\/#primaryimage"},"image":{"@id":"https:\/\/com.rst-steel.eu\/nb\/produkt\/counterweight-bar-caterpillar-nextgen-330-premium-light-kit_prm_76498\/#primaryimage"},"thumbnailUrl":"https:\/\/com.rst-steel.eu\/wp-content\/uploads\/2026\/02\/b83b96144d4310503dc719164d3b2715c23624b8_tca219.jpg","datePublished":"2026-02-18T10:25:02+00:00","dateModified":"2026-03-19T07:48:27+00:00","description":"Counterweight Bar Caterpillar NextGen 330 (Premium Light Kit) \u2013 durable stainless steel, easy to install, stylish and practical for mounting lights.","breadcrumb":{"@id":"https:\/\/com.rst-steel.eu\/nb\/produkt\/counterweight-bar-caterpillar-nextgen-330-premium-light-kit_prm_76498\/#breadcrumb"},"inLanguage":"nb-NO","potentialAction":[{"@type":"ReadAction","target":["https:\/\/com.rst-steel.eu\/nb\/produkt\/counterweight-bar-caterpillar-nextgen-330-premium-light-kit_prm_76498\/"]}]},{"@type":"ImageObject","inLanguage":"nb-NO","@id":"https:\/\/com.rst-steel.eu\/nb\/produkt\/counterweight-bar-caterpillar-nextgen-330-premium-light-kit_prm_76498\/#primaryimage","url":"https:\/\/com.rst-steel.eu\/wp-content\/uploads\/2026\/02\/b83b96144d4310503dc719164d3b2715c23624b8_tca219.jpg","contentUrl":"https:\/\/com.rst-steel.eu\/wp-content\/uploads\/2026\/02\/b83b96144d4310503dc719164d3b2715c23624b8_tca219.jpg","width":1996,"height":1497,"caption":"Counterweight Bar Caterpillar NextGen 330 (Premium light kit)"},{"@type":"BreadcrumbList","@id":"https:\/\/com.rst-steel.eu\/nb\/produkt\/counterweight-bar-caterpillar-nextgen-330-premium-light-kit_prm_76498\/#breadcrumb","itemListElement":[{"@type":"ListItem","position":1,"name":"Home","item":"https:\/\/com.rst-steel.eu\/"},{"@type":"ListItem","position":2,"name":"RST-Steel Shop","item":"https:\/\/com.rst-steel.eu\/shop\/"},{"@type":"ListItem","position":3,"name":"Counterweight Bar Caterpillar NextGen 330 (Premium light kit)"}]},{"@type":"WebSite","@id":"https:\/\/com.rst-steel.eu\/#website","url":"https:\/\/com.rst-steel.eu\/","name":"RST-Steel.com","description":"Finsk kvalitetsst\u00e5l, for kvalitetsbevisste sj\u00e5f\u00f8rer","publisher":{"@id":"https:\/\/com.rst-steel.eu\/#organization"},"alternateName":"Safe and stylish RST-Steel quality","potentialAction":[{"@type":"SearchAction","target":{"@type":"EntryPoint","urlTemplate":"https:\/\/com.rst-steel.eu\/?s={search_term_string}"},"query-input":{"@type":"PropertyValueSpecification","valueRequired":true,"valueName":"search_term_string"}}],"inLanguage":"nb-NO"},{"@type":"Organization","@id":"https:\/\/com.rst-steel.eu\/#organization","name":"RST-Steel Oy","url":"https:\/\/com.rst-steel.eu\/","logo":{"@type":"ImageObject","inLanguage":"nb-NO","@id":"https:\/\/com.rst-steel.eu\/#\/schema\/logo\/image\/","url":"https:\/\/com.rst-steel.eu\/wp-content\/uploads\/2023\/04\/cropped-Rst-logo-valkoinen-teksti-3.png","contentUrl":"https:\/\/com.rst-steel.eu\/wp-content\/uploads\/2023\/04\/cropped-Rst-logo-valkoinen-teksti-3.png","width":512,"height":115,"caption":"RST-Steel Oy"},"image":{"@id":"https:\/\/com.rst-steel.eu\/#\/schema\/logo\/image\/"},"sameAs":["https:\/\/www.facebook.com\/rststeel","https:\/\/www.instagram.com\/rststeeloy\/"]}]}},"brands":[{"id":8334,"name":"RST-Steel","slug":"brand_rststeel"}],"_links":{"self":[{"href":"https:\/\/com.rst-steel.eu\/nb\/wp-json\/wp\/v2\/product\/121748","targetHints":{"allow":["GET"]}}],"collection":[{"href":"https:\/\/com.rst-steel.eu\/nb\/wp-json\/wp\/v2\/product"}],"about":[{"href":"https:\/\/com.rst-steel.eu\/nb\/wp-json\/wp\/v2\/types\/product"}],"replies":[{"embeddable":true,"href":"https:\/\/com.rst-steel.eu\/nb\/wp-json\/wp\/v2\/comments?post=121748"}],"version-history":[{"count":0,"href":"https:\/\/com.rst-steel.eu\/nb\/wp-json\/wp\/v2\/product\/121748\/revisions"}],"wp:featuredmedia":[{"embeddable":true,"href":"https:\/\/com.rst-steel.eu\/nb\/wp-json\/wp\/v2\/media\/121744"}],"wp:attachment":[{"href":"https:\/\/com.rst-steel.eu\/nb\/wp-json\/wp\/v2\/media?parent=121748"}],"wp:term":[{"taxonomy":"make_fuel_type","embeddable":true,"href":"https:\/\/com.rst-steel.eu\/nb\/wp-json\/wp\/v2\/make_fuel_type?post=121748"},{"taxonomy":"make_model","embeddable":true,"href":"https:\/\/com.rst-steel.eu\/nb\/wp-json\/wp\/v2\/make_model?post=121748"},{"taxonomy":"make_brand","embeddable":true,"href":"https:\/\/com.rst-steel.eu\/nb\/wp-json\/wp\/v2\/make_brand?post=121748"},{"taxonomy":"make_year","embeddable":true,"href":"https:\/\/com.rst-steel.eu\/nb\/wp-json\/wp\/v2\/make_year?post=121748"},{"taxonomy":"pwb-brand","embeddable":true,"href":"https:\/\/com.rst-steel.eu\/nb\/wp-json\/wp\/v2\/pwb-brand?post=121748"},{"taxonomy":"product_brand","embeddable":true,"href":"https:\/\/com.rst-steel.eu\/nb\/wp-json\/wp\/v2\/product_brand?post=121748"},{"taxonomy":"product_cat","embeddable":true,"href":"https:\/\/com.rst-steel.eu\/nb\/wp-json\/wp\/v2\/product_cat?post=121748"},{"taxonomy":"product_tag","embeddable":true,"href":"https:\/\/com.rst-steel.eu\/nb\/wp-json\/wp\/v2\/product_tag?post=121748"}],"curies":[{"name":"wp","href":"https:\/\/api.w.org\/{rel}","templated":true}]}}