{"id":121739,"date":"2026-02-18T13:23:34","date_gmt":"2026-02-18T10:23:34","guid":{"rendered":"https:\/\/rst-steel.com\/product\/rear-bar-caterpillar-nextgen-330-gc_prm_17471\/"},"modified":"2026-03-19T10:50:13","modified_gmt":"2026-03-19T07:50:13","slug":"counterweight-bar-caterpillar-nextgen-330-gc_prm_17471","status":"publish","type":"product","link":"https:\/\/com.rst-steel.eu\/nb\/produkt\/counterweight-bar-caterpillar-nextgen-330-gc_prm_17471\/","title":{"rendered":"Counterweight Bar Caterpillar NextGen 330 (GC)"},"content":{"rendered":"<div class=\"flex flex-col text-sm pb-25\">\n<article class=\"text-token-text-primary w-full focus:outline-none [--shadow-height:45px] has-data-writing-block:pointer-events-none has-data-writing-block:-mt-(--shadow-height) has-data-writing-block:pt-(--shadow-height) [&amp;:has([data-writing-block])&gt;*]:pointer-events-auto scroll-mt-[calc(var(--header-height)+min(200px,max(70px,20svh)))]\" dir=\"auto\" data-turn-id=\"request-699341a8-a74c-832b-9b7e-4ffaff75d1aa-55\" data-testid=\"conversation-turn-132\" data-scroll-anchor=\"true\" data-turn=\"assistant\">\n<div class=\"text-base my-auto mx-auto pb-10 [--thread-content-margin:--spacing(4)] @w-sm\/main:[--thread-content-margin:--spacing(6)] @w-lg\/main:[--thread-content-margin:--spacing(16)] px-(--thread-content-margin)\">\n<div class=\"[--thread-content-max-width:40rem] @w-lg\/main:[--thread-content-max-width:48rem] mx-auto max-w-(--thread-content-max-width) flex-1 group\/turn-messages focus-visible:outline-hidden relative flex w-full min-w-0 flex-col agent-turn\">\n<div class=\"flex max-w-full flex-col grow\">\n<div class=\"min-h-8 text-message relative flex w-full flex-col items-end gap-2 text-start break-words whitespace-normal [.text-message+&amp;]:mt-1\" dir=\"auto\" data-message-author-role=\"assistant\" data-message-id=\"8fcce10b-5e47-4291-a68a-89cb83ab7af8\" data-message-model-slug=\"gpt-5-mini\">\n<div class=\"flex w-full flex-col gap-1 empty:hidden first:pt-[1px]\">\n<div class=\"markdown prose dark:prose-invert w-full wrap-break-word dark markdown-new-styling\">\n<p data-start=\"51\" data-end=\"146\"><span style=\"font-weight: bold;\">Counterweight Bar Caterpillar NextGen 330 (GC)<\/span><\/p>\n<p data-start=\"51\" data-end=\"146\">RST-Steel counterweight bars are high-quality Key Flag products made in Finland from stainless steel.<\/p>\n<p data-start=\"148\" data-end=\"370\">This stylish counterweight bar enhances the look of your machine while providing practical functionality \u2013 it can be equipped with marker lights and strobe lights, increasing your visibility both on the road and at the worksite.<\/p>\n<p data-start=\"372\" data-end=\"440\">Kompatibel med maskiner uten arbeidslys p\u00e5 motvekten.<\/p>\n<ul>\n<li><\/li>\n<\/ul>\n<p data-start=\"442\" data-end=\"465\"><span style=\"font-weight: bold;\">Hvorfor velge RST-Steel?<\/span><\/p>\n<ul data-start=\"466\" data-end=\"676\">\n<li data-start=\"466\" data-end=\"576\">\n<p data-start=\"468\" data-end=\"576\"><strong data-start=\"468\" data-end=\"484\">Reliability:<\/strong> Years of experience and expertise ensure the high quality and durability of our products.<\/p>\n<\/li>\n<li data-start=\"577\" data-end=\"676\">\n<p data-start=\"579\" data-end=\"676\"><strong data-start=\"579\" data-end=\"605\">Kundetilfredshet:<\/strong> Tusenvis av forn\u00f8yde kunder over hele verden stoler p\u00e5 RST-Steel-produkter.<\/p>\n<\/li>\n<\/ul>\n<ul data-start=\"466\" data-end=\"676\">\n<li data-start=\"577\" data-end=\"676\"><\/li>\n<\/ul>\n<p data-start=\"678\" data-end=\"705\"><span style=\"font-weight: bold;\">Tekniske spesifikasjoner:<\/span><\/p>\n<ul data-start=\"706\" data-end=\"822\">\n<li data-start=\"706\" data-end=\"778\">\n<p data-start=\"708\" data-end=\"778\">farge: polert rustfritt st\u00e5l eller Lakkert i standard RAL-farger<\/p>\n<\/li>\n<li data-start=\"779\" data-end=\"803\">\n<p data-start=\"781\" data-end=\"803\">r\u00f8rdiameter: 76mm<\/p>\n<\/li>\n<li data-start=\"804\" data-end=\"822\">\n<p data-start=\"806\" data-end=\"822\">4 lysfester<\/p>\n<\/li>\n<\/ul>\n<ul data-start=\"706\" data-end=\"822\">\n<li data-start=\"804\" data-end=\"822\"><\/li>\n<\/ul>\n<p data-start=\"824\" data-end=\"843\"><span style=\"font-weight: bold;\">Pakken inkluderer:<\/span><\/p>\n<ul data-start=\"844\" data-end=\"916\" data-is-last-node=\"\" data-is-only-node=\"\">\n<li data-start=\"844\" data-end=\"857\">\n<p data-start=\"846\" data-end=\"857\">Counterweight bar<\/p>\n<\/li>\n<li data-start=\"858\" data-end=\"888\">\n<p data-start=\"860\" data-end=\"888\">N\u00f8dvendige monteringsbraketter<\/p>\n<\/li>\n<li data-start=\"889\" data-end=\"916\" data-is-last-node=\"\">\n<p data-start=\"891\" data-end=\"916\" data-is-last-node=\"\">Installasjonsinstruksjoner<\/p>\n<\/li>\n<\/ul>\n<\/div>\n<\/div>\n<\/div>\n<\/div>\n<\/div>\n<\/div>\n<\/article>\n<\/div>","protected":false},"excerpt":{"rendered":"<p>Kompatibel med NextGen 330-modeller uten arbeidslys!<\/p>","protected":false},"featured_media":121738,"comment_status":"open","ping_status":"closed","template":"","meta":{"_improvement_type_select":"improve_an_existing","_thumb_yes_seoaic":false,"_frame_yes_seoaic":false,"seoaic_generate_description":"","seoaic_improve_instructions_prompt":"","seoaic_rollback_content_improvement":"","seoaic_idea_thumbnail_generator":"","thumbnail_generated":false,"thumbnail_generate_prompt":"","seoaic_article_description":""},"make_fuel_type":[],"make_model":[],"make_brand":[6466],"make_year":[6465],"pwb-brand":[8334],"product_brand":[],"product_cat":[6057,6069,7281],"product_tag":[],"class_list":{"0":"post-121739","1":"product","2":"type-product","3":"status-publish","4":"has-post-thumbnail","6":"make_brand-caterpillar","7":"make_year-workmachines","8":"pwb-brand-brand_rststeel","9":"product_cat-lightbars","10":"product_cat-rearbars-for-excavators","11":"product_cat-caterpillar-vr-kkp","12":"product_shipping_class-lightbars","14":"first","15":"onbackorder","16":"taxable","17":"shipping-taxable","18":"purchasable","19":"product-type-variable"},"yoast_head":"<!-- This site is optimized with the Yoast SEO plugin v25.7 - https:\/\/yoast.com\/wordpress\/plugins\/seo\/ -->\n<title>Counterweight Bar Caterpillar NextGen 330 (GC) - RST-Steel<\/title>\n<meta name=\"description\" content=\"Counterweight Bar Caterpillar NextGen 330 (GC) \u2013 durable stainless steel, easy to install, stylish and practical for mounting lights.\" \/>\n<meta name=\"robots\" content=\"index, follow, max-snippet:-1, max-image-preview:large, max-video-preview:-1\" \/>\n<link rel=\"canonical\" href=\"https:\/\/com.rst-steel.eu\/nb\/produkt\/counterweight-bar-caterpillar-nextgen-330-gc_prm_17471\/\" \/>\n<meta property=\"og:locale\" content=\"nb_NO\" \/>\n<meta property=\"og:type\" content=\"article\" \/>\n<meta property=\"og:title\" content=\"Counterweight Bar Caterpillar NextGen 330 (GC) - RST-Steel\" \/>\n<meta property=\"og:description\" content=\"Counterweight Bar Caterpillar NextGen 330 (GC) \u2013 durable stainless steel, easy to install, stylish and practical for mounting lights.\" \/>\n<meta property=\"og:url\" content=\"https:\/\/com.rst-steel.eu\/nb\/produkt\/counterweight-bar-caterpillar-nextgen-330-gc_prm_17471\/\" \/>\n<meta property=\"og:site_name\" content=\"RST-Steel\" \/>\n<meta property=\"article:publisher\" content=\"https:\/\/www.facebook.com\/rststeel\" \/>\n<meta property=\"article:modified_time\" content=\"2026-03-19T07:50:13+00:00\" \/>\n<meta property=\"og:image\" content=\"https:\/\/com.rst-steel.eu\/wp-content\/uploads\/2026\/02\/5053b899622ae5dedfadafd0de988522942c7ef5_TCA209C_tuotekuva_odoon__1_.jpg\" \/>\n\t<meta property=\"og:image:width\" content=\"1920\" \/>\n\t<meta property=\"og:image:height\" content=\"952\" \/>\n\t<meta property=\"og:image:type\" content=\"image\/jpeg\" \/>\n<meta name=\"twitter:card\" content=\"summary_large_image\" \/>\n<meta name=\"twitter:label1\" content=\"Ansl. lesetid\" \/>\n\t<meta name=\"twitter:data1\" content=\"1 minutt\" \/>\n<script type=\"application\/ld+json\" class=\"yoast-schema-graph\">{\"@context\":\"https:\/\/schema.org\",\"@graph\":[{\"@type\":\"WebPage\",\"@id\":\"https:\/\/com.rst-steel.eu\/nb\/produkt\/counterweight-bar-caterpillar-nextgen-330-gc_prm_17471\/\",\"url\":\"https:\/\/com.rst-steel.eu\/nb\/produkt\/counterweight-bar-caterpillar-nextgen-330-gc_prm_17471\/\",\"name\":\"Counterweight Bar Caterpillar NextGen 330 (GC) - RST-Steel\",\"isPartOf\":{\"@id\":\"https:\/\/com.rst-steel.eu\/#website\"},\"primaryImageOfPage\":{\"@id\":\"https:\/\/com.rst-steel.eu\/nb\/produkt\/counterweight-bar-caterpillar-nextgen-330-gc_prm_17471\/#primaryimage\"},\"image\":{\"@id\":\"https:\/\/com.rst-steel.eu\/nb\/produkt\/counterweight-bar-caterpillar-nextgen-330-gc_prm_17471\/#primaryimage\"},\"thumbnailUrl\":\"https:\/\/com.rst-steel.eu\/wp-content\/uploads\/2026\/02\/5053b899622ae5dedfadafd0de988522942c7ef5_TCA209C_tuotekuva_odoon__1_.jpg\",\"datePublished\":\"2026-02-18T10:23:34+00:00\",\"dateModified\":\"2026-03-19T07:50:13+00:00\",\"description\":\"Counterweight Bar Caterpillar NextGen 330 (GC) \u2013 durable stainless steel, easy to install, stylish and practical for mounting lights.\",\"breadcrumb\":{\"@id\":\"https:\/\/com.rst-steel.eu\/nb\/produkt\/counterweight-bar-caterpillar-nextgen-330-gc_prm_17471\/#breadcrumb\"},\"inLanguage\":\"nb-NO\",\"potentialAction\":[{\"@type\":\"ReadAction\",\"target\":[\"https:\/\/com.rst-steel.eu\/nb\/produkt\/counterweight-bar-caterpillar-nextgen-330-gc_prm_17471\/\"]}]},{\"@type\":\"ImageObject\",\"inLanguage\":\"nb-NO\",\"@id\":\"https:\/\/com.rst-steel.eu\/nb\/produkt\/counterweight-bar-caterpillar-nextgen-330-gc_prm_17471\/#primaryimage\",\"url\":\"https:\/\/com.rst-steel.eu\/wp-content\/uploads\/2026\/02\/5053b899622ae5dedfadafd0de988522942c7ef5_TCA209C_tuotekuva_odoon__1_.jpg\",\"contentUrl\":\"https:\/\/com.rst-steel.eu\/wp-content\/uploads\/2026\/02\/5053b899622ae5dedfadafd0de988522942c7ef5_TCA209C_tuotekuva_odoon__1_.jpg\",\"width\":1920,\"height\":952,\"caption\":\"Counterweight Bar Caterpillar NextGen 330 (GC)\"},{\"@type\":\"BreadcrumbList\",\"@id\":\"https:\/\/com.rst-steel.eu\/nb\/produkt\/counterweight-bar-caterpillar-nextgen-330-gc_prm_17471\/#breadcrumb\",\"itemListElement\":[{\"@type\":\"ListItem\",\"position\":1,\"name\":\"Home\",\"item\":\"https:\/\/com.rst-steel.eu\/\"},{\"@type\":\"ListItem\",\"position\":2,\"name\":\"RST-Steel Shop\",\"item\":\"https:\/\/com.rst-steel.eu\/shop\/\"},{\"@type\":\"ListItem\",\"position\":3,\"name\":\"Counterweight Bar Caterpillar NextGen 330 (GC)\"}]},{\"@type\":\"WebSite\",\"@id\":\"https:\/\/com.rst-steel.eu\/#website\",\"url\":\"https:\/\/com.rst-steel.eu\/\",\"name\":\"RST-Steel.com\",\"description\":\"Finnish quality steel, for quality-conscious drivers\",\"publisher\":{\"@id\":\"https:\/\/com.rst-steel.eu\/#organization\"},\"alternateName\":\"Safe and stylish RST-Steel quality\",\"potentialAction\":[{\"@type\":\"SearchAction\",\"target\":{\"@type\":\"EntryPoint\",\"urlTemplate\":\"https:\/\/com.rst-steel.eu\/?s={search_term_string}\"},\"query-input\":{\"@type\":\"PropertyValueSpecification\",\"valueRequired\":true,\"valueName\":\"search_term_string\"}}],\"inLanguage\":\"nb-NO\"},{\"@type\":\"Organization\",\"@id\":\"https:\/\/com.rst-steel.eu\/#organization\",\"name\":\"RST-Steel Oy\",\"url\":\"https:\/\/com.rst-steel.eu\/\",\"logo\":{\"@type\":\"ImageObject\",\"inLanguage\":\"nb-NO\",\"@id\":\"https:\/\/com.rst-steel.eu\/#\/schema\/logo\/image\/\",\"url\":\"https:\/\/com.rst-steel.eu\/wp-content\/uploads\/2023\/04\/cropped-Rst-logo-valkoinen-teksti-3.png\",\"contentUrl\":\"https:\/\/com.rst-steel.eu\/wp-content\/uploads\/2023\/04\/cropped-Rst-logo-valkoinen-teksti-3.png\",\"width\":512,\"height\":115,\"caption\":\"RST-Steel Oy\"},\"image\":{\"@id\":\"https:\/\/com.rst-steel.eu\/#\/schema\/logo\/image\/\"},\"sameAs\":[\"https:\/\/www.facebook.com\/rststeel\",\"https:\/\/www.instagram.com\/rststeeloy\/\"]}]}<\/script>\n<!-- \/ Yoast SEO plugin. -->","yoast_head_json":{"title":"Counterweight Bar Caterpillar NextGen 330 (GC) - RST-Steel","description":"Counterweight Bar Caterpillar NextGen 330 (GC) \u2013 durable stainless steel, easy to install, stylish and practical for mounting lights.","robots":{"index":"index","follow":"follow","max-snippet":"max-snippet:-1","max-image-preview":"max-image-preview:large","max-video-preview":"max-video-preview:-1"},"canonical":"https:\/\/com.rst-steel.eu\/nb\/produkt\/counterweight-bar-caterpillar-nextgen-330-gc_prm_17471\/","og_locale":"nb_NO","og_type":"article","og_title":"Counterweight Bar Caterpillar NextGen 330 (GC) - RST-Steel","og_description":"Counterweight Bar Caterpillar NextGen 330 (GC) \u2013 durable stainless steel, easy to install, stylish and practical for mounting lights.","og_url":"https:\/\/com.rst-steel.eu\/nb\/produkt\/counterweight-bar-caterpillar-nextgen-330-gc_prm_17471\/","og_site_name":"RST-Steel","article_publisher":"https:\/\/www.facebook.com\/rststeel","article_modified_time":"2026-03-19T07:50:13+00:00","og_image":[{"width":1920,"height":952,"url":"https:\/\/com.rst-steel.eu\/wp-content\/uploads\/2026\/02\/5053b899622ae5dedfadafd0de988522942c7ef5_TCA209C_tuotekuva_odoon__1_.jpg","type":"image\/jpeg"}],"twitter_card":"summary_large_image","twitter_misc":{"Ansl. lesetid":"1 minutt"},"schema":{"@context":"https:\/\/schema.org","@graph":[{"@type":"WebPage","@id":"https:\/\/com.rst-steel.eu\/nb\/produkt\/counterweight-bar-caterpillar-nextgen-330-gc_prm_17471\/","url":"https:\/\/com.rst-steel.eu\/nb\/produkt\/counterweight-bar-caterpillar-nextgen-330-gc_prm_17471\/","name":"Counterweight Bar Caterpillar NextGen 330 (GC) - RST-Steel","isPartOf":{"@id":"https:\/\/com.rst-steel.eu\/#website"},"primaryImageOfPage":{"@id":"https:\/\/com.rst-steel.eu\/nb\/produkt\/counterweight-bar-caterpillar-nextgen-330-gc_prm_17471\/#primaryimage"},"image":{"@id":"https:\/\/com.rst-steel.eu\/nb\/produkt\/counterweight-bar-caterpillar-nextgen-330-gc_prm_17471\/#primaryimage"},"thumbnailUrl":"https:\/\/com.rst-steel.eu\/wp-content\/uploads\/2026\/02\/5053b899622ae5dedfadafd0de988522942c7ef5_TCA209C_tuotekuva_odoon__1_.jpg","datePublished":"2026-02-18T10:23:34+00:00","dateModified":"2026-03-19T07:50:13+00:00","description":"Counterweight Bar Caterpillar NextGen 330 (GC) \u2013 durable stainless steel, easy to install, stylish and practical for mounting lights.","breadcrumb":{"@id":"https:\/\/com.rst-steel.eu\/nb\/produkt\/counterweight-bar-caterpillar-nextgen-330-gc_prm_17471\/#breadcrumb"},"inLanguage":"nb-NO","potentialAction":[{"@type":"ReadAction","target":["https:\/\/com.rst-steel.eu\/nb\/produkt\/counterweight-bar-caterpillar-nextgen-330-gc_prm_17471\/"]}]},{"@type":"ImageObject","inLanguage":"nb-NO","@id":"https:\/\/com.rst-steel.eu\/nb\/produkt\/counterweight-bar-caterpillar-nextgen-330-gc_prm_17471\/#primaryimage","url":"https:\/\/com.rst-steel.eu\/wp-content\/uploads\/2026\/02\/5053b899622ae5dedfadafd0de988522942c7ef5_TCA209C_tuotekuva_odoon__1_.jpg","contentUrl":"https:\/\/com.rst-steel.eu\/wp-content\/uploads\/2026\/02\/5053b899622ae5dedfadafd0de988522942c7ef5_TCA209C_tuotekuva_odoon__1_.jpg","width":1920,"height":952,"caption":"Counterweight Bar Caterpillar NextGen 330 (GC)"},{"@type":"BreadcrumbList","@id":"https:\/\/com.rst-steel.eu\/nb\/produkt\/counterweight-bar-caterpillar-nextgen-330-gc_prm_17471\/#breadcrumb","itemListElement":[{"@type":"ListItem","position":1,"name":"Home","item":"https:\/\/com.rst-steel.eu\/"},{"@type":"ListItem","position":2,"name":"RST-Steel Shop","item":"https:\/\/com.rst-steel.eu\/shop\/"},{"@type":"ListItem","position":3,"name":"Counterweight Bar Caterpillar NextGen 330 (GC)"}]},{"@type":"WebSite","@id":"https:\/\/com.rst-steel.eu\/#website","url":"https:\/\/com.rst-steel.eu\/","name":"RST-Steel.com","description":"Finsk kvalitetsst\u00e5l, for kvalitetsbevisste sj\u00e5f\u00f8rer","publisher":{"@id":"https:\/\/com.rst-steel.eu\/#organization"},"alternateName":"Safe and stylish RST-Steel quality","potentialAction":[{"@type":"SearchAction","target":{"@type":"EntryPoint","urlTemplate":"https:\/\/com.rst-steel.eu\/?s={search_term_string}"},"query-input":{"@type":"PropertyValueSpecification","valueRequired":true,"valueName":"search_term_string"}}],"inLanguage":"nb-NO"},{"@type":"Organization","@id":"https:\/\/com.rst-steel.eu\/#organization","name":"RST-Steel Oy","url":"https:\/\/com.rst-steel.eu\/","logo":{"@type":"ImageObject","inLanguage":"nb-NO","@id":"https:\/\/com.rst-steel.eu\/#\/schema\/logo\/image\/","url":"https:\/\/com.rst-steel.eu\/wp-content\/uploads\/2023\/04\/cropped-Rst-logo-valkoinen-teksti-3.png","contentUrl":"https:\/\/com.rst-steel.eu\/wp-content\/uploads\/2023\/04\/cropped-Rst-logo-valkoinen-teksti-3.png","width":512,"height":115,"caption":"RST-Steel Oy"},"image":{"@id":"https:\/\/com.rst-steel.eu\/#\/schema\/logo\/image\/"},"sameAs":["https:\/\/www.facebook.com\/rststeel","https:\/\/www.instagram.com\/rststeeloy\/"]}]}},"brands":[{"id":8334,"name":"RST-Steel","slug":"brand_rststeel"}],"_links":{"self":[{"href":"https:\/\/com.rst-steel.eu\/nb\/wp-json\/wp\/v2\/product\/121739","targetHints":{"allow":["GET"]}}],"collection":[{"href":"https:\/\/com.rst-steel.eu\/nb\/wp-json\/wp\/v2\/product"}],"about":[{"href":"https:\/\/com.rst-steel.eu\/nb\/wp-json\/wp\/v2\/types\/product"}],"replies":[{"embeddable":true,"href":"https:\/\/com.rst-steel.eu\/nb\/wp-json\/wp\/v2\/comments?post=121739"}],"version-history":[{"count":0,"href":"https:\/\/com.rst-steel.eu\/nb\/wp-json\/wp\/v2\/product\/121739\/revisions"}],"wp:featuredmedia":[{"embeddable":true,"href":"https:\/\/com.rst-steel.eu\/nb\/wp-json\/wp\/v2\/media\/121738"}],"wp:attachment":[{"href":"https:\/\/com.rst-steel.eu\/nb\/wp-json\/wp\/v2\/media?parent=121739"}],"wp:term":[{"taxonomy":"make_fuel_type","embeddable":true,"href":"https:\/\/com.rst-steel.eu\/nb\/wp-json\/wp\/v2\/make_fuel_type?post=121739"},{"taxonomy":"make_model","embeddable":true,"href":"https:\/\/com.rst-steel.eu\/nb\/wp-json\/wp\/v2\/make_model?post=121739"},{"taxonomy":"make_brand","embeddable":true,"href":"https:\/\/com.rst-steel.eu\/nb\/wp-json\/wp\/v2\/make_brand?post=121739"},{"taxonomy":"make_year","embeddable":true,"href":"https:\/\/com.rst-steel.eu\/nb\/wp-json\/wp\/v2\/make_year?post=121739"},{"taxonomy":"pwb-brand","embeddable":true,"href":"https:\/\/com.rst-steel.eu\/nb\/wp-json\/wp\/v2\/pwb-brand?post=121739"},{"taxonomy":"product_brand","embeddable":true,"href":"https:\/\/com.rst-steel.eu\/nb\/wp-json\/wp\/v2\/product_brand?post=121739"},{"taxonomy":"product_cat","embeddable":true,"href":"https:\/\/com.rst-steel.eu\/nb\/wp-json\/wp\/v2\/product_cat?post=121739"},{"taxonomy":"product_tag","embeddable":true,"href":"https:\/\/com.rst-steel.eu\/nb\/wp-json\/wp\/v2\/product_tag?post=121739"}],"curies":[{"name":"wp","href":"https:\/\/api.w.org\/{rel}","templated":true}]}}