{"id":121706,"date":"2026-02-18T13:17:44","date_gmt":"2026-02-18T10:17:44","guid":{"rendered":"https:\/\/rst-steel.com\/product\/rear-bar-cat-926-938-2024-_prm_75855\/"},"modified":"2026-03-19T12:16:26","modified_gmt":"2026-03-19T09:16:26","slug":"hoodbar-cat-926-938-2024-_prm_75855","status":"publish","type":"product","link":"https:\/\/com.rst-steel.eu\/nb\/produkt\/hoodbar-cat-926-938-2024-_prm_75855\/","title":{"rendered":"Hoodbar CAT 926-938 2024-"},"content":{"rendered":"<p><strong>Hoodbar CAT 926-938 2024-<\/strong><\/p>\n<ul>\n<li><strong>\u00a0<\/strong><\/li>\n<\/ul>\n<p>RST-Steel hoodbars are high-quality Key Flag products made in Finland from stainless steel.<\/p>\n<p>A stylish hoodbar completes the look of your machine while also adding practicality. The bars can be equipped with marker lights and LED strobes, making you more visible both in traffic and on the job site.<\/p>\n<ul>\n<li><\/li>\n<\/ul>\n<p><strong>Hvorfor velge RST-Steel?<\/strong><\/p>\n<ul>\n<li><strong>Reliability:<\/strong> Years of experience and expertise ensure the high quality and durability of our products.<\/li>\n<li><strong>Kundetilfredshet:<\/strong> Thousands of satisfied customers around the world trust RST-Steel products.<\/li>\n<li><\/li>\n<\/ul>\n<p><strong>Tekniske spesifikasjoner:<\/strong><\/p>\n<ul>\n<li>Farge: Polert rustfritt st\u00e5l eller malt i standard RAL-farger<\/li>\n<li>R\u00f8rdiameter: 60 mm<\/li>\n<\/ul>\n<ul>\n<li><\/li>\n<\/ul>\n<p><strong>Pakken inneholder:<\/strong><\/p>\n<ul>\n<li>Hoodbar CAT 926-938<\/li>\n<li>Monteringsfester og maskinvare som kreves for installasjon<\/li>\n<li>Installasjonsinstruksjoner<\/li>\n<\/ul>","protected":false},"excerpt":{"rendered":"<p>Flere modellalternativer tilgjengelig!<\/p>","protected":false},"featured_media":121704,"comment_status":"open","ping_status":"closed","template":"","meta":{"_improvement_type_select":"improve_an_existing","_thumb_yes_seoaic":false,"_frame_yes_seoaic":false,"seoaic_generate_description":"","seoaic_improve_instructions_prompt":"","seoaic_rollback_content_improvement":"","seoaic_idea_thumbnail_generator":"","thumbnail_generated":false,"thumbnail_generate_prompt":"","seoaic_article_description":""},"make_fuel_type":[],"make_model":[],"make_brand":[6466],"make_year":[6465],"pwb-brand":[8334],"product_brand":[],"product_cat":[8084,6057,6074],"product_tag":[],"class_list":{"0":"post-121706","1":"product","2":"type-product","3":"status-publish","4":"has-post-thumbnail","6":"make_brand-caterpillar","7":"make_year-workmachines","8":"pwb-brand-brand_rststeel","9":"product_cat-caterpillar-rearb-wl","10":"product_cat-lightbars","11":"product_cat-rearbars-for-wheel-loaders","12":"product_shipping_class-lightbars","14":"first","15":"onbackorder","16":"taxable","17":"shipping-taxable","18":"purchasable","19":"product-type-variable"},"yoast_head":"<!-- This site is optimized with the Yoast SEO plugin v25.7 - https:\/\/yoast.com\/wordpress\/plugins\/seo\/ -->\n<title>Hoodbar CAT 926-938 2024- RST-Steel<\/title>\n<meta name=\"description\" content=\"Hoodbar CAT 926-938 (2024+) \u2013 durable stainless steel construction, easy to install, stylish and practical for mounting lights.\" \/>\n<meta name=\"robots\" content=\"index, follow, max-snippet:-1, max-image-preview:large, max-video-preview:-1\" \/>\n<link rel=\"canonical\" href=\"https:\/\/com.rst-steel.eu\/nb\/produkt\/hoodbar-cat-926-938-2024-_prm_75855\/\" \/>\n<meta property=\"og:locale\" content=\"nb_NO\" \/>\n<meta property=\"og:type\" content=\"article\" \/>\n<meta property=\"og:title\" content=\"Hoodbar CAT 926-938 2024- RST-Steel\" \/>\n<meta property=\"og:description\" content=\"Hoodbar CAT 926-938 (2024+) \u2013 durable stainless steel construction, easy to install, stylish and practical for mounting lights.\" \/>\n<meta property=\"og:url\" content=\"https:\/\/com.rst-steel.eu\/nb\/produkt\/hoodbar-cat-926-938-2024-_prm_75855\/\" \/>\n<meta property=\"og:site_name\" content=\"RST-Steel\" \/>\n<meta property=\"article:publisher\" content=\"https:\/\/www.facebook.com\/rststeel\" \/>\n<meta property=\"article:modified_time\" content=\"2026-03-19T09:16:26+00:00\" \/>\n<meta property=\"og:image\" content=\"https:\/\/com.rst-steel.eu\/wp-content\/uploads\/2026\/02\/06051bac7f63569132c121cb0affdeb6aad1a2b7_TCA216C_tuotekuva.jpg\" \/>\n\t<meta property=\"og:image:width\" content=\"1398\" \/>\n\t<meta property=\"og:image:height\" content=\"1080\" \/>\n\t<meta property=\"og:image:type\" content=\"image\/jpeg\" \/>\n<meta name=\"twitter:card\" content=\"summary_large_image\" \/>\n<meta name=\"twitter:label1\" content=\"Ansl. lesetid\" \/>\n\t<meta name=\"twitter:data1\" content=\"1 minutt\" \/>\n<script type=\"application\/ld+json\" class=\"yoast-schema-graph\">{\"@context\":\"https:\/\/schema.org\",\"@graph\":[{\"@type\":\"WebPage\",\"@id\":\"https:\/\/com.rst-steel.eu\/sv\/produkt\/hoodbar-cat-926-938-2024-_prm_75855\/\",\"url\":\"https:\/\/com.rst-steel.eu\/sv\/produkt\/hoodbar-cat-926-938-2024-_prm_75855\/\",\"name\":\"Hoodbar CAT 926-938 2024- RST-Steel\",\"isPartOf\":{\"@id\":\"https:\/\/com.rst-steel.eu\/#website\"},\"primaryImageOfPage\":{\"@id\":\"https:\/\/com.rst-steel.eu\/sv\/produkt\/hoodbar-cat-926-938-2024-_prm_75855\/#primaryimage\"},\"image\":{\"@id\":\"https:\/\/com.rst-steel.eu\/sv\/produkt\/hoodbar-cat-926-938-2024-_prm_75855\/#primaryimage\"},\"thumbnailUrl\":\"https:\/\/com.rst-steel.eu\/wp-content\/uploads\/2026\/02\/06051bac7f63569132c121cb0affdeb6aad1a2b7_TCA216C_tuotekuva.jpg\",\"datePublished\":\"2026-02-18T10:17:44+00:00\",\"dateModified\":\"2026-03-19T09:16:26+00:00\",\"description\":\"Hoodbar CAT 926-938 (2024+) \u2013 durable stainless steel construction, easy to install, stylish and practical for mounting lights.\",\"breadcrumb\":{\"@id\":\"https:\/\/com.rst-steel.eu\/sv\/produkt\/hoodbar-cat-926-938-2024-_prm_75855\/#breadcrumb\"},\"inLanguage\":\"nb-NO\",\"potentialAction\":[{\"@type\":\"ReadAction\",\"target\":[\"https:\/\/com.rst-steel.eu\/sv\/produkt\/hoodbar-cat-926-938-2024-_prm_75855\/\"]}]},{\"@type\":\"ImageObject\",\"inLanguage\":\"nb-NO\",\"@id\":\"https:\/\/com.rst-steel.eu\/sv\/produkt\/hoodbar-cat-926-938-2024-_prm_75855\/#primaryimage\",\"url\":\"https:\/\/com.rst-steel.eu\/wp-content\/uploads\/2026\/02\/06051bac7f63569132c121cb0affdeb6aad1a2b7_TCA216C_tuotekuva.jpg\",\"contentUrl\":\"https:\/\/com.rst-steel.eu\/wp-content\/uploads\/2026\/02\/06051bac7f63569132c121cb0affdeb6aad1a2b7_TCA216C_tuotekuva.jpg\",\"width\":1398,\"height\":1080,\"caption\":\"Hoodbar CAT 926-938 2024-\"},{\"@type\":\"BreadcrumbList\",\"@id\":\"https:\/\/com.rst-steel.eu\/sv\/produkt\/hoodbar-cat-926-938-2024-_prm_75855\/#breadcrumb\",\"itemListElement\":[{\"@type\":\"ListItem\",\"position\":1,\"name\":\"Home\",\"item\":\"https:\/\/com.rst-steel.eu\/\"},{\"@type\":\"ListItem\",\"position\":2,\"name\":\"RST-Steel Shop\",\"item\":\"https:\/\/com.rst-steel.eu\/shop\/\"},{\"@type\":\"ListItem\",\"position\":3,\"name\":\"Hoodbar CAT 926-938 2024-\"}]},{\"@type\":\"WebSite\",\"@id\":\"https:\/\/com.rst-steel.eu\/#website\",\"url\":\"https:\/\/com.rst-steel.eu\/\",\"name\":\"RST-Steel.com\",\"description\":\"Finnish quality steel, for quality-conscious drivers\",\"publisher\":{\"@id\":\"https:\/\/com.rst-steel.eu\/#organization\"},\"alternateName\":\"Safe and stylish RST-Steel quality\",\"potentialAction\":[{\"@type\":\"SearchAction\",\"target\":{\"@type\":\"EntryPoint\",\"urlTemplate\":\"https:\/\/com.rst-steel.eu\/?s={search_term_string}\"},\"query-input\":{\"@type\":\"PropertyValueSpecification\",\"valueRequired\":true,\"valueName\":\"search_term_string\"}}],\"inLanguage\":\"nb-NO\"},{\"@type\":\"Organization\",\"@id\":\"https:\/\/com.rst-steel.eu\/#organization\",\"name\":\"RST-Steel Oy\",\"url\":\"https:\/\/com.rst-steel.eu\/\",\"logo\":{\"@type\":\"ImageObject\",\"inLanguage\":\"nb-NO\",\"@id\":\"https:\/\/com.rst-steel.eu\/#\/schema\/logo\/image\/\",\"url\":\"https:\/\/com.rst-steel.eu\/wp-content\/uploads\/2023\/04\/cropped-Rst-logo-valkoinen-teksti-3.png\",\"contentUrl\":\"https:\/\/com.rst-steel.eu\/wp-content\/uploads\/2023\/04\/cropped-Rst-logo-valkoinen-teksti-3.png\",\"width\":512,\"height\":115,\"caption\":\"RST-Steel Oy\"},\"image\":{\"@id\":\"https:\/\/com.rst-steel.eu\/#\/schema\/logo\/image\/\"},\"sameAs\":[\"https:\/\/www.facebook.com\/rststeel\",\"https:\/\/www.instagram.com\/rststeeloy\/\"]}]}<\/script>\n<!-- \/ Yoast SEO plugin. -->","yoast_head_json":{"title":"Hoodbar CAT 926-938 2024- RST-Steel","description":"Hoodbar CAT 926-938 (2024+) \u2013 durable stainless steel construction, easy to install, stylish and practical for mounting lights.","robots":{"index":"index","follow":"follow","max-snippet":"max-snippet:-1","max-image-preview":"max-image-preview:large","max-video-preview":"max-video-preview:-1"},"canonical":"https:\/\/com.rst-steel.eu\/nb\/produkt\/hoodbar-cat-926-938-2024-_prm_75855\/","og_locale":"nb_NO","og_type":"article","og_title":"Hoodbar CAT 926-938 2024- RST-Steel","og_description":"Hoodbar CAT 926-938 (2024+) \u2013 durable stainless steel construction, easy to install, stylish and practical for mounting lights.","og_url":"https:\/\/com.rst-steel.eu\/nb\/produkt\/hoodbar-cat-926-938-2024-_prm_75855\/","og_site_name":"RST-Steel","article_publisher":"https:\/\/www.facebook.com\/rststeel","article_modified_time":"2026-03-19T09:16:26+00:00","og_image":[{"width":1398,"height":1080,"url":"https:\/\/com.rst-steel.eu\/wp-content\/uploads\/2026\/02\/06051bac7f63569132c121cb0affdeb6aad1a2b7_TCA216C_tuotekuva.jpg","type":"image\/jpeg"}],"twitter_card":"summary_large_image","twitter_misc":{"Ansl. lesetid":"1 minutt"},"schema":{"@context":"https:\/\/schema.org","@graph":[{"@type":"WebPage","@id":"https:\/\/com.rst-steel.eu\/sv\/produkt\/hoodbar-cat-926-938-2024-_prm_75855\/","url":"https:\/\/com.rst-steel.eu\/sv\/produkt\/hoodbar-cat-926-938-2024-_prm_75855\/","name":"Hoodbar CAT 926-938 2024- RST-Steel","isPartOf":{"@id":"https:\/\/com.rst-steel.eu\/#website"},"primaryImageOfPage":{"@id":"https:\/\/com.rst-steel.eu\/sv\/produkt\/hoodbar-cat-926-938-2024-_prm_75855\/#primaryimage"},"image":{"@id":"https:\/\/com.rst-steel.eu\/sv\/produkt\/hoodbar-cat-926-938-2024-_prm_75855\/#primaryimage"},"thumbnailUrl":"https:\/\/com.rst-steel.eu\/wp-content\/uploads\/2026\/02\/06051bac7f63569132c121cb0affdeb6aad1a2b7_TCA216C_tuotekuva.jpg","datePublished":"2026-02-18T10:17:44+00:00","dateModified":"2026-03-19T09:16:26+00:00","description":"Hoodbar CAT 926-938 (2024+) \u2013 durable stainless steel construction, easy to install, stylish and practical for mounting lights.","breadcrumb":{"@id":"https:\/\/com.rst-steel.eu\/sv\/produkt\/hoodbar-cat-926-938-2024-_prm_75855\/#breadcrumb"},"inLanguage":"nb-NO","potentialAction":[{"@type":"ReadAction","target":["https:\/\/com.rst-steel.eu\/sv\/produkt\/hoodbar-cat-926-938-2024-_prm_75855\/"]}]},{"@type":"ImageObject","inLanguage":"nb-NO","@id":"https:\/\/com.rst-steel.eu\/sv\/produkt\/hoodbar-cat-926-938-2024-_prm_75855\/#primaryimage","url":"https:\/\/com.rst-steel.eu\/wp-content\/uploads\/2026\/02\/06051bac7f63569132c121cb0affdeb6aad1a2b7_TCA216C_tuotekuva.jpg","contentUrl":"https:\/\/com.rst-steel.eu\/wp-content\/uploads\/2026\/02\/06051bac7f63569132c121cb0affdeb6aad1a2b7_TCA216C_tuotekuva.jpg","width":1398,"height":1080,"caption":"Hoodbar CAT 926-938 2024-"},{"@type":"BreadcrumbList","@id":"https:\/\/com.rst-steel.eu\/sv\/produkt\/hoodbar-cat-926-938-2024-_prm_75855\/#breadcrumb","itemListElement":[{"@type":"ListItem","position":1,"name":"Home","item":"https:\/\/com.rst-steel.eu\/"},{"@type":"ListItem","position":2,"name":"RST-Steel Shop","item":"https:\/\/com.rst-steel.eu\/shop\/"},{"@type":"ListItem","position":3,"name":"Hoodbar CAT 926-938 2024-"}]},{"@type":"WebSite","@id":"https:\/\/com.rst-steel.eu\/#website","url":"https:\/\/com.rst-steel.eu\/","name":"RST-Steel.com","description":"Finsk kvalitetsst\u00e5l, for kvalitetsbevisste sj\u00e5f\u00f8rer","publisher":{"@id":"https:\/\/com.rst-steel.eu\/#organization"},"alternateName":"Safe and stylish RST-Steel quality","potentialAction":[{"@type":"SearchAction","target":{"@type":"EntryPoint","urlTemplate":"https:\/\/com.rst-steel.eu\/?s={search_term_string}"},"query-input":{"@type":"PropertyValueSpecification","valueRequired":true,"valueName":"search_term_string"}}],"inLanguage":"nb-NO"},{"@type":"Organization","@id":"https:\/\/com.rst-steel.eu\/#organization","name":"RST-Steel Oy","url":"https:\/\/com.rst-steel.eu\/","logo":{"@type":"ImageObject","inLanguage":"nb-NO","@id":"https:\/\/com.rst-steel.eu\/#\/schema\/logo\/image\/","url":"https:\/\/com.rst-steel.eu\/wp-content\/uploads\/2023\/04\/cropped-Rst-logo-valkoinen-teksti-3.png","contentUrl":"https:\/\/com.rst-steel.eu\/wp-content\/uploads\/2023\/04\/cropped-Rst-logo-valkoinen-teksti-3.png","width":512,"height":115,"caption":"RST-Steel Oy"},"image":{"@id":"https:\/\/com.rst-steel.eu\/#\/schema\/logo\/image\/"},"sameAs":["https:\/\/www.facebook.com\/rststeel","https:\/\/www.instagram.com\/rststeeloy\/"]}]}},"brands":[{"id":8334,"name":"RST-Steel","slug":"brand_rststeel"}],"_links":{"self":[{"href":"https:\/\/com.rst-steel.eu\/nb\/wp-json\/wp\/v2\/product\/121706","targetHints":{"allow":["GET"]}}],"collection":[{"href":"https:\/\/com.rst-steel.eu\/nb\/wp-json\/wp\/v2\/product"}],"about":[{"href":"https:\/\/com.rst-steel.eu\/nb\/wp-json\/wp\/v2\/types\/product"}],"replies":[{"embeddable":true,"href":"https:\/\/com.rst-steel.eu\/nb\/wp-json\/wp\/v2\/comments?post=121706"}],"version-history":[{"count":0,"href":"https:\/\/com.rst-steel.eu\/nb\/wp-json\/wp\/v2\/product\/121706\/revisions"}],"wp:featuredmedia":[{"embeddable":true,"href":"https:\/\/com.rst-steel.eu\/nb\/wp-json\/wp\/v2\/media\/121704"}],"wp:attachment":[{"href":"https:\/\/com.rst-steel.eu\/nb\/wp-json\/wp\/v2\/media?parent=121706"}],"wp:term":[{"taxonomy":"make_fuel_type","embeddable":true,"href":"https:\/\/com.rst-steel.eu\/nb\/wp-json\/wp\/v2\/make_fuel_type?post=121706"},{"taxonomy":"make_model","embeddable":true,"href":"https:\/\/com.rst-steel.eu\/nb\/wp-json\/wp\/v2\/make_model?post=121706"},{"taxonomy":"make_brand","embeddable":true,"href":"https:\/\/com.rst-steel.eu\/nb\/wp-json\/wp\/v2\/make_brand?post=121706"},{"taxonomy":"make_year","embeddable":true,"href":"https:\/\/com.rst-steel.eu\/nb\/wp-json\/wp\/v2\/make_year?post=121706"},{"taxonomy":"pwb-brand","embeddable":true,"href":"https:\/\/com.rst-steel.eu\/nb\/wp-json\/wp\/v2\/pwb-brand?post=121706"},{"taxonomy":"product_brand","embeddable":true,"href":"https:\/\/com.rst-steel.eu\/nb\/wp-json\/wp\/v2\/product_brand?post=121706"},{"taxonomy":"product_cat","embeddable":true,"href":"https:\/\/com.rst-steel.eu\/nb\/wp-json\/wp\/v2\/product_cat?post=121706"},{"taxonomy":"product_tag","embeddable":true,"href":"https:\/\/com.rst-steel.eu\/nb\/wp-json\/wp\/v2\/product_tag?post=121706"}],"curies":[{"name":"wp","href":"https:\/\/api.w.org\/{rel}","templated":true}]}}