{"id":121698,"date":"2026-02-18T13:16:42","date_gmt":"2026-02-18T10:16:42","guid":{"rendered":"https:\/\/rst-steel.com\/product\/rear-bar-cat-906-908-2022-mounted-on-engine-hood_prm_71628\/"},"modified":"2026-03-19T12:19:52","modified_gmt":"2026-03-19T09:19:52","slug":"hoodbar-cat-906-908-2022-_prm_71628","status":"publish","type":"product","link":"https:\/\/com.rst-steel.eu\/nb\/produkt\/hoodbar-cat-906-908-2022-_prm_71628\/","title":{"rendered":"Hoodbar CAT 906-908 2022-"},"content":{"rendered":"<p data-start=\"0\" data-end=\"95\"><span style=\"font-weight: bold;\">Hoodbar CAT 906-908 2022- Mounted on Engine Hood<\/span><\/p>\n<ul>\n<li><\/li>\n<\/ul>\n<p data-start=\"0\" data-end=\"95\">RST-Steel hoodbars are high-quality Key Flag products made in Finland from stainless steel.<\/p>\n<p data-start=\"97\" data-end=\"318\">This stylish hoodbar enhances the look of your machine while providing practical functionality \u2013 it can be equipped with marker lights and strobe lights, increasing your visibility both in traffic and on the worksite.<\/p>\n<ul>\n<li><\/li>\n<\/ul>\n<p data-start=\"320\" data-end=\"343\"><span style=\"font-weight: bold;\">Hvorfor velge RST-Steel?<\/span><\/p>\n<ul data-start=\"344\" data-end=\"554\">\n<li data-start=\"344\" data-end=\"454\">\n<p data-start=\"346\" data-end=\"454\"><strong data-start=\"346\" data-end=\"362\">Reliability:<\/strong> Years of experience and expertise ensure the high quality and durability of our products.<\/p>\n<\/li>\n<li data-start=\"455\" data-end=\"554\">\n<p data-start=\"457\" data-end=\"554\"><strong data-start=\"457\" data-end=\"483\">Kundetilfredshet:<\/strong> Tusenvis av forn\u00f8yde kunder over hele verden stoler p\u00e5 RST-Steel-produkter.<\/p>\n<\/li>\n<\/ul>\n<ul data-start=\"344\" data-end=\"554\">\n<li data-start=\"455\" data-end=\"554\"><\/li>\n<\/ul>\n<p data-start=\"556\" data-end=\"583\"><span style=\"font-weight: bold;\">Tekniske spesifikasjoner:<\/span><\/p>\n<ul data-start=\"584\" data-end=\"674\">\n<li data-start=\"584\" data-end=\"649\">\n<p data-start=\"586\" data-end=\"649\">Farge: Polert rustfritt st\u00e5l eller lakkert i RAL-basisfarger<\/p>\n<\/li>\n<li data-start=\"650\" data-end=\"674\">\n<p data-start=\"652\" data-end=\"674\">Tube diameter: 42 mm<\/p>\n<\/li>\n<\/ul>\n<ul data-start=\"584\" data-end=\"674\">\n<li data-start=\"650\" data-end=\"674\"><\/li>\n<\/ul>\n<p data-start=\"676\" data-end=\"695\"><span style=\"font-weight: bold;\">Pakken inkluderer:<\/span><\/p>\n<ul data-start=\"696\" data-end=\"768\" data-is-last-node=\"\" data-is-only-node=\"\">\n<li data-start=\"696\" data-end=\"709\">\n<p data-start=\"698\" data-end=\"709\">Hoodbar CAT 906-908<\/p>\n<\/li>\n<li data-start=\"710\" data-end=\"740\">\n<p data-start=\"712\" data-end=\"740\">N\u00f8dvendige monteringsbraketter<\/p>\n<\/li>\n<li data-start=\"741\" data-end=\"768\" data-is-last-node=\"\">\n<p data-start=\"743\" data-end=\"768\" data-is-last-node=\"\">Installasjonsinstruksjoner<\/p>\n<\/li>\n<\/ul>","protected":false},"excerpt":{"rendered":"<p><span style=\"font-weight: bold;\">Flere ulike modeller finnes tilgjengelig<\/span><\/p>","protected":false},"featured_media":121697,"comment_status":"open","ping_status":"closed","template":"","meta":{"_improvement_type_select":"improve_an_existing","_thumb_yes_seoaic":false,"_frame_yes_seoaic":false,"seoaic_generate_description":"","seoaic_improve_instructions_prompt":"","seoaic_rollback_content_improvement":"","seoaic_idea_thumbnail_generator":"","thumbnail_generated":false,"thumbnail_generate_prompt":"","seoaic_article_description":""},"make_fuel_type":[],"make_model":[],"make_brand":[6466],"make_year":[6465],"pwb-brand":[8334],"product_brand":[],"product_cat":[8084,6057,6074],"product_tag":[],"class_list":{"0":"post-121698","1":"product","2":"type-product","3":"status-publish","4":"has-post-thumbnail","6":"make_brand-caterpillar","7":"make_year-workmachines","8":"pwb-brand-brand_rststeel","9":"product_cat-caterpillar-rearb-wl","10":"product_cat-lightbars","11":"product_cat-rearbars-for-wheel-loaders","12":"product_shipping_class-lightbars","14":"first","15":"onbackorder","16":"taxable","17":"shipping-taxable","18":"purchasable","19":"product-type-variable"},"yoast_head":"<!-- This site is optimized with the Yoast SEO plugin v25.7 - https:\/\/yoast.com\/wordpress\/plugins\/seo\/ -->\n<title>Hoodbar CAT 906-908 2022- RST-Steel<\/title>\n<meta name=\"description\" content=\"Hoodbar CAT 906-908 2022- designed for engine hood mounting, durable stainless steel, easy installation, stylish and practical for lights.\" \/>\n<meta name=\"robots\" content=\"index, follow, max-snippet:-1, max-image-preview:large, max-video-preview:-1\" \/>\n<link rel=\"canonical\" href=\"https:\/\/com.rst-steel.eu\/nb\/produkt\/hoodbar-cat-906-908-2022-_prm_71628\/\" \/>\n<meta property=\"og:locale\" content=\"nb_NO\" \/>\n<meta property=\"og:type\" content=\"article\" \/>\n<meta property=\"og:title\" content=\"Hoodbar CAT 906-908 2022- RST-Steel\" \/>\n<meta property=\"og:description\" content=\"Hoodbar CAT 906-908 2022- designed for engine hood mounting, durable stainless steel, easy installation, stylish and practical for lights.\" \/>\n<meta property=\"og:url\" content=\"https:\/\/com.rst-steel.eu\/nb\/produkt\/hoodbar-cat-906-908-2022-_prm_71628\/\" \/>\n<meta property=\"og:site_name\" content=\"RST-Steel\" \/>\n<meta property=\"article:publisher\" content=\"https:\/\/www.facebook.com\/rststeel\" \/>\n<meta property=\"article:modified_time\" content=\"2026-03-19T09:19:52+00:00\" \/>\n<meta property=\"og:image\" content=\"https:\/\/com.rst-steel.eu\/wp-content\/uploads\/2026\/02\/09c3664cece944dc00edfc4e9f30649319af6de1_TCA212C_tuotekuva_.jpg\" \/>\n\t<meta property=\"og:image:width\" content=\"2495\" \/>\n\t<meta property=\"og:image:height\" content=\"1234\" \/>\n\t<meta property=\"og:image:type\" content=\"image\/jpeg\" \/>\n<meta name=\"twitter:card\" content=\"summary_large_image\" \/>\n<meta name=\"twitter:label1\" content=\"Ansl. lesetid\" \/>\n\t<meta name=\"twitter:data1\" content=\"1 minutt\" \/>\n<script type=\"application\/ld+json\" class=\"yoast-schema-graph\">{\"@context\":\"https:\/\/schema.org\",\"@graph\":[{\"@type\":\"WebPage\",\"@id\":\"https:\/\/com.rst-steel.eu\/nb\/produkt\/hoodbar-cat-906-908-2022-_prm_71628\/\",\"url\":\"https:\/\/com.rst-steel.eu\/nb\/produkt\/hoodbar-cat-906-908-2022-_prm_71628\/\",\"name\":\"Hoodbar CAT 906-908 2022- RST-Steel\",\"isPartOf\":{\"@id\":\"https:\/\/com.rst-steel.eu\/#website\"},\"primaryImageOfPage\":{\"@id\":\"https:\/\/com.rst-steel.eu\/nb\/produkt\/hoodbar-cat-906-908-2022-_prm_71628\/#primaryimage\"},\"image\":{\"@id\":\"https:\/\/com.rst-steel.eu\/nb\/produkt\/hoodbar-cat-906-908-2022-_prm_71628\/#primaryimage\"},\"thumbnailUrl\":\"https:\/\/com.rst-steel.eu\/wp-content\/uploads\/2026\/02\/09c3664cece944dc00edfc4e9f30649319af6de1_TCA212C_tuotekuva_.jpg\",\"datePublished\":\"2026-02-18T10:16:42+00:00\",\"dateModified\":\"2026-03-19T09:19:52+00:00\",\"description\":\"Hoodbar CAT 906-908 2022- designed for engine hood mounting, durable stainless steel, easy installation, stylish and practical for lights.\",\"breadcrumb\":{\"@id\":\"https:\/\/com.rst-steel.eu\/nb\/produkt\/hoodbar-cat-906-908-2022-_prm_71628\/#breadcrumb\"},\"inLanguage\":\"nb-NO\",\"potentialAction\":[{\"@type\":\"ReadAction\",\"target\":[\"https:\/\/com.rst-steel.eu\/nb\/produkt\/hoodbar-cat-906-908-2022-_prm_71628\/\"]}]},{\"@type\":\"ImageObject\",\"inLanguage\":\"nb-NO\",\"@id\":\"https:\/\/com.rst-steel.eu\/nb\/produkt\/hoodbar-cat-906-908-2022-_prm_71628\/#primaryimage\",\"url\":\"https:\/\/com.rst-steel.eu\/wp-content\/uploads\/2026\/02\/09c3664cece944dc00edfc4e9f30649319af6de1_TCA212C_tuotekuva_.jpg\",\"contentUrl\":\"https:\/\/com.rst-steel.eu\/wp-content\/uploads\/2026\/02\/09c3664cece944dc00edfc4e9f30649319af6de1_TCA212C_tuotekuva_.jpg\",\"width\":2495,\"height\":1234,\"caption\":\"Hoodbar CAT 906\u2013908 2022\u2013 Mounted on Engine Hood\"},{\"@type\":\"BreadcrumbList\",\"@id\":\"https:\/\/com.rst-steel.eu\/nb\/produkt\/hoodbar-cat-906-908-2022-_prm_71628\/#breadcrumb\",\"itemListElement\":[{\"@type\":\"ListItem\",\"position\":1,\"name\":\"Home\",\"item\":\"https:\/\/com.rst-steel.eu\/\"},{\"@type\":\"ListItem\",\"position\":2,\"name\":\"RST-Steel Shop\",\"item\":\"https:\/\/com.rst-steel.eu\/shop\/\"},{\"@type\":\"ListItem\",\"position\":3,\"name\":\"Hoodbar CAT 906-908 2022-\"}]},{\"@type\":\"WebSite\",\"@id\":\"https:\/\/com.rst-steel.eu\/#website\",\"url\":\"https:\/\/com.rst-steel.eu\/\",\"name\":\"RST-Steel.com\",\"description\":\"Finnish quality steel, for quality-conscious drivers\",\"publisher\":{\"@id\":\"https:\/\/com.rst-steel.eu\/#organization\"},\"alternateName\":\"Safe and stylish RST-Steel quality\",\"potentialAction\":[{\"@type\":\"SearchAction\",\"target\":{\"@type\":\"EntryPoint\",\"urlTemplate\":\"https:\/\/com.rst-steel.eu\/?s={search_term_string}\"},\"query-input\":{\"@type\":\"PropertyValueSpecification\",\"valueRequired\":true,\"valueName\":\"search_term_string\"}}],\"inLanguage\":\"nb-NO\"},{\"@type\":\"Organization\",\"@id\":\"https:\/\/com.rst-steel.eu\/#organization\",\"name\":\"RST-Steel Oy\",\"url\":\"https:\/\/com.rst-steel.eu\/\",\"logo\":{\"@type\":\"ImageObject\",\"inLanguage\":\"nb-NO\",\"@id\":\"https:\/\/com.rst-steel.eu\/#\/schema\/logo\/image\/\",\"url\":\"https:\/\/com.rst-steel.eu\/wp-content\/uploads\/2023\/04\/cropped-Rst-logo-valkoinen-teksti-3.png\",\"contentUrl\":\"https:\/\/com.rst-steel.eu\/wp-content\/uploads\/2023\/04\/cropped-Rst-logo-valkoinen-teksti-3.png\",\"width\":512,\"height\":115,\"caption\":\"RST-Steel Oy\"},\"image\":{\"@id\":\"https:\/\/com.rst-steel.eu\/#\/schema\/logo\/image\/\"},\"sameAs\":[\"https:\/\/www.facebook.com\/rststeel\",\"https:\/\/www.instagram.com\/rststeeloy\/\"]}]}<\/script>\n<!-- \/ Yoast SEO plugin. -->","yoast_head_json":{"title":"Hoodbar CAT 906-908 2022- RST-Steel","description":"Hoodbar CAT 906-908 2022- designed for engine hood mounting, durable stainless steel, easy installation, stylish and practical for lights.","robots":{"index":"index","follow":"follow","max-snippet":"max-snippet:-1","max-image-preview":"max-image-preview:large","max-video-preview":"max-video-preview:-1"},"canonical":"https:\/\/com.rst-steel.eu\/nb\/produkt\/hoodbar-cat-906-908-2022-_prm_71628\/","og_locale":"nb_NO","og_type":"article","og_title":"Hoodbar CAT 906-908 2022- RST-Steel","og_description":"Hoodbar CAT 906-908 2022- designed for engine hood mounting, durable stainless steel, easy installation, stylish and practical for lights.","og_url":"https:\/\/com.rst-steel.eu\/nb\/produkt\/hoodbar-cat-906-908-2022-_prm_71628\/","og_site_name":"RST-Steel","article_publisher":"https:\/\/www.facebook.com\/rststeel","article_modified_time":"2026-03-19T09:19:52+00:00","og_image":[{"width":2495,"height":1234,"url":"https:\/\/com.rst-steel.eu\/wp-content\/uploads\/2026\/02\/09c3664cece944dc00edfc4e9f30649319af6de1_TCA212C_tuotekuva_.jpg","type":"image\/jpeg"}],"twitter_card":"summary_large_image","twitter_misc":{"Ansl. lesetid":"1 minutt"},"schema":{"@context":"https:\/\/schema.org","@graph":[{"@type":"WebPage","@id":"https:\/\/com.rst-steel.eu\/nb\/produkt\/hoodbar-cat-906-908-2022-_prm_71628\/","url":"https:\/\/com.rst-steel.eu\/nb\/produkt\/hoodbar-cat-906-908-2022-_prm_71628\/","name":"Hoodbar CAT 906-908 2022- RST-Steel","isPartOf":{"@id":"https:\/\/com.rst-steel.eu\/#website"},"primaryImageOfPage":{"@id":"https:\/\/com.rst-steel.eu\/nb\/produkt\/hoodbar-cat-906-908-2022-_prm_71628\/#primaryimage"},"image":{"@id":"https:\/\/com.rst-steel.eu\/nb\/produkt\/hoodbar-cat-906-908-2022-_prm_71628\/#primaryimage"},"thumbnailUrl":"https:\/\/com.rst-steel.eu\/wp-content\/uploads\/2026\/02\/09c3664cece944dc00edfc4e9f30649319af6de1_TCA212C_tuotekuva_.jpg","datePublished":"2026-02-18T10:16:42+00:00","dateModified":"2026-03-19T09:19:52+00:00","description":"Hoodbar CAT 906-908 2022- designed for engine hood mounting, durable stainless steel, easy installation, stylish and practical for lights.","breadcrumb":{"@id":"https:\/\/com.rst-steel.eu\/nb\/produkt\/hoodbar-cat-906-908-2022-_prm_71628\/#breadcrumb"},"inLanguage":"nb-NO","potentialAction":[{"@type":"ReadAction","target":["https:\/\/com.rst-steel.eu\/nb\/produkt\/hoodbar-cat-906-908-2022-_prm_71628\/"]}]},{"@type":"ImageObject","inLanguage":"nb-NO","@id":"https:\/\/com.rst-steel.eu\/nb\/produkt\/hoodbar-cat-906-908-2022-_prm_71628\/#primaryimage","url":"https:\/\/com.rst-steel.eu\/wp-content\/uploads\/2026\/02\/09c3664cece944dc00edfc4e9f30649319af6de1_TCA212C_tuotekuva_.jpg","contentUrl":"https:\/\/com.rst-steel.eu\/wp-content\/uploads\/2026\/02\/09c3664cece944dc00edfc4e9f30649319af6de1_TCA212C_tuotekuva_.jpg","width":2495,"height":1234,"caption":"Hoodbar CAT 906\u2013908 2022\u2013 Mounted on Engine Hood"},{"@type":"BreadcrumbList","@id":"https:\/\/com.rst-steel.eu\/nb\/produkt\/hoodbar-cat-906-908-2022-_prm_71628\/#breadcrumb","itemListElement":[{"@type":"ListItem","position":1,"name":"Home","item":"https:\/\/com.rst-steel.eu\/"},{"@type":"ListItem","position":2,"name":"RST-Steel Shop","item":"https:\/\/com.rst-steel.eu\/shop\/"},{"@type":"ListItem","position":3,"name":"Hoodbar CAT 906-908 2022-"}]},{"@type":"WebSite","@id":"https:\/\/com.rst-steel.eu\/#website","url":"https:\/\/com.rst-steel.eu\/","name":"RST-Steel.com","description":"Finsk kvalitetsst\u00e5l, for kvalitetsbevisste sj\u00e5f\u00f8rer","publisher":{"@id":"https:\/\/com.rst-steel.eu\/#organization"},"alternateName":"Safe and stylish RST-Steel quality","potentialAction":[{"@type":"SearchAction","target":{"@type":"EntryPoint","urlTemplate":"https:\/\/com.rst-steel.eu\/?s={search_term_string}"},"query-input":{"@type":"PropertyValueSpecification","valueRequired":true,"valueName":"search_term_string"}}],"inLanguage":"nb-NO"},{"@type":"Organization","@id":"https:\/\/com.rst-steel.eu\/#organization","name":"RST-Steel Oy","url":"https:\/\/com.rst-steel.eu\/","logo":{"@type":"ImageObject","inLanguage":"nb-NO","@id":"https:\/\/com.rst-steel.eu\/#\/schema\/logo\/image\/","url":"https:\/\/com.rst-steel.eu\/wp-content\/uploads\/2023\/04\/cropped-Rst-logo-valkoinen-teksti-3.png","contentUrl":"https:\/\/com.rst-steel.eu\/wp-content\/uploads\/2023\/04\/cropped-Rst-logo-valkoinen-teksti-3.png","width":512,"height":115,"caption":"RST-Steel Oy"},"image":{"@id":"https:\/\/com.rst-steel.eu\/#\/schema\/logo\/image\/"},"sameAs":["https:\/\/www.facebook.com\/rststeel","https:\/\/www.instagram.com\/rststeeloy\/"]}]}},"brands":[{"id":8334,"name":"RST-Steel","slug":"brand_rststeel"}],"_links":{"self":[{"href":"https:\/\/com.rst-steel.eu\/nb\/wp-json\/wp\/v2\/product\/121698","targetHints":{"allow":["GET"]}}],"collection":[{"href":"https:\/\/com.rst-steel.eu\/nb\/wp-json\/wp\/v2\/product"}],"about":[{"href":"https:\/\/com.rst-steel.eu\/nb\/wp-json\/wp\/v2\/types\/product"}],"replies":[{"embeddable":true,"href":"https:\/\/com.rst-steel.eu\/nb\/wp-json\/wp\/v2\/comments?post=121698"}],"version-history":[{"count":0,"href":"https:\/\/com.rst-steel.eu\/nb\/wp-json\/wp\/v2\/product\/121698\/revisions"}],"wp:featuredmedia":[{"embeddable":true,"href":"https:\/\/com.rst-steel.eu\/nb\/wp-json\/wp\/v2\/media\/121697"}],"wp:attachment":[{"href":"https:\/\/com.rst-steel.eu\/nb\/wp-json\/wp\/v2\/media?parent=121698"}],"wp:term":[{"taxonomy":"make_fuel_type","embeddable":true,"href":"https:\/\/com.rst-steel.eu\/nb\/wp-json\/wp\/v2\/make_fuel_type?post=121698"},{"taxonomy":"make_model","embeddable":true,"href":"https:\/\/com.rst-steel.eu\/nb\/wp-json\/wp\/v2\/make_model?post=121698"},{"taxonomy":"make_brand","embeddable":true,"href":"https:\/\/com.rst-steel.eu\/nb\/wp-json\/wp\/v2\/make_brand?post=121698"},{"taxonomy":"make_year","embeddable":true,"href":"https:\/\/com.rst-steel.eu\/nb\/wp-json\/wp\/v2\/make_year?post=121698"},{"taxonomy":"pwb-brand","embeddable":true,"href":"https:\/\/com.rst-steel.eu\/nb\/wp-json\/wp\/v2\/pwb-brand?post=121698"},{"taxonomy":"product_brand","embeddable":true,"href":"https:\/\/com.rst-steel.eu\/nb\/wp-json\/wp\/v2\/product_brand?post=121698"},{"taxonomy":"product_cat","embeddable":true,"href":"https:\/\/com.rst-steel.eu\/nb\/wp-json\/wp\/v2\/product_cat?post=121698"},{"taxonomy":"product_tag","embeddable":true,"href":"https:\/\/com.rst-steel.eu\/nb\/wp-json\/wp\/v2\/product_tag?post=121698"}],"curies":[{"name":"wp","href":"https:\/\/api.w.org\/{rel}","templated":true}]}}