{"id":121141,"date":"2026-02-11T16:20:26","date_gmt":"2026-02-11T13:20:26","guid":{"rendered":"https:\/\/rst-steel.com\/product\/bull-bar-freeway-mb-actros-l-procabin-legalpro_prm_79324\/"},"modified":"2026-03-16T09:20:28","modified_gmt":"2026-03-16T06:20:28","slug":"bull-bar-freeway-mb-actros-l-procabin-legalpro_prm_79324","status":"publish","type":"product","link":"https:\/\/com.rst-steel.eu\/nb\/produkt\/bull-bar-freeway-mb-actros-l-procabin-legalpro_prm_79324\/","title":{"rendered":"Bull bar Freeway V42 MB Actros Procabin (LegalPro)"},"content":{"rendered":"<p><span style=\"font-weight: bold;\">Bullbar\u00a0 Freeway Mercedes-Benz ProCab (LegalPro)<\/span><\/p>\n<ul>\n<li><\/li>\n<\/ul>\n<p><strong>This bullbar have received official road approval and may be used legally in all EU countries as well as Norway.<\/strong><\/p>\n<ul>\n<li><\/li>\n<\/ul>\n<p><span style=\"font-weight: bold;\">Egenskaper:<\/span><\/p>\n<ul>\n<li><span style=\"font-weight: bold;\">Compatibility:<\/span> Perfect fit for Mercedes-Benz ProCab.<\/li>\n<li><span style=\"font-weight: bold;\">Holdbarhet:<\/span> Produsert av h\u00f8ykvalitets rustfritt st\u00e5l som er designet for \u00e5 t\u00e5le selv de t\u00f8ffeste forholdene.<\/li>\n<li><span style=\"font-weight: bold;\">Enkel installasjon:<\/span> Leveres med installasjonsinstruksjoner og monteringsutstyr, slik at du selv kan montere st\u00f8tfangeren hvis \u00f8nskelig.<\/li>\n<li><strong>Stylish Design:<\/strong>\u00a0Gives your truck a modern and dynamic appearance. Its sleek design and polished or painted steel finish make your truck stand out and look impressive.<\/li>\n<li><strong>Maksimal beskyttelse:<\/strong> The bull bar provides effective protection for the front of your vehicle, safeguarding it from collisions and damage. This reduces the risk of repairs and keeps your truck performing at its best for years to come.<\/li>\n<li><strong>Kompatibel med ACC, AEB, Lane Keeping Assist osv.<\/strong><\/li>\n<li><\/li>\n<\/ul>\n<p><span style=\"font-weight: bold;\">Hva betyr en veigodkjent bullbar?<\/span><\/p>\n<p>En veigodkjent bullbar betyr at produktet er fullt godkjent for veitrafikk i Europa og Norge, og at det kan forbli montert p\u00e5 kj\u00f8ret\u00f8yet under periodisk kontroll.<\/p>\n<p>RST-Steel bull bars are premium-quality products manufactured in Finland from stainless steel and carrying the Key Flag Symbol.<\/p>\n<p>The bull bar protects the front of the vehicle in potential collision situations. It gives the truck a bold and stylish appearance, attracts attention, and may even spark \u201csteel fever,\u201d helping you and your company stand out in a positive way.<\/p>\n<p>Vehicle front grille can be opened and cabin tilted with the bull bar in place.<\/p>\n<p>The bull bar can be equipped with auxiliary lights and marker lights to improve visibility in traffic, while increasing safety for both you and other road users.<\/p>\n<ul>\n<li><\/li>\n<\/ul>\n<p><strong>The bull bar is designed for quick and easy removal, making maintenance fast and efficient.<\/strong><\/p>\n<ul>\n<li><\/li>\n<\/ul>\n<p><strong>Hvorfor velge RST-Steel?<\/strong><\/p>\n<ul>\n<li><strong>Laget in Finalnd<\/strong>\u00a0Alle v\u00e5re produkter produseres i v\u00e5rt eget produksjonsanlegg i Nivala, Finland.<\/li>\n<li><strong>Reliability:<\/strong> Years of experience and expertise ensure the high quality and durability of our products.<\/li>\n<li><strong>Kundetilfredshet:<\/strong>\u00a0Tusenvis av forn\u00f8yde kunder over hele verden stoler p\u00e5 RST-Steel-produkter.<\/li>\n<li><\/li>\n<\/ul>\n<p><strong>Teknisk informasjon:<\/strong><\/p>\n<ul>\n<li><strong>Farge:<\/strong> Polished stainless steel or Powdercoated with RAL colors<\/li>\n<li><strong>Net:<\/strong> On the front side of bullbar<\/li>\n<li><strong>Pipes diameters:<\/strong> 76 mm \/ 60 mm<\/li>\n<li><strong>Pipes material:<\/strong> AISI 304<\/li>\n<li><strong>Lamp holders:<\/strong> 6pcs welded lamp holders for 9&#8221; round lamps, or for example 2x 40cm Lightbars or 1x 80cm Lightbar<\/li>\n<li><strong>Wiring kit holder:<\/strong> Behind the vertical beam is holder for the RST-Steel&#8217;s wiring kit<\/li>\n<li><strong>Wiring kit connector holder: <\/strong>Welded holder in bracket for wiring kit connector.<\/li>\n<li><strong>Weight:<\/strong> 50kg<\/li>\n<li><strong>Warranty:<\/strong> 1 year<\/li>\n<li><\/li>\n<\/ul>\n<p><a href=\"https:\/\/www.youtube.com\/watch?v=G2FVajPh-pM\">VIDEO AV INSTALLASJON AV BULLBAR-KABELSETT FINNES HER!<\/a><\/p>\n<p><strong>If the vehicle is being towed, the bull bar must be removed!<\/strong><\/p>\n<ul>\n<li><\/li>\n<\/ul>\n<p><strong>Innhold i leveransen:<\/strong><\/p>\n<ul>\n<li>Frontbeskytter<\/li>\n<li>Festemidler som kreves for installasjon<\/li>\n<li>Installasjonsinstruksjoner<\/li>\n<li><\/li>\n<\/ul>\n<p><strong>Installasjonstid:<\/strong><\/p>\n<ul>\n<li>\u00a02.5h without the electrical connections<\/li>\n<\/ul>","protected":false},"excerpt":{"rendered":"<p><span style=\"font-weight: bold;\">Beskytt lastebilen din p\u00e5 best mulig m\u00e5te!<\/span><\/p>","protected":false},"featured_media":122419,"comment_status":"open","ping_status":"closed","template":"","meta":{"_improvement_type_select":"improve_an_existing","_thumb_yes_seoaic":false,"_frame_yes_seoaic":false,"seoaic_generate_description":"","seoaic_improve_instructions_prompt":"","seoaic_rollback_content_improvement":"","seoaic_idea_thumbnail_generator":"","thumbnail_generated":false,"thumbnail_generate_prompt":"","seoaic_article_description":""},"make_fuel_type":[],"make_model":[],"make_brand":[6469],"make_year":[3748],"pwb-brand":[],"product_brand":[],"product_cat":[6280,7159],"product_tag":[8487,6683,6611,6610],"class_list":{"0":"post-121141","1":"product","2":"type-product","3":"status-publish","4":"has-post-thumbnail","6":"make_brand-mercedes-benz","7":"make_year-trucks","8":"product_cat-bullbars","9":"product_cat-mb-ka-kk","10":"product_tag-bullbar-freeway","11":"product_tag-frontskydd","12":"product_tag-mercedes","13":"product_tag-mercedes-benz","14":"product_shipping_class-bullbars","16":"first","17":"onbackorder","18":"taxable","19":"shipping-taxable","20":"purchasable","21":"product-type-variable"},"yoast_head":"<!-- This site is optimized with the Yoast SEO plugin v25.7 - https:\/\/yoast.com\/wordpress\/plugins\/seo\/ -->\n<title>Bull bar Freeway V42 MB Actros Procabin (LegalPro) - RST-Steel<\/title>\n<meta name=\"description\" content=\"Bull bar Freeway for MB Actros L Procabin. Durable and stylish front protection that improves safety, ensures a perfect fit, and enhances the truck\u2019s look.\" \/>\n<meta name=\"robots\" content=\"index, follow, max-snippet:-1, max-image-preview:large, max-video-preview:-1\" \/>\n<link rel=\"canonical\" href=\"https:\/\/com.rst-steel.eu\/nb\/produkt\/bull-bar-freeway-mb-actros-l-procabin-legalpro_prm_79324\/\" \/>\n<meta property=\"og:locale\" content=\"nb_NO\" \/>\n<meta property=\"og:type\" content=\"article\" \/>\n<meta property=\"og:title\" content=\"Bull bar Freeway V42 MB Actros Procabin (LegalPro) - RST-Steel\" \/>\n<meta property=\"og:description\" content=\"Bull bar Freeway for MB Actros L Procabin. Durable and stylish front protection that improves safety, ensures a perfect fit, and enhances the truck\u2019s look.\" \/>\n<meta property=\"og:url\" content=\"https:\/\/com.rst-steel.eu\/nb\/produkt\/bull-bar-freeway-mb-actros-l-procabin-legalpro_prm_79324\/\" \/>\n<meta property=\"og:site_name\" content=\"RST-Steel\" \/>\n<meta property=\"article:publisher\" content=\"https:\/\/www.facebook.com\/rststeel\" \/>\n<meta property=\"article:modified_time\" content=\"2026-03-16T06:20:28+00:00\" \/>\n<meta property=\"og:image\" content=\"https:\/\/com.rst-steel.eu\/wp-content\/uploads\/2026\/02\/mersuuuu.jpg\" \/>\n\t<meta property=\"og:image:width\" content=\"1024\" \/>\n\t<meta property=\"og:image:height\" content=\"1024\" \/>\n\t<meta property=\"og:image:type\" content=\"image\/jpeg\" \/>\n<meta name=\"twitter:card\" content=\"summary_large_image\" \/>\n<meta name=\"twitter:label1\" content=\"Ansl. lesetid\" \/>\n\t<meta name=\"twitter:data1\" content=\"3 minutter\" \/>\n<script type=\"application\/ld+json\" class=\"yoast-schema-graph\">{\"@context\":\"https:\/\/schema.org\",\"@graph\":[{\"@type\":\"WebPage\",\"@id\":\"https:\/\/com.rst-steel.eu\/nb\/produkt\/bull-bar-freeway-mb-actros-l-procabin-legalpro_prm_79324\/\",\"url\":\"https:\/\/com.rst-steel.eu\/nb\/produkt\/bull-bar-freeway-mb-actros-l-procabin-legalpro_prm_79324\/\",\"name\":\"Bull bar Freeway V42 MB Actros Procabin (LegalPro) - RST-Steel\",\"isPartOf\":{\"@id\":\"https:\/\/com.rst-steel.eu\/#website\"},\"primaryImageOfPage\":{\"@id\":\"https:\/\/com.rst-steel.eu\/nb\/produkt\/bull-bar-freeway-mb-actros-l-procabin-legalpro_prm_79324\/#primaryimage\"},\"image\":{\"@id\":\"https:\/\/com.rst-steel.eu\/nb\/produkt\/bull-bar-freeway-mb-actros-l-procabin-legalpro_prm_79324\/#primaryimage\"},\"thumbnailUrl\":\"https:\/\/com.rst-steel.eu\/wp-content\/uploads\/2026\/02\/mersuuuu.jpg\",\"datePublished\":\"2026-02-11T13:20:26+00:00\",\"dateModified\":\"2026-03-16T06:20:28+00:00\",\"description\":\"Bull bar Freeway for MB Actros L Procabin. Durable and stylish front protection that improves safety, ensures a perfect fit, and enhances the truck\u2019s look.\",\"breadcrumb\":{\"@id\":\"https:\/\/com.rst-steel.eu\/nb\/produkt\/bull-bar-freeway-mb-actros-l-procabin-legalpro_prm_79324\/#breadcrumb\"},\"inLanguage\":\"nb-NO\",\"potentialAction\":[{\"@type\":\"ReadAction\",\"target\":[\"https:\/\/com.rst-steel.eu\/nb\/produkt\/bull-bar-freeway-mb-actros-l-procabin-legalpro_prm_79324\/\"]}]},{\"@type\":\"ImageObject\",\"inLanguage\":\"nb-NO\",\"@id\":\"https:\/\/com.rst-steel.eu\/nb\/produkt\/bull-bar-freeway-mb-actros-l-procabin-legalpro_prm_79324\/#primaryimage\",\"url\":\"https:\/\/com.rst-steel.eu\/wp-content\/uploads\/2026\/02\/mersuuuu.jpg\",\"contentUrl\":\"https:\/\/com.rst-steel.eu\/wp-content\/uploads\/2026\/02\/mersuuuu.jpg\",\"width\":1024,\"height\":1024},{\"@type\":\"BreadcrumbList\",\"@id\":\"https:\/\/com.rst-steel.eu\/nb\/produkt\/bull-bar-freeway-mb-actros-l-procabin-legalpro_prm_79324\/#breadcrumb\",\"itemListElement\":[{\"@type\":\"ListItem\",\"position\":1,\"name\":\"Home\",\"item\":\"https:\/\/com.rst-steel.eu\/\"},{\"@type\":\"ListItem\",\"position\":2,\"name\":\"RST-Steel Shop\",\"item\":\"https:\/\/com.rst-steel.eu\/shop\/\"},{\"@type\":\"ListItem\",\"position\":3,\"name\":\"Bull bar Freeway V42 MB Actros Procabin (LegalPro)\"}]},{\"@type\":\"WebSite\",\"@id\":\"https:\/\/com.rst-steel.eu\/#website\",\"url\":\"https:\/\/com.rst-steel.eu\/\",\"name\":\"RST-Steel.com\",\"description\":\"Finnish quality steel, for quality-conscious drivers\",\"publisher\":{\"@id\":\"https:\/\/com.rst-steel.eu\/#organization\"},\"alternateName\":\"Safe and stylish RST-Steel quality\",\"potentialAction\":[{\"@type\":\"SearchAction\",\"target\":{\"@type\":\"EntryPoint\",\"urlTemplate\":\"https:\/\/com.rst-steel.eu\/?s={search_term_string}\"},\"query-input\":{\"@type\":\"PropertyValueSpecification\",\"valueRequired\":true,\"valueName\":\"search_term_string\"}}],\"inLanguage\":\"nb-NO\"},{\"@type\":\"Organization\",\"@id\":\"https:\/\/com.rst-steel.eu\/#organization\",\"name\":\"RST-Steel Oy\",\"url\":\"https:\/\/com.rst-steel.eu\/\",\"logo\":{\"@type\":\"ImageObject\",\"inLanguage\":\"nb-NO\",\"@id\":\"https:\/\/com.rst-steel.eu\/#\/schema\/logo\/image\/\",\"url\":\"https:\/\/com.rst-steel.eu\/wp-content\/uploads\/2023\/04\/cropped-Rst-logo-valkoinen-teksti-3.png\",\"contentUrl\":\"https:\/\/com.rst-steel.eu\/wp-content\/uploads\/2023\/04\/cropped-Rst-logo-valkoinen-teksti-3.png\",\"width\":512,\"height\":115,\"caption\":\"RST-Steel Oy\"},\"image\":{\"@id\":\"https:\/\/com.rst-steel.eu\/#\/schema\/logo\/image\/\"},\"sameAs\":[\"https:\/\/www.facebook.com\/rststeel\",\"https:\/\/www.instagram.com\/rststeeloy\/\"]}]}<\/script>\n<!-- \/ Yoast SEO plugin. -->","yoast_head_json":{"title":"Bull bar Freeway V42 MB Actros Procabin (LegalPro) - RST-Steel","description":"Bull bar Freeway for MB Actros L Procabin. Durable and stylish front protection that improves safety, ensures a perfect fit, and enhances the truck\u2019s look.","robots":{"index":"index","follow":"follow","max-snippet":"max-snippet:-1","max-image-preview":"max-image-preview:large","max-video-preview":"max-video-preview:-1"},"canonical":"https:\/\/com.rst-steel.eu\/nb\/produkt\/bull-bar-freeway-mb-actros-l-procabin-legalpro_prm_79324\/","og_locale":"nb_NO","og_type":"article","og_title":"Bull bar Freeway V42 MB Actros Procabin (LegalPro) - RST-Steel","og_description":"Bull bar Freeway for MB Actros L Procabin. Durable and stylish front protection that improves safety, ensures a perfect fit, and enhances the truck\u2019s look.","og_url":"https:\/\/com.rst-steel.eu\/nb\/produkt\/bull-bar-freeway-mb-actros-l-procabin-legalpro_prm_79324\/","og_site_name":"RST-Steel","article_publisher":"https:\/\/www.facebook.com\/rststeel","article_modified_time":"2026-03-16T06:20:28+00:00","og_image":[{"width":1024,"height":1024,"url":"https:\/\/com.rst-steel.eu\/wp-content\/uploads\/2026\/02\/mersuuuu.jpg","type":"image\/jpeg"}],"twitter_card":"summary_large_image","twitter_misc":{"Ansl. lesetid":"3 minutter"},"schema":{"@context":"https:\/\/schema.org","@graph":[{"@type":"WebPage","@id":"https:\/\/com.rst-steel.eu\/nb\/produkt\/bull-bar-freeway-mb-actros-l-procabin-legalpro_prm_79324\/","url":"https:\/\/com.rst-steel.eu\/nb\/produkt\/bull-bar-freeway-mb-actros-l-procabin-legalpro_prm_79324\/","name":"Bull bar Freeway V42 MB Actros Procabin (LegalPro) - RST-Steel","isPartOf":{"@id":"https:\/\/com.rst-steel.eu\/#website"},"primaryImageOfPage":{"@id":"https:\/\/com.rst-steel.eu\/nb\/produkt\/bull-bar-freeway-mb-actros-l-procabin-legalpro_prm_79324\/#primaryimage"},"image":{"@id":"https:\/\/com.rst-steel.eu\/nb\/produkt\/bull-bar-freeway-mb-actros-l-procabin-legalpro_prm_79324\/#primaryimage"},"thumbnailUrl":"https:\/\/com.rst-steel.eu\/wp-content\/uploads\/2026\/02\/mersuuuu.jpg","datePublished":"2026-02-11T13:20:26+00:00","dateModified":"2026-03-16T06:20:28+00:00","description":"Bull bar Freeway for MB Actros L Procabin. Durable and stylish front protection that improves safety, ensures a perfect fit, and enhances the truck\u2019s look.","breadcrumb":{"@id":"https:\/\/com.rst-steel.eu\/nb\/produkt\/bull-bar-freeway-mb-actros-l-procabin-legalpro_prm_79324\/#breadcrumb"},"inLanguage":"nb-NO","potentialAction":[{"@type":"ReadAction","target":["https:\/\/com.rst-steel.eu\/nb\/produkt\/bull-bar-freeway-mb-actros-l-procabin-legalpro_prm_79324\/"]}]},{"@type":"ImageObject","inLanguage":"nb-NO","@id":"https:\/\/com.rst-steel.eu\/nb\/produkt\/bull-bar-freeway-mb-actros-l-procabin-legalpro_prm_79324\/#primaryimage","url":"https:\/\/com.rst-steel.eu\/wp-content\/uploads\/2026\/02\/mersuuuu.jpg","contentUrl":"https:\/\/com.rst-steel.eu\/wp-content\/uploads\/2026\/02\/mersuuuu.jpg","width":1024,"height":1024},{"@type":"BreadcrumbList","@id":"https:\/\/com.rst-steel.eu\/nb\/produkt\/bull-bar-freeway-mb-actros-l-procabin-legalpro_prm_79324\/#breadcrumb","itemListElement":[{"@type":"ListItem","position":1,"name":"Home","item":"https:\/\/com.rst-steel.eu\/"},{"@type":"ListItem","position":2,"name":"RST-Steel Shop","item":"https:\/\/com.rst-steel.eu\/shop\/"},{"@type":"ListItem","position":3,"name":"Bull bar Freeway V42 MB Actros Procabin (LegalPro)"}]},{"@type":"WebSite","@id":"https:\/\/com.rst-steel.eu\/#website","url":"https:\/\/com.rst-steel.eu\/","name":"RST-Steel.com","description":"Finsk kvalitetsst\u00e5l, for kvalitetsbevisste sj\u00e5f\u00f8rer","publisher":{"@id":"https:\/\/com.rst-steel.eu\/#organization"},"alternateName":"Safe and stylish RST-Steel quality","potentialAction":[{"@type":"SearchAction","target":{"@type":"EntryPoint","urlTemplate":"https:\/\/com.rst-steel.eu\/?s={search_term_string}"},"query-input":{"@type":"PropertyValueSpecification","valueRequired":true,"valueName":"search_term_string"}}],"inLanguage":"nb-NO"},{"@type":"Organization","@id":"https:\/\/com.rst-steel.eu\/#organization","name":"RST-Steel Oy","url":"https:\/\/com.rst-steel.eu\/","logo":{"@type":"ImageObject","inLanguage":"nb-NO","@id":"https:\/\/com.rst-steel.eu\/#\/schema\/logo\/image\/","url":"https:\/\/com.rst-steel.eu\/wp-content\/uploads\/2023\/04\/cropped-Rst-logo-valkoinen-teksti-3.png","contentUrl":"https:\/\/com.rst-steel.eu\/wp-content\/uploads\/2023\/04\/cropped-Rst-logo-valkoinen-teksti-3.png","width":512,"height":115,"caption":"RST-Steel Oy"},"image":{"@id":"https:\/\/com.rst-steel.eu\/#\/schema\/logo\/image\/"},"sameAs":["https:\/\/www.facebook.com\/rststeel","https:\/\/www.instagram.com\/rststeeloy\/"]}]}},"brands":[],"_links":{"self":[{"href":"https:\/\/com.rst-steel.eu\/nb\/wp-json\/wp\/v2\/product\/121141","targetHints":{"allow":["GET"]}}],"collection":[{"href":"https:\/\/com.rst-steel.eu\/nb\/wp-json\/wp\/v2\/product"}],"about":[{"href":"https:\/\/com.rst-steel.eu\/nb\/wp-json\/wp\/v2\/types\/product"}],"replies":[{"embeddable":true,"href":"https:\/\/com.rst-steel.eu\/nb\/wp-json\/wp\/v2\/comments?post=121141"}],"version-history":[{"count":0,"href":"https:\/\/com.rst-steel.eu\/nb\/wp-json\/wp\/v2\/product\/121141\/revisions"}],"wp:featuredmedia":[{"embeddable":true,"href":"https:\/\/com.rst-steel.eu\/nb\/wp-json\/wp\/v2\/media\/122419"}],"wp:attachment":[{"href":"https:\/\/com.rst-steel.eu\/nb\/wp-json\/wp\/v2\/media?parent=121141"}],"wp:term":[{"taxonomy":"make_fuel_type","embeddable":true,"href":"https:\/\/com.rst-steel.eu\/nb\/wp-json\/wp\/v2\/make_fuel_type?post=121141"},{"taxonomy":"make_model","embeddable":true,"href":"https:\/\/com.rst-steel.eu\/nb\/wp-json\/wp\/v2\/make_model?post=121141"},{"taxonomy":"make_brand","embeddable":true,"href":"https:\/\/com.rst-steel.eu\/nb\/wp-json\/wp\/v2\/make_brand?post=121141"},{"taxonomy":"make_year","embeddable":true,"href":"https:\/\/com.rst-steel.eu\/nb\/wp-json\/wp\/v2\/make_year?post=121141"},{"taxonomy":"pwb-brand","embeddable":true,"href":"https:\/\/com.rst-steel.eu\/nb\/wp-json\/wp\/v2\/pwb-brand?post=121141"},{"taxonomy":"product_brand","embeddable":true,"href":"https:\/\/com.rst-steel.eu\/nb\/wp-json\/wp\/v2\/product_brand?post=121141"},{"taxonomy":"product_cat","embeddable":true,"href":"https:\/\/com.rst-steel.eu\/nb\/wp-json\/wp\/v2\/product_cat?post=121141"},{"taxonomy":"product_tag","embeddable":true,"href":"https:\/\/com.rst-steel.eu\/nb\/wp-json\/wp\/v2\/product_tag?post=121141"}],"curies":[{"name":"wp","href":"https:\/\/api.w.org\/{rel}","templated":true}]}}