{"id":120980,"date":"2026-02-11T09:40:30","date_gmt":"2026-02-11T06:40:30","guid":{"rendered":"https:\/\/rst-steel.com\/product\/power-supply-cable-between-truck-and-bull-bar-universal_pr_79422\/"},"modified":"2026-03-16T09:17:06","modified_gmt":"2026-03-16T06:17:06","slug":"power-supply-cable-between-truck-and-bull-bar-universal_pr_79422","status":"publish","type":"product","link":"https:\/\/com.rst-steel.eu\/nb\/produkt\/power-supply-cable-between-truck-and-bull-bar-universal_pr_79422\/","title":{"rendered":"Power supply cable between truck and bull bar (universal)"},"content":{"rendered":"<p data-start=\"0\" data-end=\"53\"><strong data-start=\"0\" data-end=\"53\">Power Supply Cable for Bull Bar \u2013 Universal Model<\/strong><\/p>\n<p data-start=\"55\" data-end=\"132\">Universal power supply cable for a bull bar without a vehicle-side connector.<\/p>\n<p data-start=\"134\" data-end=\"324\">This supply cable is compatible with plug &amp; play type wiring harnesses for bull bars for both 4 and 6 auxiliary lights. You can find the wiring harnesses in the recommended products section.<\/p>\n<p data-start=\"326\" data-end=\"355\"><strong data-start=\"326\" data-end=\"355\">Tekniske spesifikasjoner:<\/strong><\/p>\n<\/p>\n<ul>\n<li>Length: 3.5 m<\/li>\n<li>\nPower capacity: 50A \/ 1200 W<\/li>\n<\/ul>","protected":false},"excerpt":{"rendered":"<p>Universal power supply cable for a bull bar without a vehicle-side connector.<\/p>","protected":false},"featured_media":120979,"comment_status":"open","ping_status":"closed","template":"","meta":{"_improvement_type_select":"improve_an_existing","_thumb_yes_seoaic":false,"_frame_yes_seoaic":false,"seoaic_generate_description":"","seoaic_improve_instructions_prompt":"","seoaic_rollback_content_improvement":"","seoaic_idea_thumbnail_generator":"","thumbnail_generated":false,"thumbnail_generate_prompt":"","seoaic_article_description":""},"make_fuel_type":[],"make_model":[],"make_brand":[],"make_year":[],"pwb-brand":[],"product_brand":[],"product_cat":[8248,6195,6242],"product_tag":[],"class_list":{"0":"post-120980","1":"product","2":"type-product","3":"status-publish","4":"has-post-thumbnail","6":"product_cat-wire-kits-and-cables","7":"product_cat-lamps","8":"product_cat-mounting-accessories","10":"first","11":"instock","12":"taxable","13":"shipping-taxable","14":"purchasable","15":"product-type-simple"},"yoast_head":"<!-- This site is optimized with the Yoast SEO plugin v25.7 - https:\/\/yoast.com\/wordpress\/plugins\/seo\/ -->\n<title>Power supply cable between truck and bull bar (universal) - RST-Steel<\/title>\n<meta name=\"description\" content=\"Universal power supply cable between truck and bull bar. Durable, weather-resistant connection for reliable power transfer to lights and accessories.\" \/>\n<meta name=\"robots\" content=\"index, follow, max-snippet:-1, max-image-preview:large, max-video-preview:-1\" \/>\n<link rel=\"canonical\" href=\"https:\/\/com.rst-steel.eu\/nb\/produkt\/power-supply-cable-between-truck-and-bull-bar-universal_pr_79422\/\" \/>\n<meta property=\"og:locale\" content=\"nb_NO\" \/>\n<meta property=\"og:type\" content=\"article\" \/>\n<meta property=\"og:title\" content=\"Power supply cable between truck and bull bar (universal) - RST-Steel\" \/>\n<meta property=\"og:description\" content=\"Universal power supply cable between truck and bull bar. Durable, weather-resistant connection for reliable power transfer to lights and accessories.\" \/>\n<meta property=\"og:url\" content=\"https:\/\/com.rst-steel.eu\/nb\/produkt\/power-supply-cable-between-truck-and-bull-bar-universal_pr_79422\/\" \/>\n<meta property=\"og:site_name\" content=\"RST-Steel\" \/>\n<meta property=\"article:publisher\" content=\"https:\/\/www.facebook.com\/rststeel\" \/>\n<meta property=\"article:modified_time\" content=\"2026-03-16T06:17:06+00:00\" \/>\n<meta property=\"og:image\" content=\"https:\/\/com.rst-steel.eu\/wp-content\/uploads\/2026\/02\/f6e9bfa6bdc607aad2660db95be24a02b747fefd_RST_006.jpg\" \/>\n\t<meta property=\"og:image:width\" content=\"1200\" \/>\n\t<meta property=\"og:image:height\" content=\"1600\" \/>\n\t<meta property=\"og:image:type\" content=\"image\/jpeg\" \/>\n<meta name=\"twitter:card\" content=\"summary_large_image\" \/>\n<meta name=\"twitter:label1\" content=\"Ansl. lesetid\" \/>\n\t<meta name=\"twitter:data1\" content=\"1 minutt\" \/>\n<script type=\"application\/ld+json\" class=\"yoast-schema-graph\">{\"@context\":\"https:\/\/schema.org\",\"@graph\":[{\"@type\":\"WebPage\",\"@id\":\"https:\/\/com.rst-steel.eu\/sv\/produkt\/power-supply-cable-between-truck-and-bull-bar-universal_pr_79422\/\",\"url\":\"https:\/\/com.rst-steel.eu\/sv\/produkt\/power-supply-cable-between-truck-and-bull-bar-universal_pr_79422\/\",\"name\":\"Power supply cable between truck and bull bar (universal) - RST-Steel\",\"isPartOf\":{\"@id\":\"https:\/\/com.rst-steel.eu\/#website\"},\"primaryImageOfPage\":{\"@id\":\"https:\/\/com.rst-steel.eu\/sv\/produkt\/power-supply-cable-between-truck-and-bull-bar-universal_pr_79422\/#primaryimage\"},\"image\":{\"@id\":\"https:\/\/com.rst-steel.eu\/sv\/produkt\/power-supply-cable-between-truck-and-bull-bar-universal_pr_79422\/#primaryimage\"},\"thumbnailUrl\":\"https:\/\/com.rst-steel.eu\/wp-content\/uploads\/2026\/02\/f6e9bfa6bdc607aad2660db95be24a02b747fefd_RST_006.jpg\",\"datePublished\":\"2026-02-11T06:40:30+00:00\",\"dateModified\":\"2026-03-16T06:17:06+00:00\",\"description\":\"Universal power supply cable between truck and bull bar. Durable, weather-resistant connection for reliable power transfer to lights and accessories.\",\"breadcrumb\":{\"@id\":\"https:\/\/com.rst-steel.eu\/sv\/produkt\/power-supply-cable-between-truck-and-bull-bar-universal_pr_79422\/#breadcrumb\"},\"inLanguage\":\"nb-NO\",\"potentialAction\":[{\"@type\":\"ReadAction\",\"target\":[\"https:\/\/com.rst-steel.eu\/sv\/produkt\/power-supply-cable-between-truck-and-bull-bar-universal_pr_79422\/\"]}]},{\"@type\":\"ImageObject\",\"inLanguage\":\"nb-NO\",\"@id\":\"https:\/\/com.rst-steel.eu\/sv\/produkt\/power-supply-cable-between-truck-and-bull-bar-universal_pr_79422\/#primaryimage\",\"url\":\"https:\/\/com.rst-steel.eu\/wp-content\/uploads\/2026\/02\/f6e9bfa6bdc607aad2660db95be24a02b747fefd_RST_006.jpg\",\"contentUrl\":\"https:\/\/com.rst-steel.eu\/wp-content\/uploads\/2026\/02\/f6e9bfa6bdc607aad2660db95be24a02b747fefd_RST_006.jpg\",\"width\":1200,\"height\":1600,\"caption\":\"Power supply cable between truck and bull bar (universal)\"},{\"@type\":\"BreadcrumbList\",\"@id\":\"https:\/\/com.rst-steel.eu\/sv\/produkt\/power-supply-cable-between-truck-and-bull-bar-universal_pr_79422\/#breadcrumb\",\"itemListElement\":[{\"@type\":\"ListItem\",\"position\":1,\"name\":\"Home\",\"item\":\"https:\/\/com.rst-steel.eu\/\"},{\"@type\":\"ListItem\",\"position\":2,\"name\":\"RST-Steel Shop\",\"item\":\"https:\/\/com.rst-steel.eu\/shop\/\"},{\"@type\":\"ListItem\",\"position\":3,\"name\":\"Power supply cable between truck and bull bar (universal)\"}]},{\"@type\":\"WebSite\",\"@id\":\"https:\/\/com.rst-steel.eu\/#website\",\"url\":\"https:\/\/com.rst-steel.eu\/\",\"name\":\"RST-Steel.com\",\"description\":\"Finnish quality steel, for quality-conscious drivers\",\"publisher\":{\"@id\":\"https:\/\/com.rst-steel.eu\/#organization\"},\"alternateName\":\"Safe and stylish RST-Steel quality\",\"potentialAction\":[{\"@type\":\"SearchAction\",\"target\":{\"@type\":\"EntryPoint\",\"urlTemplate\":\"https:\/\/com.rst-steel.eu\/?s={search_term_string}\"},\"query-input\":{\"@type\":\"PropertyValueSpecification\",\"valueRequired\":true,\"valueName\":\"search_term_string\"}}],\"inLanguage\":\"nb-NO\"},{\"@type\":\"Organization\",\"@id\":\"https:\/\/com.rst-steel.eu\/#organization\",\"name\":\"RST-Steel Oy\",\"url\":\"https:\/\/com.rst-steel.eu\/\",\"logo\":{\"@type\":\"ImageObject\",\"inLanguage\":\"nb-NO\",\"@id\":\"https:\/\/com.rst-steel.eu\/#\/schema\/logo\/image\/\",\"url\":\"https:\/\/com.rst-steel.eu\/wp-content\/uploads\/2023\/04\/cropped-Rst-logo-valkoinen-teksti-3.png\",\"contentUrl\":\"https:\/\/com.rst-steel.eu\/wp-content\/uploads\/2023\/04\/cropped-Rst-logo-valkoinen-teksti-3.png\",\"width\":512,\"height\":115,\"caption\":\"RST-Steel Oy\"},\"image\":{\"@id\":\"https:\/\/com.rst-steel.eu\/#\/schema\/logo\/image\/\"},\"sameAs\":[\"https:\/\/www.facebook.com\/rststeel\",\"https:\/\/www.instagram.com\/rststeeloy\/\"]}]}<\/script>\n<!-- \/ Yoast SEO plugin. -->","yoast_head_json":{"title":"Power supply cable between truck and bull bar (universal) - RST-Steel","description":"Universal power supply cable between truck and bull bar. Durable, weather-resistant connection for reliable power transfer to lights and accessories.","robots":{"index":"index","follow":"follow","max-snippet":"max-snippet:-1","max-image-preview":"max-image-preview:large","max-video-preview":"max-video-preview:-1"},"canonical":"https:\/\/com.rst-steel.eu\/nb\/produkt\/power-supply-cable-between-truck-and-bull-bar-universal_pr_79422\/","og_locale":"nb_NO","og_type":"article","og_title":"Power supply cable between truck and bull bar (universal) - RST-Steel","og_description":"Universal power supply cable between truck and bull bar. Durable, weather-resistant connection for reliable power transfer to lights and accessories.","og_url":"https:\/\/com.rst-steel.eu\/nb\/produkt\/power-supply-cable-between-truck-and-bull-bar-universal_pr_79422\/","og_site_name":"RST-Steel","article_publisher":"https:\/\/www.facebook.com\/rststeel","article_modified_time":"2026-03-16T06:17:06+00:00","og_image":[{"width":1200,"height":1600,"url":"https:\/\/com.rst-steel.eu\/wp-content\/uploads\/2026\/02\/f6e9bfa6bdc607aad2660db95be24a02b747fefd_RST_006.jpg","type":"image\/jpeg"}],"twitter_card":"summary_large_image","twitter_misc":{"Ansl. lesetid":"1 minutt"},"schema":{"@context":"https:\/\/schema.org","@graph":[{"@type":"WebPage","@id":"https:\/\/com.rst-steel.eu\/sv\/produkt\/power-supply-cable-between-truck-and-bull-bar-universal_pr_79422\/","url":"https:\/\/com.rst-steel.eu\/sv\/produkt\/power-supply-cable-between-truck-and-bull-bar-universal_pr_79422\/","name":"Power supply cable between truck and bull bar (universal) - RST-Steel","isPartOf":{"@id":"https:\/\/com.rst-steel.eu\/#website"},"primaryImageOfPage":{"@id":"https:\/\/com.rst-steel.eu\/sv\/produkt\/power-supply-cable-between-truck-and-bull-bar-universal_pr_79422\/#primaryimage"},"image":{"@id":"https:\/\/com.rst-steel.eu\/sv\/produkt\/power-supply-cable-between-truck-and-bull-bar-universal_pr_79422\/#primaryimage"},"thumbnailUrl":"https:\/\/com.rst-steel.eu\/wp-content\/uploads\/2026\/02\/f6e9bfa6bdc607aad2660db95be24a02b747fefd_RST_006.jpg","datePublished":"2026-02-11T06:40:30+00:00","dateModified":"2026-03-16T06:17:06+00:00","description":"Universal power supply cable between truck and bull bar. Durable, weather-resistant connection for reliable power transfer to lights and accessories.","breadcrumb":{"@id":"https:\/\/com.rst-steel.eu\/sv\/produkt\/power-supply-cable-between-truck-and-bull-bar-universal_pr_79422\/#breadcrumb"},"inLanguage":"nb-NO","potentialAction":[{"@type":"ReadAction","target":["https:\/\/com.rst-steel.eu\/sv\/produkt\/power-supply-cable-between-truck-and-bull-bar-universal_pr_79422\/"]}]},{"@type":"ImageObject","inLanguage":"nb-NO","@id":"https:\/\/com.rst-steel.eu\/sv\/produkt\/power-supply-cable-between-truck-and-bull-bar-universal_pr_79422\/#primaryimage","url":"https:\/\/com.rst-steel.eu\/wp-content\/uploads\/2026\/02\/f6e9bfa6bdc607aad2660db95be24a02b747fefd_RST_006.jpg","contentUrl":"https:\/\/com.rst-steel.eu\/wp-content\/uploads\/2026\/02\/f6e9bfa6bdc607aad2660db95be24a02b747fefd_RST_006.jpg","width":1200,"height":1600,"caption":"Power supply cable between truck and bull bar (universal)"},{"@type":"BreadcrumbList","@id":"https:\/\/com.rst-steel.eu\/sv\/produkt\/power-supply-cable-between-truck-and-bull-bar-universal_pr_79422\/#breadcrumb","itemListElement":[{"@type":"ListItem","position":1,"name":"Home","item":"https:\/\/com.rst-steel.eu\/"},{"@type":"ListItem","position":2,"name":"RST-Steel Shop","item":"https:\/\/com.rst-steel.eu\/shop\/"},{"@type":"ListItem","position":3,"name":"Power supply cable between truck and bull bar (universal)"}]},{"@type":"WebSite","@id":"https:\/\/com.rst-steel.eu\/#website","url":"https:\/\/com.rst-steel.eu\/","name":"RST-Steel.com","description":"Finsk kvalitetsst\u00e5l, for kvalitetsbevisste sj\u00e5f\u00f8rer","publisher":{"@id":"https:\/\/com.rst-steel.eu\/#organization"},"alternateName":"Safe and stylish RST-Steel quality","potentialAction":[{"@type":"SearchAction","target":{"@type":"EntryPoint","urlTemplate":"https:\/\/com.rst-steel.eu\/?s={search_term_string}"},"query-input":{"@type":"PropertyValueSpecification","valueRequired":true,"valueName":"search_term_string"}}],"inLanguage":"nb-NO"},{"@type":"Organization","@id":"https:\/\/com.rst-steel.eu\/#organization","name":"RST-Steel Oy","url":"https:\/\/com.rst-steel.eu\/","logo":{"@type":"ImageObject","inLanguage":"nb-NO","@id":"https:\/\/com.rst-steel.eu\/#\/schema\/logo\/image\/","url":"https:\/\/com.rst-steel.eu\/wp-content\/uploads\/2023\/04\/cropped-Rst-logo-valkoinen-teksti-3.png","contentUrl":"https:\/\/com.rst-steel.eu\/wp-content\/uploads\/2023\/04\/cropped-Rst-logo-valkoinen-teksti-3.png","width":512,"height":115,"caption":"RST-Steel Oy"},"image":{"@id":"https:\/\/com.rst-steel.eu\/#\/schema\/logo\/image\/"},"sameAs":["https:\/\/www.facebook.com\/rststeel","https:\/\/www.instagram.com\/rststeeloy\/"]}]}},"brands":[],"_links":{"self":[{"href":"https:\/\/com.rst-steel.eu\/nb\/wp-json\/wp\/v2\/product\/120980","targetHints":{"allow":["GET"]}}],"collection":[{"href":"https:\/\/com.rst-steel.eu\/nb\/wp-json\/wp\/v2\/product"}],"about":[{"href":"https:\/\/com.rst-steel.eu\/nb\/wp-json\/wp\/v2\/types\/product"}],"replies":[{"embeddable":true,"href":"https:\/\/com.rst-steel.eu\/nb\/wp-json\/wp\/v2\/comments?post=120980"}],"version-history":[{"count":0,"href":"https:\/\/com.rst-steel.eu\/nb\/wp-json\/wp\/v2\/product\/120980\/revisions"}],"wp:featuredmedia":[{"embeddable":true,"href":"https:\/\/com.rst-steel.eu\/nb\/wp-json\/wp\/v2\/media\/120979"}],"wp:attachment":[{"href":"https:\/\/com.rst-steel.eu\/nb\/wp-json\/wp\/v2\/media?parent=120980"}],"wp:term":[{"taxonomy":"make_fuel_type","embeddable":true,"href":"https:\/\/com.rst-steel.eu\/nb\/wp-json\/wp\/v2\/make_fuel_type?post=120980"},{"taxonomy":"make_model","embeddable":true,"href":"https:\/\/com.rst-steel.eu\/nb\/wp-json\/wp\/v2\/make_model?post=120980"},{"taxonomy":"make_brand","embeddable":true,"href":"https:\/\/com.rst-steel.eu\/nb\/wp-json\/wp\/v2\/make_brand?post=120980"},{"taxonomy":"make_year","embeddable":true,"href":"https:\/\/com.rst-steel.eu\/nb\/wp-json\/wp\/v2\/make_year?post=120980"},{"taxonomy":"pwb-brand","embeddable":true,"href":"https:\/\/com.rst-steel.eu\/nb\/wp-json\/wp\/v2\/pwb-brand?post=120980"},{"taxonomy":"product_brand","embeddable":true,"href":"https:\/\/com.rst-steel.eu\/nb\/wp-json\/wp\/v2\/product_brand?post=120980"},{"taxonomy":"product_cat","embeddable":true,"href":"https:\/\/com.rst-steel.eu\/nb\/wp-json\/wp\/v2\/product_cat?post=120980"},{"taxonomy":"product_tag","embeddable":true,"href":"https:\/\/com.rst-steel.eu\/nb\/wp-json\/wp\/v2\/product_tag?post=120980"}],"curies":[{"name":"wp","href":"https:\/\/api.w.org\/{rel}","templated":true}]}}