{"id":120018,"date":"2025-12-04T14:21:55","date_gmt":"2025-12-04T11:21:55","guid":{"rendered":"https:\/\/rst-steel.com\/product\/roof-bar-visor-v84-scania-nextgen-normal_prm_78199\/"},"modified":"2026-03-16T09:20:20","modified_gmt":"2026-03-16T06:20:20","slug":"roof-bar-visor-v84-scania-nextgen-normal_prm_78199","status":"publish","type":"product","link":"https:\/\/com.rst-steel.eu\/nb\/produkt\/roof-bar-visor-v84-scania-nextgen-normal_prm_78199\/","title":{"rendered":"Roof Bar Visor V84 Scania Nextgen &#8211; Normal"},"content":{"rendered":"<p><strong>Roof Bar Visor V84 Scania Nextgen &#8211; Normal<\/strong><\/p>\n<ul>\n<li><\/li>\n<\/ul>\n<p><span style=\"font-weight: bold;\">Egenskaper:<\/span><\/p>\n<ul>\n<li><span style=\"font-weight: bold;\">Kompatibilitet<\/span>: Designed for Scania NextGen models with a Normal cab, ensuring quick and effortless installation.<\/li>\n<li><span style=\"font-weight: bold;\">Materials<\/span>: Made from durable stainless steel, guaranteeing long service life and excellent weather resistance.<\/li>\n<li><span style=\"font-weight: bold;\">Stylish Design<\/span>: Polished or painted finish and elegant design enhance the appearance of your truck.<\/li>\n<li><span style=\"font-weight: bold;\">Light Installation:<\/span> Thanks to the welded auxiliary light brackets, you can easily mount several additional lights onto the roof bar.<\/li>\n<li><span style=\"font-weight: bold;\">Safety<\/span>: Enhances visibility in dark and challenging driving conditions, increasing safety for both the driver and other road users.<\/li>\n<li><\/li>\n<\/ul>\n<p>Designed to complement the stylish lines of your truck, the roof bar not only enhances its appearance but also adds practicality and safety. It can be equipped with auxiliary lights and position lights, ensuring maximum visibility on the road and improved safety for both you and other road users.<\/p>\n<ul>\n<li><\/li>\n<\/ul>\n<p><span style=\"font-weight: bold;\">Compatible with 2pcs 40cm auxiliary light panel or 4pcs 9\u2019\u2019 round lamps.<\/span><\/p>\n<ul>\n<li><\/li>\n<\/ul>\n<p><span style=\"font-weight: bold;\">Hvorfor velge RST-Steel?<\/span><\/p>\n<ul>\n<li><span style=\"font-weight: bold;\">Laget in Finalnd<\/span> Alle v\u00e5re produkter produseres i v\u00e5rt eget produksjonsanlegg i Nivala, Finland.<\/li>\n<li><span style=\"font-weight: bold;\">P\u00e5litelighet<\/span>: Mange \u00e5rs erfaring og ekspertise for h\u00f8y kvalitet og holdbarhet hos v\u00e5re produkter.<\/li>\n<li><span style=\"font-weight: bold;\">Kundetilfredshet:<\/span> Tusenvis av forn\u00f8yde kunder over hele verden stoler p\u00e5 RST-Steel-produkter.<\/li>\n<li><\/li>\n<\/ul>\n<p><span style=\"font-weight: bold;\">Teknisk informasjon:<\/span><\/p>\n<ul>\n<li>Farge: Polert rustfritt st\u00e5l eller pulverlakkert med RAL-farger<\/li>\n<li>R\u00f8rdiameter: 60 mm<\/li>\n<li>Welded lamp bracket rail<\/li>\n<li><\/li>\n<\/ul>\n<p><span style=\"font-weight: bold;\">Innhold i leveransen:<\/span><\/p>\n<ul>\n<li>Takb\u00f8yle<\/li>\n<li>Festemidler som kreves for installasjon<\/li>\n<li>Installasjonsinstruksjoner<\/li>\n<\/ul>","protected":false},"excerpt":{"rendered":"<p>For Scania NextGen Trucks with the Normal cab!<\/p>","protected":false},"featured_media":120017,"comment_status":"open","ping_status":"closed","template":"","meta":{"_improvement_type_select":"improve_an_existing","_thumb_yes_seoaic":false,"_frame_yes_seoaic":false,"seoaic_generate_description":"","seoaic_improve_instructions_prompt":"","seoaic_rollback_content_improvement":"","seoaic_idea_thumbnail_generator":"","thumbnail_generated":false,"thumbnail_generate_prompt":"","seoaic_article_description":""},"make_fuel_type":[],"make_model":[5614,2529,5608,5620,5623],"make_brand":[3744],"make_year":[3748],"pwb-brand":[8334],"product_brand":[],"product_cat":[6057,6058,7165],"product_tag":[8488,8494,8481,7549,8482],"class_list":{"0":"post-120018","1":"product","2":"type-product","3":"status-publish","4":"has-post-thumbnail","6":"make_engine-daycab-normal-cg","7":"make_engine-daycab-normal-cp","8":"make_engine-daycab-normal-cr","9":"make_engine-sleepercab-normal-cg","10":"make_engine-sleepercab-normal-cl","11":"make_engine-sleepercab-normal-cp","12":"make_engine-sleepercab-normal-cr","13":"make_engine-sleepercab-normal-cs","14":"make_model-nextgen-g-2017","15":"make_model-nextgen-2017","16":"make_model-nextgen-p-2017","17":"make_model-nextgen-r-2017","18":"make_model-nextgen-s-2017","19":"make_brand-scania","20":"make_year-trucks","21":"pwb-brand-brand_rststeel","22":"product_cat-lightbars","23":"product_cat-roofbars-for-trucks","24":"product_cat-scania-ka-lt","25":"product_tag-scania","26":"product_tag-scania-nextgen","27":"product_tag-scania-roof-bar","28":"product_tag-takbage","29":"product_tag-top-bar-scania","30":"product_shipping_class-lightbars","32":"first","33":"onbackorder","34":"taxable","35":"shipping-taxable","36":"purchasable","37":"product-type-variable"},"yoast_head":"<!-- This site is optimized with the Yoast SEO plugin v25.7 - https:\/\/yoast.com\/wordpress\/plugins\/seo\/ -->\n<title>Roof Bar Visor V84 Scania Nextgen - Normal - RST-Steel<\/title>\n<meta name=\"description\" content=\"High-quality Visor V84 model roof bar for Scania NextGen models with a Normal cab. Made from stainless steel, guaranteeing long service life!\" \/>\n<meta name=\"robots\" content=\"index, follow, max-snippet:-1, max-image-preview:large, max-video-preview:-1\" \/>\n<link rel=\"canonical\" href=\"https:\/\/com.rst-steel.eu\/nb\/produkt\/roof-bar-visor-v84-scania-nextgen-normal_prm_78199\/\" \/>\n<meta property=\"og:locale\" content=\"nb_NO\" \/>\n<meta property=\"og:type\" content=\"article\" \/>\n<meta property=\"og:title\" content=\"Roof Bar Visor V84 Scania Nextgen - Normal - RST-Steel\" \/>\n<meta property=\"og:description\" content=\"High-quality Visor V84 model roof bar for Scania NextGen models with a Normal cab. Made from stainless steel, guaranteeing long service life!\" \/>\n<meta property=\"og:url\" content=\"https:\/\/com.rst-steel.eu\/nb\/produkt\/roof-bar-visor-v84-scania-nextgen-normal_prm_78199\/\" \/>\n<meta property=\"og:site_name\" content=\"RST-Steel\" \/>\n<meta property=\"article:publisher\" content=\"https:\/\/www.facebook.com\/rststeel\" \/>\n<meta property=\"article:modified_time\" content=\"2026-03-16T06:20:20+00:00\" \/>\n<meta property=\"og:image\" content=\"https:\/\/com.rst-steel.eu\/wp-content\/uploads\/2025\/12\/74a7580978440c394e936661b52cb093eb7bbaf4_SC2184B_web.jpg\" \/>\n\t<meta property=\"og:image:width\" content=\"1152\" \/>\n\t<meta property=\"og:image:height\" content=\"896\" \/>\n\t<meta property=\"og:image:type\" content=\"image\/jpeg\" \/>\n<meta name=\"twitter:card\" content=\"summary_large_image\" \/>\n<meta name=\"twitter:label1\" content=\"Ansl. lesetid\" \/>\n\t<meta name=\"twitter:data1\" content=\"2 minutter\" \/>\n<script type=\"application\/ld+json\" class=\"yoast-schema-graph\">{\"@context\":\"https:\/\/schema.org\",\"@graph\":[{\"@type\":\"WebPage\",\"@id\":\"https:\/\/com.rst-steel.eu\/nb\/produkt\/roof-bar-visor-v84-scania-nextgen-normal_prm_78199\/\",\"url\":\"https:\/\/com.rst-steel.eu\/nb\/produkt\/roof-bar-visor-v84-scania-nextgen-normal_prm_78199\/\",\"name\":\"Roof Bar Visor V84 Scania Nextgen - Normal - RST-Steel\",\"isPartOf\":{\"@id\":\"https:\/\/com.rst-steel.eu\/#website\"},\"primaryImageOfPage\":{\"@id\":\"https:\/\/com.rst-steel.eu\/nb\/produkt\/roof-bar-visor-v84-scania-nextgen-normal_prm_78199\/#primaryimage\"},\"image\":{\"@id\":\"https:\/\/com.rst-steel.eu\/nb\/produkt\/roof-bar-visor-v84-scania-nextgen-normal_prm_78199\/#primaryimage\"},\"thumbnailUrl\":\"https:\/\/com.rst-steel.eu\/wp-content\/uploads\/2025\/12\/74a7580978440c394e936661b52cb093eb7bbaf4_SC2184B_web.jpg\",\"datePublished\":\"2025-12-04T11:21:55+00:00\",\"dateModified\":\"2026-03-16T06:20:20+00:00\",\"description\":\"High-quality Visor V84 model roof bar for Scania NextGen models with a Normal cab. Made from stainless steel, guaranteeing long service life!\",\"breadcrumb\":{\"@id\":\"https:\/\/com.rst-steel.eu\/nb\/produkt\/roof-bar-visor-v84-scania-nextgen-normal_prm_78199\/#breadcrumb\"},\"inLanguage\":\"nb-NO\",\"potentialAction\":[{\"@type\":\"ReadAction\",\"target\":[\"https:\/\/com.rst-steel.eu\/nb\/produkt\/roof-bar-visor-v84-scania-nextgen-normal_prm_78199\/\"]}]},{\"@type\":\"ImageObject\",\"inLanguage\":\"nb-NO\",\"@id\":\"https:\/\/com.rst-steel.eu\/nb\/produkt\/roof-bar-visor-v84-scania-nextgen-normal_prm_78199\/#primaryimage\",\"url\":\"https:\/\/com.rst-steel.eu\/wp-content\/uploads\/2025\/12\/74a7580978440c394e936661b52cb093eb7bbaf4_SC2184B_web.jpg\",\"contentUrl\":\"https:\/\/com.rst-steel.eu\/wp-content\/uploads\/2025\/12\/74a7580978440c394e936661b52cb093eb7bbaf4_SC2184B_web.jpg\",\"width\":1152,\"height\":896,\"caption\":\"Roof Bar Visor V84 Scania Nextgen - Normal\"},{\"@type\":\"BreadcrumbList\",\"@id\":\"https:\/\/com.rst-steel.eu\/nb\/produkt\/roof-bar-visor-v84-scania-nextgen-normal_prm_78199\/#breadcrumb\",\"itemListElement\":[{\"@type\":\"ListItem\",\"position\":1,\"name\":\"Home\",\"item\":\"https:\/\/com.rst-steel.eu\/\"},{\"@type\":\"ListItem\",\"position\":2,\"name\":\"RST-Steel Shop\",\"item\":\"https:\/\/com.rst-steel.eu\/shop\/\"},{\"@type\":\"ListItem\",\"position\":3,\"name\":\"Roof Bar Visor V84 Scania Nextgen &#8211; Normal\"}]},{\"@type\":\"WebSite\",\"@id\":\"https:\/\/com.rst-steel.eu\/#website\",\"url\":\"https:\/\/com.rst-steel.eu\/\",\"name\":\"RST-Steel.com\",\"description\":\"Finnish quality steel, for quality-conscious drivers\",\"publisher\":{\"@id\":\"https:\/\/com.rst-steel.eu\/#organization\"},\"alternateName\":\"Safe and stylish RST-Steel quality\",\"potentialAction\":[{\"@type\":\"SearchAction\",\"target\":{\"@type\":\"EntryPoint\",\"urlTemplate\":\"https:\/\/com.rst-steel.eu\/?s={search_term_string}\"},\"query-input\":{\"@type\":\"PropertyValueSpecification\",\"valueRequired\":true,\"valueName\":\"search_term_string\"}}],\"inLanguage\":\"nb-NO\"},{\"@type\":\"Organization\",\"@id\":\"https:\/\/com.rst-steel.eu\/#organization\",\"name\":\"RST-Steel Oy\",\"url\":\"https:\/\/com.rst-steel.eu\/\",\"logo\":{\"@type\":\"ImageObject\",\"inLanguage\":\"nb-NO\",\"@id\":\"https:\/\/com.rst-steel.eu\/#\/schema\/logo\/image\/\",\"url\":\"https:\/\/com.rst-steel.eu\/wp-content\/uploads\/2023\/04\/cropped-Rst-logo-valkoinen-teksti-3.png\",\"contentUrl\":\"https:\/\/com.rst-steel.eu\/wp-content\/uploads\/2023\/04\/cropped-Rst-logo-valkoinen-teksti-3.png\",\"width\":512,\"height\":115,\"caption\":\"RST-Steel Oy\"},\"image\":{\"@id\":\"https:\/\/com.rst-steel.eu\/#\/schema\/logo\/image\/\"},\"sameAs\":[\"https:\/\/www.facebook.com\/rststeel\",\"https:\/\/www.instagram.com\/rststeeloy\/\"]}]}<\/script>\n<!-- \/ Yoast SEO plugin. -->","yoast_head_json":{"title":"Roof Bar Visor V84 Scania Nextgen - Normal - RST-Steel","description":"High-quality Visor V84 model roof bar for Scania NextGen models with a Normal cab. Made from stainless steel, guaranteeing long service life!","robots":{"index":"index","follow":"follow","max-snippet":"max-snippet:-1","max-image-preview":"max-image-preview:large","max-video-preview":"max-video-preview:-1"},"canonical":"https:\/\/com.rst-steel.eu\/nb\/produkt\/roof-bar-visor-v84-scania-nextgen-normal_prm_78199\/","og_locale":"nb_NO","og_type":"article","og_title":"Roof Bar Visor V84 Scania Nextgen - Normal - RST-Steel","og_description":"High-quality Visor V84 model roof bar for Scania NextGen models with a Normal cab. Made from stainless steel, guaranteeing long service life!","og_url":"https:\/\/com.rst-steel.eu\/nb\/produkt\/roof-bar-visor-v84-scania-nextgen-normal_prm_78199\/","og_site_name":"RST-Steel","article_publisher":"https:\/\/www.facebook.com\/rststeel","article_modified_time":"2026-03-16T06:20:20+00:00","og_image":[{"width":1152,"height":896,"url":"https:\/\/com.rst-steel.eu\/wp-content\/uploads\/2025\/12\/74a7580978440c394e936661b52cb093eb7bbaf4_SC2184B_web.jpg","type":"image\/jpeg"}],"twitter_card":"summary_large_image","twitter_misc":{"Ansl. lesetid":"2 minutter"},"schema":{"@context":"https:\/\/schema.org","@graph":[{"@type":"WebPage","@id":"https:\/\/com.rst-steel.eu\/nb\/produkt\/roof-bar-visor-v84-scania-nextgen-normal_prm_78199\/","url":"https:\/\/com.rst-steel.eu\/nb\/produkt\/roof-bar-visor-v84-scania-nextgen-normal_prm_78199\/","name":"Roof Bar Visor V84 Scania Nextgen - Normal - RST-Steel","isPartOf":{"@id":"https:\/\/com.rst-steel.eu\/#website"},"primaryImageOfPage":{"@id":"https:\/\/com.rst-steel.eu\/nb\/produkt\/roof-bar-visor-v84-scania-nextgen-normal_prm_78199\/#primaryimage"},"image":{"@id":"https:\/\/com.rst-steel.eu\/nb\/produkt\/roof-bar-visor-v84-scania-nextgen-normal_prm_78199\/#primaryimage"},"thumbnailUrl":"https:\/\/com.rst-steel.eu\/wp-content\/uploads\/2025\/12\/74a7580978440c394e936661b52cb093eb7bbaf4_SC2184B_web.jpg","datePublished":"2025-12-04T11:21:55+00:00","dateModified":"2026-03-16T06:20:20+00:00","description":"High-quality Visor V84 model roof bar for Scania NextGen models with a Normal cab. Made from stainless steel, guaranteeing long service life!","breadcrumb":{"@id":"https:\/\/com.rst-steel.eu\/nb\/produkt\/roof-bar-visor-v84-scania-nextgen-normal_prm_78199\/#breadcrumb"},"inLanguage":"nb-NO","potentialAction":[{"@type":"ReadAction","target":["https:\/\/com.rst-steel.eu\/nb\/produkt\/roof-bar-visor-v84-scania-nextgen-normal_prm_78199\/"]}]},{"@type":"ImageObject","inLanguage":"nb-NO","@id":"https:\/\/com.rst-steel.eu\/nb\/produkt\/roof-bar-visor-v84-scania-nextgen-normal_prm_78199\/#primaryimage","url":"https:\/\/com.rst-steel.eu\/wp-content\/uploads\/2025\/12\/74a7580978440c394e936661b52cb093eb7bbaf4_SC2184B_web.jpg","contentUrl":"https:\/\/com.rst-steel.eu\/wp-content\/uploads\/2025\/12\/74a7580978440c394e936661b52cb093eb7bbaf4_SC2184B_web.jpg","width":1152,"height":896,"caption":"Roof Bar Visor V84 Scania Nextgen - Normal"},{"@type":"BreadcrumbList","@id":"https:\/\/com.rst-steel.eu\/nb\/produkt\/roof-bar-visor-v84-scania-nextgen-normal_prm_78199\/#breadcrumb","itemListElement":[{"@type":"ListItem","position":1,"name":"Home","item":"https:\/\/com.rst-steel.eu\/"},{"@type":"ListItem","position":2,"name":"RST-Steel Shop","item":"https:\/\/com.rst-steel.eu\/shop\/"},{"@type":"ListItem","position":3,"name":"Roof Bar Visor V84 Scania Nextgen &#8211; Normal"}]},{"@type":"WebSite","@id":"https:\/\/com.rst-steel.eu\/#website","url":"https:\/\/com.rst-steel.eu\/","name":"RST-Steel.com","description":"Finsk kvalitetsst\u00e5l, for kvalitetsbevisste sj\u00e5f\u00f8rer","publisher":{"@id":"https:\/\/com.rst-steel.eu\/#organization"},"alternateName":"Safe and stylish RST-Steel quality","potentialAction":[{"@type":"SearchAction","target":{"@type":"EntryPoint","urlTemplate":"https:\/\/com.rst-steel.eu\/?s={search_term_string}"},"query-input":{"@type":"PropertyValueSpecification","valueRequired":true,"valueName":"search_term_string"}}],"inLanguage":"nb-NO"},{"@type":"Organization","@id":"https:\/\/com.rst-steel.eu\/#organization","name":"RST-Steel Oy","url":"https:\/\/com.rst-steel.eu\/","logo":{"@type":"ImageObject","inLanguage":"nb-NO","@id":"https:\/\/com.rst-steel.eu\/#\/schema\/logo\/image\/","url":"https:\/\/com.rst-steel.eu\/wp-content\/uploads\/2023\/04\/cropped-Rst-logo-valkoinen-teksti-3.png","contentUrl":"https:\/\/com.rst-steel.eu\/wp-content\/uploads\/2023\/04\/cropped-Rst-logo-valkoinen-teksti-3.png","width":512,"height":115,"caption":"RST-Steel Oy"},"image":{"@id":"https:\/\/com.rst-steel.eu\/#\/schema\/logo\/image\/"},"sameAs":["https:\/\/www.facebook.com\/rststeel","https:\/\/www.instagram.com\/rststeeloy\/"]}]}},"brands":[{"id":8334,"name":"RST-Steel","slug":"brand_rststeel"}],"_links":{"self":[{"href":"https:\/\/com.rst-steel.eu\/nb\/wp-json\/wp\/v2\/product\/120018","targetHints":{"allow":["GET"]}}],"collection":[{"href":"https:\/\/com.rst-steel.eu\/nb\/wp-json\/wp\/v2\/product"}],"about":[{"href":"https:\/\/com.rst-steel.eu\/nb\/wp-json\/wp\/v2\/types\/product"}],"replies":[{"embeddable":true,"href":"https:\/\/com.rst-steel.eu\/nb\/wp-json\/wp\/v2\/comments?post=120018"}],"version-history":[{"count":0,"href":"https:\/\/com.rst-steel.eu\/nb\/wp-json\/wp\/v2\/product\/120018\/revisions"}],"wp:featuredmedia":[{"embeddable":true,"href":"https:\/\/com.rst-steel.eu\/nb\/wp-json\/wp\/v2\/media\/120017"}],"wp:attachment":[{"href":"https:\/\/com.rst-steel.eu\/nb\/wp-json\/wp\/v2\/media?parent=120018"}],"wp:term":[{"taxonomy":"make_fuel_type","embeddable":true,"href":"https:\/\/com.rst-steel.eu\/nb\/wp-json\/wp\/v2\/make_fuel_type?post=120018"},{"taxonomy":"make_model","embeddable":true,"href":"https:\/\/com.rst-steel.eu\/nb\/wp-json\/wp\/v2\/make_model?post=120018"},{"taxonomy":"make_brand","embeddable":true,"href":"https:\/\/com.rst-steel.eu\/nb\/wp-json\/wp\/v2\/make_brand?post=120018"},{"taxonomy":"make_year","embeddable":true,"href":"https:\/\/com.rst-steel.eu\/nb\/wp-json\/wp\/v2\/make_year?post=120018"},{"taxonomy":"pwb-brand","embeddable":true,"href":"https:\/\/com.rst-steel.eu\/nb\/wp-json\/wp\/v2\/pwb-brand?post=120018"},{"taxonomy":"product_brand","embeddable":true,"href":"https:\/\/com.rst-steel.eu\/nb\/wp-json\/wp\/v2\/product_brand?post=120018"},{"taxonomy":"product_cat","embeddable":true,"href":"https:\/\/com.rst-steel.eu\/nb\/wp-json\/wp\/v2\/product_cat?post=120018"},{"taxonomy":"product_tag","embeddable":true,"href":"https:\/\/com.rst-steel.eu\/nb\/wp-json\/wp\/v2\/product_tag?post=120018"}],"curies":[{"name":"wp","href":"https:\/\/api.w.org\/{rel}","templated":true}]}}