{"id":119060,"date":"2025-09-24T13:22:09","date_gmt":"2025-09-24T10:22:09","guid":{"rendered":"https:\/\/rst-steel.com\/product\/lazer-grille-kit-ford-ranger-wildtrak-2023-triple-r-750_prm_77979\/"},"modified":"2026-03-16T09:20:11","modified_gmt":"2026-03-16T06:20:11","slug":"lazer-grille-kit-ford-ranger-wildtrak-2023-triple-r-750_prm_77979","status":"publish","type":"product","link":"https:\/\/com.rst-steel.eu\/nb\/produkt\/lazer-grille-kit-ford-ranger-wildtrak-2023-triple-r-750_prm_77979\/","title":{"rendered":"Lazer Grille Kit Ford Ranger Wildtrak 2023- Triple-R 750"},"content":{"rendered":"<p>Lazer Grille Kit Ford Ranger Wildtrak 2023- Triple-R 750<\/p>\n<ul>\n<li><\/li>\n<\/ul>\n<p>&nbsp;<\/p>\n<p>Lazer Grille Integration sett inkluderer skreddersydde monteringsbraketter som muliggj\u00f8r rask og enkel montering av Lazer High Performance LED-spotlights i frontgrillen p\u00e5 de mest popul\u00e6re landeveisbilene, pickup-bilene og lette nyttekj\u00f8ret\u00f8yer.<\/p>\n<p>&nbsp;<\/p>\n<p>Designet for \u00e5 blande seg s\u00f8ml\u00f8st i den originale stilen til hvert kj\u00f8ret\u00f8y, forblir det resulterende lysoppsettet fullt robust og sikkert, med ekstra beskyttelse mot tyveri.<\/p>\n<p>&nbsp;<\/p>\n<p>The Ranger Wildtrak kit, designed for 2023- vehicles onwards, includes a pair of Triple-R 750 High Performance LED driving lights, plus wiring kit, alongside 4x brackets precision-engineered to engage perfectly with the standard centre grille on the vehicle.<\/p>\n<ul>\n<li><\/li>\n<\/ul>\n<p>&nbsp;<\/p>\n<p><span style=\"font-weight: bold;\">Produktegenskaper:<\/span><\/p>\n<ul>\n<li>Custom fit for Ford Ranger Wildtrak 2023- models<\/li>\n<li>Designet for bruk med Triple-R 750 High Performance LED-spotlights<\/li>\n<li>Lagt til mulighet for hvit eller gul posisjon\/sidelysfunksjon (kun standardmodell)<\/li>\n<li>Settet inkluderer ogs\u00e5 skreddersydde monteringsbraketter og ledningssett med to lamper<\/li>\n<li>Braketter laget av h\u00f8yfast, UV-stabilt komposittmateriale<\/li>\n<li>Installasjon fullf\u00f8rt med gitter igjen p\u00e5 plass p\u00e5 kj\u00f8ret\u00f8yet<\/li>\n<li>Fullt veilovlig<\/li>\n<li>5 \u00e5rs garanti<\/li>\n<li><\/li>\n<\/ul>\n<p>&nbsp;<\/p>\n<p><span style=\"font-weight: bold;\">Technical Specifications: Elite \/ STD \/ Wide\/Beacon<\/span><\/p>\n<ul>\n<li>Spenningsomr\u00e5de: 10-32V<\/li>\n<li>Vekt: 3 kg<\/li>\n<li>Total luminous: 10136 Lm \/ 9240 Lm \/ 9240 Lm \/ 10800Lm<\/li>\n<li>Colour temperature: 5000K<\/li>\n<li>Power consumption: 104 W \/ 88 W \/ 88 W \/ 104 W<\/li>\n<li>Current draw: 7,2A \/ 6,2A \/ 6,2A \/ 7,4A<\/li>\n<li>High beam (E9 approval): ECE R112 \/ ECE R112 \/ ECE R149 \/ ECE R149<\/li>\n<li>Reference: 12,5 x 2 (E-mode) \/ 35 x 2 \/ 20 x 2 \/ 10 x 2<\/li>\n<li>Position light: No \/ Yes \/ No \/ Yes<\/li>\n<li><\/li>\n<\/ul>\n<p>&nbsp;<\/p>\n<p><span style=\"font-weight: bold;\">Fotometriske data:<\/span><\/p>\n<ul>\n<li>Horisontal \/ Vertical beam angle : 42\u00b0\/13\u00b0\u00a0 \/ 19\u00b0\/18\u00b0 \/ 40\u00b0\/20\u00b0 \/ 28\u00b0\/16\u00b0<\/li>\n<li>0,25 Lux: 1358m \/ 1225m \/ 829m \/ 1249m<\/li>\n<li>0,5 Lux: 960m \/ 866m \/ 587m \/ 883m<\/li>\n<li>1 Lux: 679m \/ 612m \/ 415m \/ 624m<\/li>\n<li>3 Lux: 392m \/ 354m \/ 239m \/ 361m<\/li>\n<li><\/li>\n<\/ul>\n<p>&nbsp;<\/p>\n<p><span style=\"font-weight: bold;\">Hva er inkludert?<\/span><\/p>\n<ul>\n<li>Monteringssett<\/li>\n<li>2x Triple-R 750 LED Lamps<\/li>\n<li>To ledningssett<\/li>\n<li>Installasjonsinstruksjoner<\/li>\n<\/ul>","protected":false},"excerpt":{"rendered":"<p><span style=\"font-weight: bold;\">With Triple-R 750 High Performance LED driving lights<\/span><\/p>","protected":false},"featured_media":119057,"comment_status":"open","ping_status":"closed","template":"","meta":{"_improvement_type_select":"improve_an_existing","_thumb_yes_seoaic":false,"_frame_yes_seoaic":false,"seoaic_generate_description":"","seoaic_improve_instructions_prompt":"","seoaic_rollback_content_improvement":"","seoaic_idea_thumbnail_generator":"","thumbnail_generated":false,"thumbnail_generate_prompt":"","seoaic_article_description":""},"make_fuel_type":[],"make_model":[7598],"make_brand":[7597],"make_year":[6686],"pwb-brand":[8332],"product_brand":[],"product_cat":[6195,6209,6212],"product_tag":[8498,6298],"class_list":{"0":"post-119060","1":"product","2":"type-product","3":"status-publish","4":"has-post-thumbnail","6":"make_model-ranger-2023","7":"make_brand-ford-pickup","8":"make_year-pickup-truck","9":"pwb-brand-brand_lazerlamps","10":"product_cat-lamps","11":"product_cat-auxiliary-lights","12":"product_cat-lazer-lamps-vehicle-specific-driving-light-kits","13":"product_tag-auxiliary-light","14":"product_tag-lazer-lamps","16":"first","17":"instock","18":"taxable","19":"shipping-taxable","20":"purchasable","21":"product-type-variable"},"yoast_head":"<!-- This site is optimized with the Yoast SEO plugin v25.7 - https:\/\/yoast.com\/wordpress\/plugins\/seo\/ -->\n<title>Lazer Grille Kit Ford Ranger Wildtrak 2023- Triple-R 750 - RST-Steel<\/title>\n<meta name=\"description\" content=\"Lazer Grille Kit for Ford Ranger Wildtrak 2023-. Triple-R 750 auxiliary lights seamlessly integrated for a sleek look and outstanding performance.\" \/>\n<meta name=\"robots\" content=\"index, follow, max-snippet:-1, max-image-preview:large, max-video-preview:-1\" \/>\n<link rel=\"canonical\" href=\"https:\/\/com.rst-steel.eu\/nb\/produkt\/lazer-grille-kit-ford-ranger-wildtrak-2023-triple-r-750_prm_77979\/\" \/>\n<meta property=\"og:locale\" content=\"nb_NO\" \/>\n<meta property=\"og:type\" content=\"article\" \/>\n<meta property=\"og:title\" content=\"Lazer Grille Kit Ford Ranger Wildtrak 2023- Triple-R 750 - RST-Steel\" \/>\n<meta property=\"og:description\" content=\"Lazer Grille Kit for Ford Ranger Wildtrak 2023-. Triple-R 750 auxiliary lights seamlessly integrated for a sleek look and outstanding performance.\" \/>\n<meta property=\"og:url\" content=\"https:\/\/com.rst-steel.eu\/nb\/produkt\/lazer-grille-kit-ford-ranger-wildtrak-2023-triple-r-750_prm_77979\/\" \/>\n<meta property=\"og:site_name\" content=\"RST-Steel\" \/>\n<meta property=\"article:publisher\" content=\"https:\/\/www.facebook.com\/rststeel\" \/>\n<meta property=\"article:modified_time\" content=\"2026-03-16T06:20:11+00:00\" \/>\n<meta property=\"og:image\" content=\"https:\/\/com.rst-steel.eu\/wp-content\/uploads\/2025\/09\/c8f984054741f1311c907304d86662278cf4f21b_GK_FR_12K.1.jpg\" \/>\n\t<meta property=\"og:image:width\" content=\"650\" \/>\n\t<meta property=\"og:image:height\" content=\"350\" \/>\n\t<meta property=\"og:image:type\" content=\"image\/jpeg\" \/>\n<meta name=\"twitter:card\" content=\"summary_large_image\" \/>\n<meta name=\"twitter:label1\" content=\"Ansl. lesetid\" \/>\n\t<meta name=\"twitter:data1\" content=\"2 minutter\" \/>\n<script type=\"application\/ld+json\" class=\"yoast-schema-graph\">{\"@context\":\"https:\/\/schema.org\",\"@graph\":[{\"@type\":\"WebPage\",\"@id\":\"https:\/\/com.rst-steel.eu\/product\/lazer-grille-kit-ford-ranger-wildtrak-2023-triple-r-750_prm_77979\/\",\"url\":\"https:\/\/com.rst-steel.eu\/product\/lazer-grille-kit-ford-ranger-wildtrak-2023-triple-r-750_prm_77979\/\",\"name\":\"Lazer Grille Kit Ford Ranger Wildtrak 2023- Triple-R 750 - RST-Steel\",\"isPartOf\":{\"@id\":\"https:\/\/com.rst-steel.eu\/#website\"},\"primaryImageOfPage\":{\"@id\":\"https:\/\/com.rst-steel.eu\/product\/lazer-grille-kit-ford-ranger-wildtrak-2023-triple-r-750_prm_77979\/#primaryimage\"},\"image\":{\"@id\":\"https:\/\/com.rst-steel.eu\/product\/lazer-grille-kit-ford-ranger-wildtrak-2023-triple-r-750_prm_77979\/#primaryimage\"},\"thumbnailUrl\":\"https:\/\/com.rst-steel.eu\/wp-content\/uploads\/2025\/09\/c8f984054741f1311c907304d86662278cf4f21b_GK_FR_12K.1.jpg\",\"datePublished\":\"2025-09-24T10:22:09+00:00\",\"dateModified\":\"2026-03-16T06:20:11+00:00\",\"description\":\"Lazer Grille Kit for Ford Ranger Wildtrak 2023-. Triple-R 750 auxiliary lights seamlessly integrated for a sleek look and outstanding performance.\",\"breadcrumb\":{\"@id\":\"https:\/\/com.rst-steel.eu\/product\/lazer-grille-kit-ford-ranger-wildtrak-2023-triple-r-750_prm_77979\/#breadcrumb\"},\"inLanguage\":\"nb-NO\",\"potentialAction\":[{\"@type\":\"ReadAction\",\"target\":[\"https:\/\/com.rst-steel.eu\/product\/lazer-grille-kit-ford-ranger-wildtrak-2023-triple-r-750_prm_77979\/\"]}]},{\"@type\":\"ImageObject\",\"inLanguage\":\"nb-NO\",\"@id\":\"https:\/\/com.rst-steel.eu\/product\/lazer-grille-kit-ford-ranger-wildtrak-2023-triple-r-750_prm_77979\/#primaryimage\",\"url\":\"https:\/\/com.rst-steel.eu\/wp-content\/uploads\/2025\/09\/c8f984054741f1311c907304d86662278cf4f21b_GK_FR_12K.1.jpg\",\"contentUrl\":\"https:\/\/com.rst-steel.eu\/wp-content\/uploads\/2025\/09\/c8f984054741f1311c907304d86662278cf4f21b_GK_FR_12K.1.jpg\",\"width\":650,\"height\":350},{\"@type\":\"BreadcrumbList\",\"@id\":\"https:\/\/com.rst-steel.eu\/product\/lazer-grille-kit-ford-ranger-wildtrak-2023-triple-r-750_prm_77979\/#breadcrumb\",\"itemListElement\":[{\"@type\":\"ListItem\",\"position\":1,\"name\":\"Home\",\"item\":\"https:\/\/com.rst-steel.eu\/\"},{\"@type\":\"ListItem\",\"position\":2,\"name\":\"RST-Steel Shop\",\"item\":\"https:\/\/com.rst-steel.eu\/shop\/\"},{\"@type\":\"ListItem\",\"position\":3,\"name\":\"Lazer Grille Kit Ford Ranger Wildtrak 2023- Triple-R 750\"}]},{\"@type\":\"WebSite\",\"@id\":\"https:\/\/com.rst-steel.eu\/#website\",\"url\":\"https:\/\/com.rst-steel.eu\/\",\"name\":\"RST-Steel.com\",\"description\":\"Finnish quality steel, for quality-conscious drivers\",\"publisher\":{\"@id\":\"https:\/\/com.rst-steel.eu\/#organization\"},\"alternateName\":\"Safe and stylish RST-Steel quality\",\"potentialAction\":[{\"@type\":\"SearchAction\",\"target\":{\"@type\":\"EntryPoint\",\"urlTemplate\":\"https:\/\/com.rst-steel.eu\/?s={search_term_string}\"},\"query-input\":{\"@type\":\"PropertyValueSpecification\",\"valueRequired\":true,\"valueName\":\"search_term_string\"}}],\"inLanguage\":\"nb-NO\"},{\"@type\":\"Organization\",\"@id\":\"https:\/\/com.rst-steel.eu\/#organization\",\"name\":\"RST-Steel Oy\",\"url\":\"https:\/\/com.rst-steel.eu\/\",\"logo\":{\"@type\":\"ImageObject\",\"inLanguage\":\"nb-NO\",\"@id\":\"https:\/\/com.rst-steel.eu\/#\/schema\/logo\/image\/\",\"url\":\"https:\/\/com.rst-steel.eu\/wp-content\/uploads\/2023\/04\/cropped-Rst-logo-valkoinen-teksti-3.png\",\"contentUrl\":\"https:\/\/com.rst-steel.eu\/wp-content\/uploads\/2023\/04\/cropped-Rst-logo-valkoinen-teksti-3.png\",\"width\":512,\"height\":115,\"caption\":\"RST-Steel Oy\"},\"image\":{\"@id\":\"https:\/\/com.rst-steel.eu\/#\/schema\/logo\/image\/\"},\"sameAs\":[\"https:\/\/www.facebook.com\/rststeel\",\"https:\/\/www.instagram.com\/rststeeloy\/\"]}]}<\/script>\n<!-- \/ Yoast SEO plugin. -->","yoast_head_json":{"title":"Lazer Grille Kit Ford Ranger Wildtrak 2023- Triple-R 750 - RST-Steel","description":"Lazer Grille Kit for Ford Ranger Wildtrak 2023-. Triple-R 750 auxiliary lights seamlessly integrated for a sleek look and outstanding performance.","robots":{"index":"index","follow":"follow","max-snippet":"max-snippet:-1","max-image-preview":"max-image-preview:large","max-video-preview":"max-video-preview:-1"},"canonical":"https:\/\/com.rst-steel.eu\/nb\/produkt\/lazer-grille-kit-ford-ranger-wildtrak-2023-triple-r-750_prm_77979\/","og_locale":"nb_NO","og_type":"article","og_title":"Lazer Grille Kit Ford Ranger Wildtrak 2023- Triple-R 750 - RST-Steel","og_description":"Lazer Grille Kit for Ford Ranger Wildtrak 2023-. Triple-R 750 auxiliary lights seamlessly integrated for a sleek look and outstanding performance.","og_url":"https:\/\/com.rst-steel.eu\/nb\/produkt\/lazer-grille-kit-ford-ranger-wildtrak-2023-triple-r-750_prm_77979\/","og_site_name":"RST-Steel","article_publisher":"https:\/\/www.facebook.com\/rststeel","article_modified_time":"2026-03-16T06:20:11+00:00","og_image":[{"width":650,"height":350,"url":"https:\/\/com.rst-steel.eu\/wp-content\/uploads\/2025\/09\/c8f984054741f1311c907304d86662278cf4f21b_GK_FR_12K.1.jpg","type":"image\/jpeg"}],"twitter_card":"summary_large_image","twitter_misc":{"Ansl. lesetid":"2 minutter"},"schema":{"@context":"https:\/\/schema.org","@graph":[{"@type":"WebPage","@id":"https:\/\/com.rst-steel.eu\/product\/lazer-grille-kit-ford-ranger-wildtrak-2023-triple-r-750_prm_77979\/","url":"https:\/\/com.rst-steel.eu\/product\/lazer-grille-kit-ford-ranger-wildtrak-2023-triple-r-750_prm_77979\/","name":"Lazer Grille Kit Ford Ranger Wildtrak 2023- Triple-R 750 - RST-Steel","isPartOf":{"@id":"https:\/\/com.rst-steel.eu\/#website"},"primaryImageOfPage":{"@id":"https:\/\/com.rst-steel.eu\/product\/lazer-grille-kit-ford-ranger-wildtrak-2023-triple-r-750_prm_77979\/#primaryimage"},"image":{"@id":"https:\/\/com.rst-steel.eu\/product\/lazer-grille-kit-ford-ranger-wildtrak-2023-triple-r-750_prm_77979\/#primaryimage"},"thumbnailUrl":"https:\/\/com.rst-steel.eu\/wp-content\/uploads\/2025\/09\/c8f984054741f1311c907304d86662278cf4f21b_GK_FR_12K.1.jpg","datePublished":"2025-09-24T10:22:09+00:00","dateModified":"2026-03-16T06:20:11+00:00","description":"Lazer Grille Kit for Ford Ranger Wildtrak 2023-. Triple-R 750 auxiliary lights seamlessly integrated for a sleek look and outstanding performance.","breadcrumb":{"@id":"https:\/\/com.rst-steel.eu\/product\/lazer-grille-kit-ford-ranger-wildtrak-2023-triple-r-750_prm_77979\/#breadcrumb"},"inLanguage":"nb-NO","potentialAction":[{"@type":"ReadAction","target":["https:\/\/com.rst-steel.eu\/product\/lazer-grille-kit-ford-ranger-wildtrak-2023-triple-r-750_prm_77979\/"]}]},{"@type":"ImageObject","inLanguage":"nb-NO","@id":"https:\/\/com.rst-steel.eu\/product\/lazer-grille-kit-ford-ranger-wildtrak-2023-triple-r-750_prm_77979\/#primaryimage","url":"https:\/\/com.rst-steel.eu\/wp-content\/uploads\/2025\/09\/c8f984054741f1311c907304d86662278cf4f21b_GK_FR_12K.1.jpg","contentUrl":"https:\/\/com.rst-steel.eu\/wp-content\/uploads\/2025\/09\/c8f984054741f1311c907304d86662278cf4f21b_GK_FR_12K.1.jpg","width":650,"height":350},{"@type":"BreadcrumbList","@id":"https:\/\/com.rst-steel.eu\/product\/lazer-grille-kit-ford-ranger-wildtrak-2023-triple-r-750_prm_77979\/#breadcrumb","itemListElement":[{"@type":"ListItem","position":1,"name":"Home","item":"https:\/\/com.rst-steel.eu\/"},{"@type":"ListItem","position":2,"name":"RST-Steel Shop","item":"https:\/\/com.rst-steel.eu\/shop\/"},{"@type":"ListItem","position":3,"name":"Lazer Grille Kit Ford Ranger Wildtrak 2023- Triple-R 750"}]},{"@type":"WebSite","@id":"https:\/\/com.rst-steel.eu\/#website","url":"https:\/\/com.rst-steel.eu\/","name":"RST-Steel.com","description":"Finsk kvalitetsst\u00e5l, for kvalitetsbevisste sj\u00e5f\u00f8rer","publisher":{"@id":"https:\/\/com.rst-steel.eu\/#organization"},"alternateName":"Safe and stylish RST-Steel quality","potentialAction":[{"@type":"SearchAction","target":{"@type":"EntryPoint","urlTemplate":"https:\/\/com.rst-steel.eu\/?s={search_term_string}"},"query-input":{"@type":"PropertyValueSpecification","valueRequired":true,"valueName":"search_term_string"}}],"inLanguage":"nb-NO"},{"@type":"Organization","@id":"https:\/\/com.rst-steel.eu\/#organization","name":"RST-Steel Oy","url":"https:\/\/com.rst-steel.eu\/","logo":{"@type":"ImageObject","inLanguage":"nb-NO","@id":"https:\/\/com.rst-steel.eu\/#\/schema\/logo\/image\/","url":"https:\/\/com.rst-steel.eu\/wp-content\/uploads\/2023\/04\/cropped-Rst-logo-valkoinen-teksti-3.png","contentUrl":"https:\/\/com.rst-steel.eu\/wp-content\/uploads\/2023\/04\/cropped-Rst-logo-valkoinen-teksti-3.png","width":512,"height":115,"caption":"RST-Steel Oy"},"image":{"@id":"https:\/\/com.rst-steel.eu\/#\/schema\/logo\/image\/"},"sameAs":["https:\/\/www.facebook.com\/rststeel","https:\/\/www.instagram.com\/rststeeloy\/"]}]}},"brands":[{"id":8332,"name":"Lazer Lamps","slug":"brand_lazerlamps"}],"_links":{"self":[{"href":"https:\/\/com.rst-steel.eu\/nb\/wp-json\/wp\/v2\/product\/119060","targetHints":{"allow":["GET"]}}],"collection":[{"href":"https:\/\/com.rst-steel.eu\/nb\/wp-json\/wp\/v2\/product"}],"about":[{"href":"https:\/\/com.rst-steel.eu\/nb\/wp-json\/wp\/v2\/types\/product"}],"replies":[{"embeddable":true,"href":"https:\/\/com.rst-steel.eu\/nb\/wp-json\/wp\/v2\/comments?post=119060"}],"version-history":[{"count":0,"href":"https:\/\/com.rst-steel.eu\/nb\/wp-json\/wp\/v2\/product\/119060\/revisions"}],"wp:featuredmedia":[{"embeddable":true,"href":"https:\/\/com.rst-steel.eu\/nb\/wp-json\/wp\/v2\/media\/119057"}],"wp:attachment":[{"href":"https:\/\/com.rst-steel.eu\/nb\/wp-json\/wp\/v2\/media?parent=119060"}],"wp:term":[{"taxonomy":"make_fuel_type","embeddable":true,"href":"https:\/\/com.rst-steel.eu\/nb\/wp-json\/wp\/v2\/make_fuel_type?post=119060"},{"taxonomy":"make_model","embeddable":true,"href":"https:\/\/com.rst-steel.eu\/nb\/wp-json\/wp\/v2\/make_model?post=119060"},{"taxonomy":"make_brand","embeddable":true,"href":"https:\/\/com.rst-steel.eu\/nb\/wp-json\/wp\/v2\/make_brand?post=119060"},{"taxonomy":"make_year","embeddable":true,"href":"https:\/\/com.rst-steel.eu\/nb\/wp-json\/wp\/v2\/make_year?post=119060"},{"taxonomy":"pwb-brand","embeddable":true,"href":"https:\/\/com.rst-steel.eu\/nb\/wp-json\/wp\/v2\/pwb-brand?post=119060"},{"taxonomy":"product_brand","embeddable":true,"href":"https:\/\/com.rst-steel.eu\/nb\/wp-json\/wp\/v2\/product_brand?post=119060"},{"taxonomy":"product_cat","embeddable":true,"href":"https:\/\/com.rst-steel.eu\/nb\/wp-json\/wp\/v2\/product_cat?post=119060"},{"taxonomy":"product_tag","embeddable":true,"href":"https:\/\/com.rst-steel.eu\/nb\/wp-json\/wp\/v2\/product_tag?post=119060"}],"curies":[{"name":"wp","href":"https:\/\/api.w.org\/{rel}","templated":true}]}}