{"id":13,"date":"2025-08-20T12:44:37","date_gmt":"2025-08-20T09:44:37","guid":{"rendered":"https:\/\/rst-steel.fi-c.seravo.com\/?page_id=13"},"modified":"2025-08-20T12:56:23","modified_gmt":"2025-08-20T09:56:23","slug":"terms-and-conditions","status":"publish","type":"page","link":"https:\/\/com.rst-steel.eu\/nb\/terms-and-conditions\/","title":{"rendered":"Vilk\u00e5r og betingelser"},"content":{"rendered":"<div data-elementor-type=\"wp-page\" data-elementor-id=\"13\" class=\"elementor elementor-13\" data-elementor-post-type=\"page\">\n\t\t\t\t\t\t<section class=\"elementor-section elementor-top-section elementor-element elementor-element-47e30417 elementor-section-boxed elementor-section-height-default elementor-section-height-default\" data-id=\"47e30417\" data-element_type=\"section\" data-e-type=\"section\">\n\t\t\t\t\t\t<div class=\"elementor-container elementor-column-gap-default\">\n\t\t\t\t\t<div class=\"elementor-column elementor-col-100 elementor-top-column elementor-element elementor-element-47710eda\" data-id=\"47710eda\" data-element_type=\"column\" data-e-type=\"column\">\n\t\t\t<div class=\"elementor-widget-wrap elementor-element-populated\">\n\t\t\t\t\t\t<div class=\"elementor-element elementor-element-638c3146 elementor-widget elementor-widget-text-editor\" data-id=\"638c3146\" data-element_type=\"widget\" data-e-type=\"widget\" data-widget_type=\"text-editor.default\">\n\t\t\t\t<div class=\"elementor-widget-container\">\n\t\t\t\t\t\t\t\t\t\n<p><\/p>\n\n\n\n<p><\/p>\n\t\t\t\t\t\t\t\t<\/div>\n\t\t\t\t<\/div>\n\t\t\t\t\t<\/div>\n\t\t<\/div>\n\t\t\t\t\t<\/div>\n\t\t<\/section>\n\t\t\t\t<section class=\"elementor-section elementor-top-section elementor-element elementor-element-c3fbb06 elementor-section-boxed elementor-section-height-default elementor-section-height-default\" data-id=\"c3fbb06\" data-element_type=\"section\" data-e-type=\"section\">\n\t\t\t\t\t\t<div class=\"elementor-container elementor-column-gap-default\">\n\t\t\t\t\t<div class=\"elementor-column elementor-col-100 elementor-top-column elementor-element elementor-element-5434565\" data-id=\"5434565\" data-element_type=\"column\" data-e-type=\"column\">\n\t\t\t<div class=\"elementor-widget-wrap elementor-element-populated\">\n\t\t\t\t\t\t<div class=\"elementor-element elementor-element-a43e877 elementor-widget elementor-widget-woocommerce-breadcrumb\" data-id=\"a43e877\" data-element_type=\"widget\" data-e-type=\"widget\" data-widget_type=\"woocommerce-breadcrumb.default\">\n\t\t\t\t<div class=\"elementor-widget-container\">\n\t\t\t\t\t<section class=\"brator-breadcrumb-area\"><div class=\"container-xxxl container-xxl container\"><div class=\"row\"><div class=\"col-lg-12\"><div class=\"brator-breadcrumb\"><ul><li>Hjem<\/li><\/ul><\/div><\/div><\/div><\/div><\/section>\t\t\t\t<\/div>\n\t\t\t\t<\/div>\n\t\t\t\t\t<\/div>\n\t\t<\/div>\n\t\t\t\t\t<\/div>\n\t\t<\/section>\n\t\t\t\t<section class=\"elementor-section elementor-top-section elementor-element elementor-element-7fa5634 elementor-section-boxed elementor-section-height-default elementor-section-height-default\" data-id=\"7fa5634\" data-element_type=\"section\" data-e-type=\"section\">\n\t\t\t\t\t\t<div class=\"elementor-container elementor-column-gap-default\">\n\t\t\t\t\t<div class=\"elementor-column elementor-col-100 elementor-top-column elementor-element elementor-element-f2a24c5\" data-id=\"f2a24c5\" data-element_type=\"column\" data-e-type=\"column\">\n\t\t\t<div class=\"elementor-widget-wrap elementor-element-populated\">\n\t\t\t\t\t\t<div class=\"elementor-element elementor-element-c4e9022 elementor-widget elementor-widget-text-editor\" data-id=\"c4e9022\" data-element_type=\"widget\" data-e-type=\"widget\" data-widget_type=\"text-editor.default\">\n\t\t\t\t<div class=\"elementor-widget-container\">\n\t\t\t\t\t\t\t\t\t<h2>Vilk\u00e5r og betingelser<\/h2>\n<ul>\n<li>\u00a0<\/li>\n<\/ul>\n<p class=\"wp-block-heading\">By placing an order, you consent to the use of your personal data. Please see our privacy policy under the \u201cPrivacy Policy\u201d tab.<\/p>\n<ul>\n<li>\u00a0<\/li>\n<\/ul>\n<p data-start=\"296\" data-end=\"326\"><strong data-start=\"296\" data-end=\"324\">Delivery terms in brief:<\/strong><\/p>\n<ol data-start=\"327\" data-end=\"1366\">\n<li data-start=\"327\" data-end=\"419\">\n<p data-start=\"330\" data-end=\"419\">All prices in the online store include the applicable VAT (except for wholesale store).<\/p>\n<\/li>\n<li data-start=\"420\" data-end=\"528\">\n<p data-start=\"423\" data-end=\"528\">Our products have a 14-day return policy. Returned products must be unused and in resaleable condition.<\/p>\n<\/li>\n<li data-start=\"529\" data-end=\"901\">\n<p data-start=\"532\" data-end=\"901\">We process orders on weekdays within 1\u20134 business days of receipt. Orders received over the weekend are processed on Monday. If an ordered product is temporarily out of stock, the customer will be notified promptly. Once products are shipped, you will receive a tracking number via email, or if store pickup was selected, we will notify you when the product is ready.<\/p>\n<\/li>\n<li data-start=\"902\" data-end=\"1032\">\n<p data-start=\"905\" data-end=\"1032\">If the customer receives an incorrect or defective product, they must contact customer service immediately by email or phone.<\/p>\n<\/li>\n<li data-start=\"1033\" data-end=\"1366\">\n<p data-start=\"1036\" data-end=\"1366\">We are not responsible if delivery is prevented, delayed, or hindered due to circumstances beyond our control, such as war, natural disasters, export\/import restrictions, governmental decisions, public transport disruptions, strikes, force majeure events, or other similar situations affecting RST-Steel online store operations.<\/p>\n<\/li>\n<\/ol>\n<p>\u00a0<\/p>\n<p><!-- \/wp:paragraph --><!-- wp:paragraph --><\/p>\n<p><strong>Detailed Delivery Terms:<\/strong><\/p>\n<ul>\n<li>\u00a0<\/li>\n<\/ul>\n<p><strong>Delivery and shipping: <\/strong><\/p>\n<p>We currently deliver to the following countries: Sweden, Norway, Denmark, Germany, Netherlands, Iceland.<\/p>\n<p>Orders will be delivered straight to the customer using international carriers. Delivery cost depends on the delivery address. Applied delivery cost and method will be mentioned in Shopping cart before proceeding the payment. We use DHL and Postnord deliver packages across Europe and Norway.<\/p>\n<p data-start=\"1841\" data-end=\"1868\"><em data-start=\"1841\" data-end=\"1866\">Delivery with Postnord:<\/em><\/p>\n<div class=\"_tableContainer_1rjym_1\">\n<div class=\"_tableWrapper_1rjym_13 group flex w-fit flex-col-reverse\" tabindex=\"-1\">\n<table class=\"w-fit min-w-(--thread-content-width)\" style=\"height: 137px;\" width=\"256\" data-start=\"1869\" data-end=\"1976\">\n<thead data-start=\"1869\" data-end=\"1889\">\n<tr data-start=\"1869\" data-end=\"1889\">\n<th data-start=\"1869\" data-end=\"1878\" data-col-size=\"sm\">Option<\/th>\n<th data-start=\"1878\" data-end=\"1889\" data-col-size=\"sm\">Pris<\/th>\n<\/tr>\n<\/thead>\n<tbody data-start=\"1911\" data-end=\"1976\">\n<tr data-start=\"1911\" data-end=\"1943\">\n<td data-start=\"1911\" data-end=\"1932\" data-col-size=\"sm\">Parcel Locker (EU)<\/td>\n<td data-col-size=\"sm\" data-start=\"1932\" data-end=\"1943\">12.9\u20ac<\/td>\n<\/tr>\n<tr data-start=\"1944\" data-end=\"1976\">\n<td data-start=\"1944\" data-end=\"1965\" data-col-size=\"sm\">Service Point (EU)<\/td>\n<td data-col-size=\"sm\" data-start=\"1965\" data-end=\"1976\">12.9\u20ac<\/td>\n<\/tr>\n<\/tbody>\n<\/table>\n<\/div>\n<\/div>\n<p data-start=\"1978\" data-end=\"1990\"><em data-start=\"1978\" data-end=\"1988\">Freight:<\/em><\/p>\n<div class=\"_tableContainer_1rjym_1\">\n<div class=\"_tableWrapper_1rjym_13 group flex w-fit flex-col-reverse\" tabindex=\"-1\">\n<table class=\"w-fit min-w-(--thread-content-width)\" style=\"height: 112px;\" width=\"263\" data-start=\"1991\" data-end=\"2105\">\n<thead data-start=\"1991\" data-end=\"2011\">\n<tr data-start=\"1991\" data-end=\"2011\">\n<th data-start=\"1991\" data-end=\"2000\" data-col-size=\"sm\">Option<\/th>\n<th data-start=\"2000\" data-end=\"2011\" data-col-size=\"sm\">Pris<\/th>\n<\/tr>\n<\/thead>\n<tbody data-start=\"2033\" data-end=\"2105\">\n<tr data-start=\"2033\" data-end=\"2069\">\n<td data-start=\"2033\" data-end=\"2048\" data-col-size=\"sm\">Freight (NO)<\/td>\n<td data-col-size=\"sm\" data-start=\"2048\" data-end=\"2069\">50 \/ 145 \/ 200\u20ac<\/td>\n<\/tr>\n<tr data-start=\"2070\" data-end=\"2105\">\n<td data-start=\"2070\" data-end=\"2085\" data-col-size=\"sm\">Freight (EU)<\/td>\n<td data-col-size=\"sm\" data-start=\"2085\" data-end=\"2105\">20 \/ 90 \/ 225\u20ac<\/td>\n<\/tr>\n<\/tbody>\n<\/table>\n<\/div>\n<\/div>\n<p data-start=\"2107\" data-end=\"2132\">Order-specific freight:<\/p>\n<ul data-start=\"2133\" data-end=\"2259\">\n<li data-start=\"2133\" data-end=\"2190\">\n<p data-start=\"2135\" data-end=\"2190\">For large or heavy products, we use separate freight.<\/p>\n<\/li>\n<li data-start=\"2191\" data-end=\"2259\">\n<p data-start=\"2193\" data-end=\"2259\">We select the most suitable option through partners such as DHL.<\/p>\n<\/li>\n<li data-start=\"2191\" data-end=\"2259\">\u00a0<\/li>\n<\/ul>\n<p><strong data-start=\"2261\" data-end=\"2277\">Customs fees<\/strong><br data-start=\"2277\" data-end=\"2280\" \/>Norway and other non-EU countries: The customer is responsible for any customs and import fees, including duties, VAT, and other governmental charges.<\/p>\n<ul>\n<li>\u00a0<\/li>\n<\/ul>\n<p><strong>Delivery time:<\/strong><\/p>\n<p>We process our orders within 1 &#8211; 4 working days of receiving the order. The delivery time for the products in stock at the moment of placing the order is usually 5-10 working days.<\/p>\n<p>If the product, or some of the products are out of stock at the moment of ordering, in principle we wait until all products arrive in our stock and ship them all together at the same delivery. We inform the customer in such instances.<\/p>\n<ul>\n<li>\u00a0<\/li>\n<\/ul>\n<p><strong>Payment Methods: <\/strong><\/p>\n<p>Products and their shipping costs will be paid with the order. In the online store, you can use the following payment methods: PayPal, Stripe Credit Card and Klarna Payments.<\/p>\n<ul>\n<li>\u00a0<\/li>\n<\/ul>\n<p><strong>Return and Exchange Policy: <\/strong><\/p>\n<p data-start=\"3801\" data-end=\"4067\">All products (except gift cards and other intangible items) have a 14-day return policy. Returned products must be unused and unchanged, including the original packaging.<br data-start=\"4002\" data-end=\"4005\" \/>Please notify customer service in advance about your return.<\/p>\n<p data-start=\"4069\" data-end=\"4168\"><em data-start=\"4069\" data-end=\"4087\"><strong>Product returns<\/strong>:<\/em> Contact our customer service to receive instructions on returning the product.<\/p>\n<p data-start=\"4069\" data-end=\"4168\">\u00a0<\/p>\n<p data-start=\"4170\" data-end=\"4281\"><strong data-start=\"4170\" data-end=\"4179\">NOTE:<\/strong> We do not reimburse shipping costs for products returned without following the return instructions.<\/p>\n<p data-start=\"4283\" data-end=\"4626\">\u00a0<\/p>\n<ul>\n<li>\u00a0<\/li>\n<\/ul>\n<p><strong>Warranty: <\/strong><\/p>\n<p data-start=\"4283\" data-end=\"4626\">RST-Steel Oy complies with the Consumer Protection Act\u2019s liability for defects. In addition, we provide a 12-month warranty covering material and manufacturing defects (excluding halogen and incandescent bulbs). If the warranty period differs, it is stated on the product page. Warranty starts from the date on the receipt.<\/p>\n<p data-start=\"4628\" data-end=\"4792\">For warranty claims, the product, usually only the suspected defective component, is sent to us for inspection and is generally replaced if the warranty is valid.<\/p>\n<p data-start=\"4794\" data-end=\"5114\">The warranty does not cover misuse, customer modifications, installation errors, neglect of instructions, or damages caused by other incorrect actions. Warranty includes the defective component and shipping costs but does not cover installation costs. Warranty replacement does not extend the original warranty period.<\/p>\n<ul>\n<li>\u00a0<\/li>\n<\/ul>\n<p><strong>Liability for product damage<\/strong><\/p>\n<p>Once the goods are in the customer\u2019s possession, RST-Steel Oy is not liable for damage caused to: a) real or movable property, or b) products manufactured by the customer or containing customer-manufactured products.<br data-start=\"5370\" data-end=\"5373\" \/>RST-Steel Oy is not responsible for illegal use or installation of the product. We are also not liable for incorrect product information provided by manufacturers.<\/p>\n<ul>\n<li>\u00a0<\/li>\n<\/ul>\n<p><strong data-start=\"5540\" data-end=\"5576\">Use and installation of products<\/strong><\/p>\n<p>It is the customer\u2019s responsibility to verify product suitability and comply with applicable laws, regulations, and safety requirements. RST-Steel Oy is not responsible for personal or material damage caused by improper use or installation.<\/p>\n<ul>\n<li>\u00a0<\/li>\n<\/ul>\n<p><strong>Complaints<\/strong><\/p>\n<p data-start=\"5957\" data-end=\"6106\">All complaints regarding orders or delivery must be submitted to customer service within seven (7) days of receiving the order.<\/p>\n<ul>\n<li data-start=\"6108\" data-end=\"6426\">\u00a0<\/li>\n<\/ul>\n<p><strong>Order Cancellation: <\/strong><\/p>\n<p data-start=\"6108\" data-end=\"6426\">Customers may cancel orders if delivery has not occurred within a reasonable time. Cancellation must be communicated to customer service. We will notify customers by email or phone if delivery times differ from normal. RST-Steel Oy reserves the right to cancel orders and refund payments.<\/p>\n<ul>\n<li>\u00a0<\/li>\n<\/ul>\n<p><strong>Privacy:<\/strong><\/p>\n<p data-start=\"6428\" data-end=\"6780\">RST-Steel collects information about its customers and online store users to provide the best service experience. Customer data is used for secure service delivery, customer service quality, and online store development. RST-Steel Oy respects customer privacy and uses personal data only for purposes described in the privacy policy.<\/p>\n<ul>\n<li>\u00a0<\/li>\n<\/ul>\n<p><strong>Contact Information:<\/strong><\/p>\n<p><!-- \/wp:paragraph --><!-- wp:paragraph --><\/p>\n<p>RST-Steel Oy<\/p>\n<p>Savenvalajantie 4<\/p>\n<p>85500 Nivala, Finland<\/p>\n<p>Business ID: 1988768-4<\/p>\n<p><!-- \/wp:paragraph --><\/p>\t\t\t\t\t\t\t\t<\/div>\n\t\t\t\t<\/div>\n\t\t\t\t\t<\/div>\n\t\t<\/div>\n\t\t\t\t\t<\/div>\n\t\t<\/section>\n\t\t\t\t<\/div>","protected":false},"excerpt":{"rendered":"<p>Terms and conditions \u00a0 By placing an order, you consent to the use of your personal data. Please see our privacy policy under the \u201cPrivacy Policy\u201d tab. \u00a0 Delivery terms in brief: All prices in the online store include the applicable VAT (except for wholesale store). Our products have a 14-day return policy. Returned products [&hellip;]<\/p>","protected":false},"author":4,"featured_media":0,"parent":0,"menu_order":0,"comment_status":"closed","ping_status":"closed","template":"","meta":{"_improvement_type_select":"improve_an_existing","_thumb_yes_seoaic":false,"_frame_yes_seoaic":false,"seoaic_generate_description":"","seoaic_improve_instructions_prompt":"","seoaic_rollback_content_improvement":"","seoaic_idea_thumbnail_generator":"","thumbnail_generated":false,"thumbnail_generate_prompt":"","seoaic_article_description":"","footnotes":""},"class_list":["post-13","page","type-page","status-publish","hentry"],"yoast_head":"<!-- This site is optimized with the Yoast SEO plugin v25.7 - https:\/\/yoast.com\/wordpress\/plugins\/seo\/ -->\n<title>Terms and conditions - RST-Steel<\/title>\n<meta name=\"robots\" content=\"index, follow, max-snippet:-1, max-image-preview:large, max-video-preview:-1\" \/>\n<link rel=\"canonical\" href=\"https:\/\/com.rst-steel.eu\/nb\/terms-and-conditions\/\" \/>\n<meta property=\"og:locale\" content=\"nb_NO\" \/>\n<meta property=\"og:type\" content=\"article\" \/>\n<meta property=\"og:title\" content=\"Terms and conditions - RST-Steel\" \/>\n<meta property=\"og:description\" content=\"Terms and conditions \u00a0 By placing an order, you consent to the use of your personal data. Please see our privacy policy under the \u201cPrivacy Policy\u201d tab. \u00a0 Delivery terms in brief: All prices in the online store include the applicable VAT (except for wholesale store). Our products have a 14-day return policy. Returned products [&hellip;]\" \/>\n<meta property=\"og:url\" content=\"https:\/\/com.rst-steel.eu\/nb\/terms-and-conditions\/\" \/>\n<meta property=\"og:site_name\" content=\"RST-Steel\" \/>\n<meta property=\"article:publisher\" content=\"https:\/\/www.facebook.com\/rststeel\" \/>\n<meta property=\"article:modified_time\" content=\"2025-08-20T09:56:23+00:00\" \/>\n<meta name=\"twitter:card\" content=\"summary_large_image\" \/>\n<meta name=\"twitter:label1\" content=\"Ansl. lesetid\" \/>\n\t<meta name=\"twitter:data1\" content=\"4 minutter\" \/>\n<script type=\"application\/ld+json\" class=\"yoast-schema-graph\">{\"@context\":\"https:\/\/schema.org\",\"@graph\":[{\"@type\":\"WebPage\",\"@id\":\"https:\/\/com.rst-steel.eu\/terms-and-conditions\/\",\"url\":\"https:\/\/com.rst-steel.eu\/terms-and-conditions\/\",\"name\":\"Terms and conditions - RST-Steel\",\"isPartOf\":{\"@id\":\"https:\/\/com.rst-steel.eu\/#website\"},\"datePublished\":\"2025-08-20T09:44:37+00:00\",\"dateModified\":\"2025-08-20T09:56:23+00:00\",\"breadcrumb\":{\"@id\":\"https:\/\/com.rst-steel.eu\/terms-and-conditions\/#breadcrumb\"},\"inLanguage\":\"nb-NO\",\"potentialAction\":[{\"@type\":\"ReadAction\",\"target\":[\"https:\/\/com.rst-steel.eu\/terms-and-conditions\/\"]}]},{\"@type\":\"BreadcrumbList\",\"@id\":\"https:\/\/com.rst-steel.eu\/terms-and-conditions\/#breadcrumb\",\"itemListElement\":[{\"@type\":\"ListItem\",\"position\":1,\"name\":\"Home\",\"item\":\"https:\/\/com.rst-steel.eu\/\"},{\"@type\":\"ListItem\",\"position\":2,\"name\":\"Terms and conditions\"}]},{\"@type\":\"WebSite\",\"@id\":\"https:\/\/com.rst-steel.eu\/#website\",\"url\":\"https:\/\/com.rst-steel.eu\/\",\"name\":\"RST-Steel.com\",\"description\":\"Finnish quality steel, for quality-conscious drivers\",\"publisher\":{\"@id\":\"https:\/\/com.rst-steel.eu\/#organization\"},\"alternateName\":\"Safe and stylish RST-Steel quality\",\"potentialAction\":[{\"@type\":\"SearchAction\",\"target\":{\"@type\":\"EntryPoint\",\"urlTemplate\":\"https:\/\/com.rst-steel.eu\/?s={search_term_string}\"},\"query-input\":{\"@type\":\"PropertyValueSpecification\",\"valueRequired\":true,\"valueName\":\"search_term_string\"}}],\"inLanguage\":\"nb-NO\"},{\"@type\":\"Organization\",\"@id\":\"https:\/\/com.rst-steel.eu\/#organization\",\"name\":\"RST-Steel Oy\",\"url\":\"https:\/\/com.rst-steel.eu\/\",\"logo\":{\"@type\":\"ImageObject\",\"inLanguage\":\"nb-NO\",\"@id\":\"https:\/\/com.rst-steel.eu\/#\/schema\/logo\/image\/\",\"url\":\"https:\/\/com.rst-steel.eu\/wp-content\/uploads\/2023\/04\/cropped-Rst-logo-valkoinen-teksti-3.png\",\"contentUrl\":\"https:\/\/com.rst-steel.eu\/wp-content\/uploads\/2023\/04\/cropped-Rst-logo-valkoinen-teksti-3.png\",\"width\":512,\"height\":115,\"caption\":\"RST-Steel Oy\"},\"image\":{\"@id\":\"https:\/\/com.rst-steel.eu\/#\/schema\/logo\/image\/\"},\"sameAs\":[\"https:\/\/www.facebook.com\/rststeel\",\"https:\/\/www.instagram.com\/rststeeloy\/\"]}]}<\/script>\n<!-- \/ Yoast SEO plugin. -->","yoast_head_json":{"title":"Terms and conditions - RST-Steel","robots":{"index":"index","follow":"follow","max-snippet":"max-snippet:-1","max-image-preview":"max-image-preview:large","max-video-preview":"max-video-preview:-1"},"canonical":"https:\/\/com.rst-steel.eu\/nb\/terms-and-conditions\/","og_locale":"nb_NO","og_type":"article","og_title":"Terms and conditions - RST-Steel","og_description":"Terms and conditions \u00a0 By placing an order, you consent to the use of your personal data. Please see our privacy policy under the \u201cPrivacy Policy\u201d tab. \u00a0 Delivery terms in brief: All prices in the online store include the applicable VAT (except for wholesale store). Our products have a 14-day return policy. Returned products [&hellip;]","og_url":"https:\/\/com.rst-steel.eu\/nb\/terms-and-conditions\/","og_site_name":"RST-Steel","article_publisher":"https:\/\/www.facebook.com\/rststeel","article_modified_time":"2025-08-20T09:56:23+00:00","twitter_card":"summary_large_image","twitter_misc":{"Ansl. lesetid":"4 minutter"},"schema":{"@context":"https:\/\/schema.org","@graph":[{"@type":"WebPage","@id":"https:\/\/com.rst-steel.eu\/terms-and-conditions\/","url":"https:\/\/com.rst-steel.eu\/terms-and-conditions\/","name":"Terms and conditions - RST-Steel","isPartOf":{"@id":"https:\/\/com.rst-steel.eu\/#website"},"datePublished":"2025-08-20T09:44:37+00:00","dateModified":"2025-08-20T09:56:23+00:00","breadcrumb":{"@id":"https:\/\/com.rst-steel.eu\/terms-and-conditions\/#breadcrumb"},"inLanguage":"nb-NO","potentialAction":[{"@type":"ReadAction","target":["https:\/\/com.rst-steel.eu\/terms-and-conditions\/"]}]},{"@type":"BreadcrumbList","@id":"https:\/\/com.rst-steel.eu\/terms-and-conditions\/#breadcrumb","itemListElement":[{"@type":"ListItem","position":1,"name":"Home","item":"https:\/\/com.rst-steel.eu\/"},{"@type":"ListItem","position":2,"name":"Terms and conditions"}]},{"@type":"WebSite","@id":"https:\/\/com.rst-steel.eu\/#website","url":"https:\/\/com.rst-steel.eu\/","name":"RST-Steel.com","description":"Finsk kvalitetsst\u00e5l, for kvalitetsbevisste sj\u00e5f\u00f8rer","publisher":{"@id":"https:\/\/com.rst-steel.eu\/#organization"},"alternateName":"Safe and stylish RST-Steel quality","potentialAction":[{"@type":"SearchAction","target":{"@type":"EntryPoint","urlTemplate":"https:\/\/com.rst-steel.eu\/?s={search_term_string}"},"query-input":{"@type":"PropertyValueSpecification","valueRequired":true,"valueName":"search_term_string"}}],"inLanguage":"nb-NO"},{"@type":"Organization","@id":"https:\/\/com.rst-steel.eu\/#organization","name":"RST-Steel Oy","url":"https:\/\/com.rst-steel.eu\/","logo":{"@type":"ImageObject","inLanguage":"nb-NO","@id":"https:\/\/com.rst-steel.eu\/#\/schema\/logo\/image\/","url":"https:\/\/com.rst-steel.eu\/wp-content\/uploads\/2023\/04\/cropped-Rst-logo-valkoinen-teksti-3.png","contentUrl":"https:\/\/com.rst-steel.eu\/wp-content\/uploads\/2023\/04\/cropped-Rst-logo-valkoinen-teksti-3.png","width":512,"height":115,"caption":"RST-Steel Oy"},"image":{"@id":"https:\/\/com.rst-steel.eu\/#\/schema\/logo\/image\/"},"sameAs":["https:\/\/www.facebook.com\/rststeel","https:\/\/www.instagram.com\/rststeeloy\/"]}]}},"_links":{"self":[{"href":"https:\/\/com.rst-steel.eu\/nb\/wp-json\/wp\/v2\/pages\/13","targetHints":{"allow":["GET"]}}],"collection":[{"href":"https:\/\/com.rst-steel.eu\/nb\/wp-json\/wp\/v2\/pages"}],"about":[{"href":"https:\/\/com.rst-steel.eu\/nb\/wp-json\/wp\/v2\/types\/page"}],"author":[{"embeddable":true,"href":"https:\/\/com.rst-steel.eu\/nb\/wp-json\/wp\/v2\/users\/4"}],"replies":[{"embeddable":true,"href":"https:\/\/com.rst-steel.eu\/nb\/wp-json\/wp\/v2\/comments?post=13"}],"version-history":[{"count":0,"href":"https:\/\/com.rst-steel.eu\/nb\/wp-json\/wp\/v2\/pages\/13\/revisions"}],"wp:attachment":[{"href":"https:\/\/com.rst-steel.eu\/nb\/wp-json\/wp\/v2\/media?parent=13"}],"curies":[{"name":"wp","href":"https:\/\/api.w.org\/{rel}","templated":true}]}}